{"id":1119,"date":"2020-09-15T14:32:39","date_gmt":"2020-09-15T21:32:39","guid":{"rendered":"http:\/\/www.midvalleystem.org\/?page_id=1119"},"modified":"2022-08-17T15:09:32","modified_gmt":"2022-08-17T22:09:32","slug":"what-is-stem-cte","status":"publish","type":"page","link":"https:\/\/www.midvalleystem.org\/es\/what-is-stem-cte\/","title":{"rendered":"\u00bfQu\u00e9 es STEM y CTE?"},"content":{"rendered":"<div id=\"pl-1119\"  class=\"panel-layout\" ><div id=\"pg-1119-0\"  class=\"panel-grid panel-has-style\" ><div class=\"panel-row-style panel-row-style-for-1119-0\" ><div id=\"pgc-1119-0-0\"  class=\"panel-grid-cell\" ><div id=\"panel-1119-0-0-0\" class=\"so-panel widget widget_sow-image panel-first-child panel-last-child\" data-index=\"0\" ><div\n\t\t\t\n\t\t\tclass=\"so-widget-sow-image so-widget-sow-image-default-c67d20f9f743-1119\"\n\t\t\t\n\t\t>\n<div class=\"sow-image-container\">\n\t\t<img \n\tsrc=\"https:\/\/www.midvalleystem.org\/media\/sites\/2\/2020\/10\/STEM.jpg\" width=\"300\" height=\"200\" srcset=\"https:\/\/www.midvalleystem.org\/media\/sites\/2\/2020\/10\/STEM.jpg 300w, https:\/\/www.midvalleystem.org\/media\/sites\/2\/2020\/10\/STEM-250x167.jpg 250w, https:\/\/www.midvalleystem.org\/media\/sites\/2\/2020\/10\/STEM-120x80.jpg 120w, https:\/\/www.midvalleystem.org\/media\/sites\/2\/2020\/10\/STEM-272x182.jpg 272w\" sizes=\"(max-width: 300px) 100vw, 300px\" alt=\"Science, Technology, Engineering, and Math\" \t\tclass=\"so-widget-image\"\/>\n\t<\/div>\n\n<\/div><\/div><\/div><div id=\"pgc-1119-0-1\"  class=\"panel-grid-cell\" ><div id=\"panel-1119-0-1-0\" class=\"so-panel widget widget_sow-editor panel-first-child panel-last-child\" data-index=\"1\" ><div\n\t\t\t\n\t\t\tclass=\"so-widget-sow-editor so-widget-sow-editor-base\"\n\t\t\t\n\t\t>\n<div class=\"siteorigin-widget-tinymce textwidget\">\n\t<p><span style=\"font-weight: 400;\">CIENCIA, TECNOLOG\u00cdA, INGENIER\u00cdA Y MATEM\u00c1TICAS (STEM por sus siglas en ingl\u00e9s), el aprendizaje se enfoca en las \u00e1reas de contenido interconectadas con la ciencia, tecnolog\u00eda, ingenier\u00eda y matem\u00e1ticas y reconoce la importancia de la indagaci\u00f3n, la investigaci\u00f3n y la innovaci\u00f3n para impulsar nuestra econom\u00eda y hacer avanzar a nuestra sociedad. Necesitamos que nuestros futuros l\u00edderes, los estudiantes de hoy, tengan las experiencias pr\u00e1cticas del mundo real que los ayudar\u00e1n a desarrollar las habilidades necesarias para impulsar y prosperar en una econom\u00eda s\u00f3lida en la era de la informaci\u00f3n.<\/span><\/p>\n<\/div>\n<\/div><\/div><\/div><\/div><\/div><div id=\"pg-1119-1\"  class=\"panel-grid panel-no-style\" ><div id=\"pgc-1119-1-0\"  class=\"panel-grid-cell\" ><div id=\"panel-1119-1-0-0\" class=\"so-panel widget widget_sow-image panel-first-child panel-last-child\" data-index=\"2\" ><div\n\t\t\t\n\t\t\tclass=\"so-widget-sow-image so-widget-sow-image-default-c67d20f9f743-1119\"\n\t\t\t\n\t\t>\n<div class=\"sow-image-container\">\n\t\t<img \n\tsrc=\"https:\/\/www.midvalleystem.org\/media\/sites\/2\/2020\/10\/CTE.jpg\" width=\"300\" height=\"200\" srcset=\"https:\/\/www.midvalleystem.org\/media\/sites\/2\/2020\/10\/CTE.jpg 300w, https:\/\/www.midvalleystem.org\/media\/sites\/2\/2020\/10\/CTE-250x167.jpg 250w, https:\/\/www.midvalleystem.org\/media\/sites\/2\/2020\/10\/CTE-120x80.jpg 120w, https:\/\/www.midvalleystem.org\/media\/sites\/2\/2020\/10\/CTE-272x182.jpg 272w\" sizes=\"(max-width: 300px) 100vw, 300px\" alt=\"Career and Technical Education\" \t\tclass=\"so-widget-image\"\/>\n\t<\/div>\n\n<\/div><\/div><\/div><div id=\"pgc-1119-1-1\"  class=\"panel-grid-cell\" ><div id=\"panel-1119-1-1-0\" class=\"so-panel widget widget_sow-editor panel-first-child panel-last-child\" data-index=\"3\" ><div\n\t\t\t\n\t\t\tclass=\"so-widget-sow-editor so-widget-sow-editor-base\"\n\t\t\t\n\t\t>\n<div class=\"siteorigin-widget-tinymce textwidget\">\n\t<p><span style=\"font-weight: 400;\">Educaci\u00f3n T\u00e9cnico Profesional (CTE por sus siglas en ingl\u00e9s), es un aprendizaje vivencial enfocado en la carrera, que brinda a los estudiantes oportunidades para explorar carreras, adquirir habilidades del valor comercial y los prepara para estar listos para la universidad y carreras profesionales con una amplia gama de salarios elevados, alta cualificaci\u00f3n y carreras de alta demanda.<\/span><\/p>\n<\/div>\n<\/div><\/div><\/div><\/div><div id=\"pg-1119-2\"  class=\"panel-grid panel-has-style\" ><div class=\"panel-row-style panel-row-style-for-1119-2\" ><div id=\"pgc-1119-2-0\"  class=\"panel-grid-cell\" ><div id=\"panel-1119-2-0-0\" class=\"so-panel widget widget_sow-image panel-first-child panel-last-child\" data-index=\"4\" ><div\n\t\t\t\n\t\t\tclass=\"so-widget-sow-image so-widget-sow-image-default-c67d20f9f743-1119\"\n\t\t\t\n\t\t>\n<div class=\"sow-image-container\">\n\t\t<img \n\tsrc=\"https:\/\/www.midvalleystem.org\/media\/sites\/2\/2022\/08\/unnamed-6.png\" width=\"439\" height=\"271\" srcset=\"https:\/\/www.midvalleystem.org\/media\/sites\/2\/2022\/08\/unnamed-6.png 439w, https:\/\/www.midvalleystem.org\/media\/sites\/2\/2022\/08\/unnamed-6-250x154.png 250w, https:\/\/www.midvalleystem.org\/media\/sites\/2\/2022\/08\/unnamed-6-120x74.png 120w\" sizes=\"(max-width: 439px) 100vw, 439px\" title=\"unnamed (6)\" alt=\"STEM in Spanish\" \t\tclass=\"so-widget-image\"\/>\n\t<\/div>\n\n<\/div><\/div><\/div><div id=\"pgc-1119-2-1\"  class=\"panel-grid-cell\" ><div id=\"panel-1119-2-1-0\" class=\"so-panel widget widget_sow-editor panel-first-child panel-last-child\" data-index=\"5\" ><div\n\t\t\t\n\t\t\tclass=\"so-widget-sow-editor so-widget-sow-editor-base\"\n\t\t\t\n\t\t>\n<div class=\"siteorigin-widget-tinymce textwidget\">\n\t<p><span style=\"font-weight: 400;\">STEM y CTE son altamente complementarios. Comparten los resultados previstos, los enfoques de aprendizaje aplicados y la preparaci\u00f3n que ofrecen para carreras de alta demanda. En particular, tanto CTE como STEM involucran y motivan a los estudiantes a trav\u00e9s del aprendizaje pr\u00e1ctico en el mundo real; ambos perfeccionan la creatividad, el pensamiento cr\u00edtico, la resoluci\u00f3n de problemas, la comunicaci\u00f3n y el trabajo en equipo; y ambos preparan a los estudiantes para carreras bien remuneradas y futuros exitosos.<\/span><\/p>\n<\/div>\n<\/div><\/div><\/div><\/div><\/div><div id=\"pg-1119-3\"  class=\"panel-grid panel-no-style\" ><div id=\"pgc-1119-3-0\"  class=\"panel-grid-cell\" ><div id=\"panel-1119-3-0-0\" class=\"so-panel widget widget_sow-headline panel-first-child panel-last-child\" data-index=\"6\" ><div\n\t\t\t\n\t\t\tclass=\"so-widget-sow-headline so-widget-sow-headline-default-efda9107b7ff-1119\"\n\t\t\t\n\t\t><div class=\"sow-headline-container \">\n\t\t\t\t\t\t\t<h3 class=\"sow-headline\">\n\t\t\t\t\t\tProgramaci\u00f3n STEM\/CTE\t\t\t\t\t\t<\/h3>\n\t\t\t\t\t\t\t\t\t\t\t<div class=\"decoration\">\n\t\t\t\t\t\t<div class=\"decoration-inside\"><\/div>\n\t\t\t\t\t<\/div>\n\t\t\t\t\t<\/div>\n<\/div><\/div><\/div><\/div><div id=\"pg-1119-4\"  class=\"panel-grid panel-has-style\" ><div class=\"panel-row-style panel-row-style-for-1119-4\" ><div id=\"pgc-1119-4-0\"  class=\"panel-grid-cell\" ><div id=\"panel-1119-4-0-0\" class=\"so-panel widget widget_sow-image panel-first-child\" data-index=\"7\" ><div class=\"panel-widget-style panel-widget-style-for-1119-4-0-0\" ><div\n\t\t\t\n\t\t\tclass=\"so-widget-sow-image so-widget-sow-image-default-8b5b6f678277-1119\"\n\t\t\t\n\t\t>\n<div class=\"sow-image-container\">\n\t\t\t<a href=\"https:\/\/www.midvalleystem.org\/es\/un-paso-adelante\/\"\n\t\t\t\t\t>\n\t\t\t<img \n\tsrc=\"https:\/\/www.midvalleystem.org\/media\/sites\/2\/2021\/11\/ASA_Full_noline.png\" width=\"432\" height=\"442\" srcset=\"https:\/\/www.midvalleystem.org\/media\/sites\/2\/2021\/11\/ASA_Full_noline.png 432w, https:\/\/www.midvalleystem.org\/media\/sites\/2\/2021\/11\/ASA_Full_noline-250x256.png 250w, https:\/\/www.midvalleystem.org\/media\/sites\/2\/2021\/11\/ASA_Full_noline-120x123.png 120w\" sizes=\"(max-width: 432px) 100vw, 432px\" alt=\"\" \t\tclass=\"so-widget-image\"\/>\n\t\t\t<\/a><\/div>\n\n<\/div><\/div><\/div><div id=\"panel-1119-4-0-1\" class=\"so-panel widget widget_sow-headline panel-last-child\" data-index=\"8\" ><div class=\"panel-widget-style panel-widget-style-for-1119-4-0-1\" ><div\n\t\t\t\n\t\t\tclass=\"so-widget-sow-headline so-widget-sow-headline-default-c4deb9886730-1119\"\n\t\t\t\n\t\t><div class=\"sow-headline-container \">\n\t\t\t\t\t\t\t<h4 class=\"sow-headline\">\n\t\t\t\t\t\t\t\t\t\t\t\t\t<a href=\"https:\/\/www.midvalleystem.org\/es\/un-paso-adelante\/\" >\n\t\t\t\t\t\t\t\tUn paso adelante: videoteca<\/a>\t\t\t\t\t\t<\/h4>\n\t\t\t\t\t\t\t\t\t\t\t<div class=\"decoration\">\n\t\t\t\t\t\t<div class=\"decoration-inside\"><\/div>\n\t\t\t\t\t<\/div>\n\t\t\t\t\t<\/div>\n<\/div><\/div><\/div><\/div><div id=\"pgc-1119-4-1\"  class=\"panel-grid-cell\" ><div id=\"panel-1119-4-1-0\" class=\"so-panel widget widget_sow-image panel-first-child\" data-index=\"9\" ><div class=\"panel-widget-style panel-widget-style-for-1119-4-1-0\" ><div\n\t\t\t\n\t\t\tclass=\"so-widget-sow-image so-widget-sow-image-default-8b5b6f678277-1119\"\n\t\t\t\n\t\t>\n<div class=\"sow-image-container\">\n\t\t\t<a href=\"https:\/\/www.midvalleystem.org\/es\/closing-the-gap\/\"\n\t\t\t\t\t>\n\t\t\t<img \n\tsrc=\"https:\/\/www.midvalleystem.org\/media\/sites\/2\/2022\/08\/closing_the_gap_podcast_logo-1-e1660586769662.png\" width=\"600\" height=\"600\" srcset=\"https:\/\/www.midvalleystem.org\/media\/sites\/2\/2022\/08\/closing_the_gap_podcast_logo-1-e1660586769662.png 600w, https:\/\/www.midvalleystem.org\/media\/sites\/2\/2022\/08\/closing_the_gap_podcast_logo-1-e1660586769662-250x250.png 250w, https:\/\/www.midvalleystem.org\/media\/sites\/2\/2022\/08\/closing_the_gap_podcast_logo-1-e1660586769662-150x150.png 150w, https:\/\/www.midvalleystem.org\/media\/sites\/2\/2022\/08\/closing_the_gap_podcast_logo-1-e1660586769662-120x120.png 120w\" sizes=\"(max-width: 600px) 100vw, 600px\" title=\"closing_the_gap_podcast_logo (1)\" alt=\"Closing the Gap podcast logo\" \t\tclass=\"so-widget-image\"\/>\n\t\t\t<\/a><\/div>\n\n<\/div><\/div><\/div><div id=\"panel-1119-4-1-1\" class=\"so-panel widget widget_sow-headline panel-last-child\" data-index=\"10\" ><div class=\"panel-widget-style panel-widget-style-for-1119-4-1-1\" ><div\n\t\t\t\n\t\t\tclass=\"so-widget-sow-headline so-widget-sow-headline-default-c4deb9886730-1119\"\n\t\t\t\n\t\t><div class=\"sow-headline-container \">\n\t\t\t\t\t\t\t<h4 class=\"sow-headline\">\n\t\t\t\t\t\t\t\t\t\t\t\t\t<a href=\"https:\/\/www.midvalleystem.org\/es\/closing-the-gap\/\" >\n\t\t\t\t\t\t\t\tDisminuyendo las diferencias<\/a>\t\t\t\t\t\t<\/h4>\n\t\t\t\t\t\t\t\t\t\t\t<div class=\"decoration\">\n\t\t\t\t\t\t<div class=\"decoration-inside\"><\/div>\n\t\t\t\t\t<\/div>\n\t\t\t\t\t<\/div>\n<\/div><\/div><\/div><\/div><div id=\"pgc-1119-4-2\"  class=\"panel-grid-cell\" ><div id=\"panel-1119-4-2-0\" class=\"so-panel widget widget_sow-image panel-first-child\" data-index=\"11\" ><div class=\"panel-widget-style panel-widget-style-for-1119-4-2-0\" ><div\n\t\t\t\n\t\t\tclass=\"so-widget-sow-image so-widget-sow-image-default-8b5b6f678277-1119\"\n\t\t\t\n\t\t>\n<div class=\"sow-image-container\">\n\t\t<img \n\tsrc=\"https:\/\/www.midvalleystem.org\/media\/sites\/2\/2022\/08\/MILL-Logo-final_Mill-Logo-updated-e1660587195369.png\" width=\"600\" height=\"601\" srcset=\"https:\/\/www.midvalleystem.org\/media\/sites\/2\/2022\/08\/MILL-Logo-final_Mill-Logo-updated-e1660587195369.png 600w, https:\/\/www.midvalleystem.org\/media\/sites\/2\/2022\/08\/MILL-Logo-final_Mill-Logo-updated-e1660587195369-250x250.png 250w, https:\/\/www.midvalleystem.org\/media\/sites\/2\/2022\/08\/MILL-Logo-final_Mill-Logo-updated-e1660587195369-150x150.png 150w, https:\/\/www.midvalleystem.org\/media\/sites\/2\/2022\/08\/MILL-Logo-final_Mill-Logo-updated-e1660587195369-120x120.png 120w\" sizes=\"(max-width: 600px) 100vw, 600px\" title=\"MILL Logo final_Mill Logo updated\" alt=\"\" \t\tclass=\"so-widget-image\"\/>\n\t<\/div>\n\n<\/div><\/div><\/div><div id=\"panel-1119-4-2-1\" class=\"so-panel widget widget_sow-headline panel-last-child\" data-index=\"12\" ><div class=\"panel-widget-style panel-widget-style-for-1119-4-2-1\" ><div\n\t\t\t\n\t\t\tclass=\"so-widget-sow-headline so-widget-sow-headline-default-c4deb9886730-1119\"\n\t\t\t\n\t\t><div class=\"sow-headline-container \">\n\t\t\t\t\t\t\t<h4 class=\"sow-headline\">\n\t\t\t\t\t\tMILL\t\t\t\t\t\t<\/h4>\n\t\t\t\t\t\t\t\t\t\t\t<div class=\"decoration\">\n\t\t\t\t\t\t<div class=\"decoration-inside\"><\/div>\n\t\t\t\t\t<\/div>\n\t\t\t\t\t<\/div>\n<\/div><\/div><\/div><\/div><div id=\"pgc-1119-4-3\"  class=\"panel-grid-cell\" ><div id=\"panel-1119-4-3-0\" class=\"so-panel widget widget_sow-image panel-first-child\" data-index=\"13\" ><div class=\"panel-widget-style panel-widget-style-for-1119-4-3-0\" ><div\n\t\t\t\n\t\t\tclass=\"so-widget-sow-image so-widget-sow-image-default-8b5b6f678277-1119\"\n\t\t\t\n\t\t>\n<div class=\"sow-image-container\">\n\t\t\t<a href=\"https:\/\/www.midvalleystem.org\/es\/manufacturing-month-2020\/\"\n\t\t\t\t\t>\n\t\t\t<img \n\tsrc=\"https:\/\/www.midvalleystem.org\/media\/sites\/2\/2022\/08\/Manufacturing-Month-Logo-2020_Manufacturing-Month-Logo-Square_with-Logos-e1660587624320.jpg\" width=\"600\" height=\"600\" srcset=\"https:\/\/www.midvalleystem.org\/media\/sites\/2\/2022\/08\/Manufacturing-Month-Logo-2020_Manufacturing-Month-Logo-Square_with-Logos-e1660587624320.jpg 600w, https:\/\/www.midvalleystem.org\/media\/sites\/2\/2022\/08\/Manufacturing-Month-Logo-2020_Manufacturing-Month-Logo-Square_with-Logos-e1660587624320-250x250.jpg 250w, https:\/\/www.midvalleystem.org\/media\/sites\/2\/2022\/08\/Manufacturing-Month-Logo-2020_Manufacturing-Month-Logo-Square_with-Logos-e1660587624320-150x150.jpg 150w, https:\/\/www.midvalleystem.org\/media\/sites\/2\/2022\/08\/Manufacturing-Month-Logo-2020_Manufacturing-Month-Logo-Square_with-Logos-e1660587624320-120x120.jpg 120w\" sizes=\"(max-width: 600px) 100vw, 600px\" title=\"Manufacturing Month Logo 2020_Manufacturing Month Logo Square_with Logos\" alt=\"Manufacturing Month logo\" \t\tclass=\"so-widget-image\"\/>\n\t\t\t<\/a><\/div>\n\n<\/div><\/div><\/div><div id=\"panel-1119-4-3-1\" class=\"so-panel widget widget_sow-headline panel-last-child\" data-index=\"14\" ><div class=\"panel-widget-style panel-widget-style-for-1119-4-3-1\" ><div\n\t\t\t\n\t\t\tclass=\"so-widget-sow-headline so-widget-sow-headline-default-c4deb9886730-1119\"\n\t\t\t\n\t\t><div class=\"sow-headline-container \">\n\t\t\t\t\t\t\t<h4 class=\"sow-headline\">\n\t\t\t\t\t\t\t\t\t\t\t\t\t<a href=\"https:\/\/www.midvalleystem.org\/es\/manufacturing-month-2020\/\" >\n\t\t\t\t\t\t\t\tManufacturing Month 2020<\/a>\t\t\t\t\t\t<\/h4>\n\t\t\t\t\t\t\t\t\t\t\t<div class=\"decoration\">\n\t\t\t\t\t\t<div class=\"decoration-inside\"><\/div>\n\t\t\t\t\t<\/div>\n\t\t\t\t\t<\/div>\n<\/div><\/div><\/div><\/div><div id=\"pgc-1119-4-4\"  class=\"panel-grid-cell\" ><div id=\"panel-1119-4-4-0\" class=\"so-panel widget widget_sow-image panel-first-child\" data-index=\"15\" ><div class=\"panel-widget-style panel-widget-style-for-1119-4-4-0\" ><div\n\t\t\t\n\t\t\tclass=\"so-widget-sow-image so-widget-sow-image-default-8b5b6f678277-1119\"\n\t\t\t\n\t\t>\n<div class=\"sow-image-container\">\n\t\t\t<a href=\"https:\/\/www.midvalleystem.org\/es\/stem-week-or-2021\/\"\n\t\t\t\t\t>\n\t\t\t<img \n\tsrc=\"https:\/\/www.midvalleystem.org\/media\/sites\/2\/2022\/08\/168911352_755554578426547_5240329811525539796_n-e1660588122544.png\" width=\"600\" height=\"503\" srcset=\"https:\/\/www.midvalleystem.org\/media\/sites\/2\/2022\/08\/168911352_755554578426547_5240329811525539796_n-e1660588122544.png 600w, https:\/\/www.midvalleystem.org\/media\/sites\/2\/2022\/08\/168911352_755554578426547_5240329811525539796_n-e1660588122544-250x210.png 250w, https:\/\/www.midvalleystem.org\/media\/sites\/2\/2022\/08\/168911352_755554578426547_5240329811525539796_n-e1660588122544-120x101.png 120w\" sizes=\"(max-width: 600px) 100vw, 600px\" title=\"168911352_755554578426547_5240329811525539796_n\" alt=\"STEM Week 2021 graphic with rocket drawing\" \t\tclass=\"so-widget-image\"\/>\n\t\t\t<\/a><\/div>\n\n<\/div><\/div><\/div><div id=\"panel-1119-4-4-1\" class=\"so-panel widget widget_sow-headline panel-last-child\" data-index=\"16\" ><div class=\"panel-widget-style panel-widget-style-for-1119-4-4-1\" ><div\n\t\t\t\n\t\t\tclass=\"so-widget-sow-headline so-widget-sow-headline-default-c4deb9886730-1119\"\n\t\t\t\n\t\t><div class=\"sow-headline-container \">\n\t\t\t\t\t\t\t<h4 class=\"sow-headline\">\n\t\t\t\t\t\t\t\t\t\t\t\t\t<a href=\"https:\/\/www.midvalleystem.org\/es\/stem-week-or-2021\/\" >\n\t\t\t\t\t\t\t\tSTEM Week 2021<\/a>\t\t\t\t\t\t<\/h4>\n\t\t\t\t\t\t\t\t\t\t\t<div class=\"decoration\">\n\t\t\t\t\t\t<div class=\"decoration-inside\"><\/div>\n\t\t\t\t\t<\/div>\n\t\t\t\t\t<\/div>\n<\/div><\/div><\/div><\/div><\/div><\/div><\/div>","protected":false},"excerpt":{"rendered":"CIENCIA, TECNOLOG\u00cdA, INGENIER\u00cdA Y MATEM\u00c1TICAS (STEM por sus siglas en ingl\u00e9s), el aprendizaje se enfoca en las \u00e1reas de contenido interconectadas con la ciencia, tecnolog\u00eda, ingenier\u00eda y matem\u00e1ticas y reconoce [&hellip;]","protected":false},"author":2,"featured_media":3794,"parent":0,"menu_order":0,"comment_status":"closed","ping_status":"closed","template":"","meta":{"_acf_changed":false,"footnotes":""},"class_list":["post-1119","page","type-page","status-publish","has-post-thumbnail","hentry"],"acf":[],"yoast_head":"<!-- This site is optimized with the Yoast SEO plugin v26.8 - https:\/\/yoast.com\/product\/yoast-seo-wordpress\/ -->\n<title>\u00bfQu\u00e9 es STEM y CTE? - Mid-Valley STEM-CTE Hub - Espa\u00f1ol<\/title>\n<meta name=\"description\" content=\"Our Hub focuses on the interconnected content areas of science, technology, engineering, and math that will help them develop the skills.\" \/>\n<meta name=\"robots\" content=\"index, follow, max-snippet:-1, max-image-preview:large, max-video-preview:-1\" \/>\n<link rel=\"canonical\" href=\"https:\/\/www.midvalleystem.org\/es\/what-is-stem-cte\/\" \/>\n<meta property=\"og:locale\" content=\"en_US\" \/>\n<meta property=\"og:type\" content=\"article\" \/>\n<meta property=\"og:title\" content=\"\u00bfQu\u00e9 es STEM y CTE? - Mid-Valley STEM-CTE Hub - Espa\u00f1ol\" \/>\n<meta property=\"og:description\" content=\"Our Hub focuses on the interconnected content areas of science, technology, engineering, and math that will help them develop the skills.\" \/>\n<meta property=\"og:url\" content=\"https:\/\/www.midvalleystem.org\/es\/what-is-stem-cte\/\" \/>\n<meta property=\"og:site_name\" content=\"Mid-Valley STEM-CTE Hub - Espa\u00f1ol\" \/>\n<meta property=\"article:modified_time\" content=\"2022-08-17T22:09:32+00:00\" \/>\n<meta property=\"og:image\" content=\"https:\/\/www.midvalleystem.org\/media\/sites\/2\/2021\/01\/welder_featured.jpg\" \/>\n\t<meta property=\"og:image:width\" content=\"1350\" \/>\n\t<meta property=\"og:image:height\" content=\"650\" \/>\n\t<meta property=\"og:image:type\" content=\"image\/jpeg\" \/>\n<meta name=\"twitter:card\" content=\"summary_large_image\" \/>\n<meta name=\"twitter:label1\" content=\"Est. reading time\" \/>\n\t<meta name=\"twitter:data1\" content=\"2 minutes\" \/>\n<script type=\"application\/ld+json\" class=\"yoast-schema-graph\">{\"@context\":\"https:\/\/schema.org\",\"@graph\":[{\"@type\":\"WebPage\",\"@id\":\"https:\/\/www.midvalleystem.org\/es\/what-is-stem-cte\/\",\"url\":\"https:\/\/www.midvalleystem.org\/es\/what-is-stem-cte\/\",\"name\":\"\u00bfQu\u00e9 es STEM y CTE? - Mid-Valley STEM-CTE Hub - Espa\u00f1ol\",\"isPartOf\":{\"@id\":\"https:\/\/www.midvalleystem.org\/es\/#website\"},\"primaryImageOfPage\":{\"@id\":\"https:\/\/www.midvalleystem.org\/es\/what-is-stem-cte\/#primaryimage\"},\"image\":{\"@id\":\"https:\/\/www.midvalleystem.org\/es\/what-is-stem-cte\/#primaryimage\"},\"thumbnailUrl\":\"https:\/\/www.midvalleystem.org\/media\/sites\/2\/2021\/01\/welder_featured.jpg\",\"datePublished\":\"2020-09-15T21:32:39+00:00\",\"dateModified\":\"2022-08-17T22:09:32+00:00\",\"description\":\"Our Hub focuses on the interconnected content areas of science, technology, engineering, and math that will help them develop the skills.\",\"breadcrumb\":{\"@id\":\"https:\/\/www.midvalleystem.org\/es\/what-is-stem-cte\/#breadcrumb\"},\"inLanguage\":\"en-US\",\"potentialAction\":[{\"@type\":\"ReadAction\",\"target\":[\"https:\/\/www.midvalleystem.org\/es\/what-is-stem-cte\/\"]}]},{\"@type\":\"ImageObject\",\"inLanguage\":\"en-US\",\"@id\":\"https:\/\/www.midvalleystem.org\/es\/what-is-stem-cte\/#primaryimage\",\"url\":\"https:\/\/www.midvalleystem.org\/media\/sites\/2\/2021\/01\/welder_featured.jpg\",\"contentUrl\":\"https:\/\/www.midvalleystem.org\/media\/sites\/2\/2021\/01\/welder_featured.jpg\",\"width\":1350,\"height\":650,\"caption\":\"Welding student\"},{\"@type\":\"BreadcrumbList\",\"@id\":\"https:\/\/www.midvalleystem.org\/es\/what-is-stem-cte\/#breadcrumb\",\"itemListElement\":[{\"@type\":\"ListItem\",\"position\":1,\"name\":\"Home\",\"item\":\"https:\/\/www.midvalleystem.org\/es\/\"},{\"@type\":\"ListItem\",\"position\":2,\"name\":\"\u00bfQu\u00e9 es STEM y CTE?\"}]},{\"@type\":\"WebSite\",\"@id\":\"https:\/\/www.midvalleystem.org\/es\/#website\",\"url\":\"https:\/\/www.midvalleystem.org\/es\/\",\"name\":\"Mid-Valley STEM-CTE Hub - Espa\u00f1ol\",\"description\":\"\",\"potentialAction\":[{\"@type\":\"SearchAction\",\"target\":{\"@type\":\"EntryPoint\",\"urlTemplate\":\"https:\/\/www.midvalleystem.org\/es\/?s={search_term_string}\"},\"query-input\":{\"@type\":\"PropertyValueSpecification\",\"valueRequired\":true,\"valueName\":\"search_term_string\"}}],\"inLanguage\":\"en-US\"}]}<\/script>\n<!-- \/ Yoast SEO plugin. -->","yoast_head_json":{"title":"\u00bfQu\u00e9 es STEM y CTE? - Mid-Valley STEM-CTE Hub - Espa\u00f1ol","description":"Our Hub focuses on the interconnected content areas of science, technology, engineering, and math that will help them develop the skills.","robots":{"index":"index","follow":"follow","max-snippet":"max-snippet:-1","max-image-preview":"max-image-preview:large","max-video-preview":"max-video-preview:-1"},"canonical":"https:\/\/www.midvalleystem.org\/es\/what-is-stem-cte\/","og_locale":"en_US","og_type":"article","og_title":"\u00bfQu\u00e9 es STEM y CTE? - Mid-Valley STEM-CTE Hub - Espa\u00f1ol","og_description":"Our Hub focuses on the interconnected content areas of science, technology, engineering, and math that will help them develop the skills.","og_url":"https:\/\/www.midvalleystem.org\/es\/what-is-stem-cte\/","og_site_name":"Mid-Valley STEM-CTE Hub - Espa\u00f1ol","article_modified_time":"2022-08-17T22:09:32+00:00","og_image":[{"width":1350,"height":650,"url":"https:\/\/www.midvalleystem.org\/media\/sites\/2\/2021\/01\/welder_featured.jpg","type":"image\/jpeg"}],"twitter_card":"summary_large_image","twitter_misc":{"Est. reading time":"2 minutes"},"schema":{"@context":"https:\/\/schema.org","@graph":[{"@type":"WebPage","@id":"https:\/\/www.midvalleystem.org\/es\/what-is-stem-cte\/","url":"https:\/\/www.midvalleystem.org\/es\/what-is-stem-cte\/","name":"\u00bfQu\u00e9 es STEM y CTE? - Mid-Valley STEM-CTE Hub - Espa\u00f1ol","isPartOf":{"@id":"https:\/\/www.midvalleystem.org\/es\/#website"},"primaryImageOfPage":{"@id":"https:\/\/www.midvalleystem.org\/es\/what-is-stem-cte\/#primaryimage"},"image":{"@id":"https:\/\/www.midvalleystem.org\/es\/what-is-stem-cte\/#primaryimage"},"thumbnailUrl":"https:\/\/www.midvalleystem.org\/media\/sites\/2\/2021\/01\/welder_featured.jpg","datePublished":"2020-09-15T21:32:39+00:00","dateModified":"2022-08-17T22:09:32+00:00","description":"Our Hub focuses on the interconnected content areas of science, technology, engineering, and math that will help them develop the skills.","breadcrumb":{"@id":"https:\/\/www.midvalleystem.org\/es\/what-is-stem-cte\/#breadcrumb"},"inLanguage":"en-US","potentialAction":[{"@type":"ReadAction","target":["https:\/\/www.midvalleystem.org\/es\/what-is-stem-cte\/"]}]},{"@type":"ImageObject","inLanguage":"en-US","@id":"https:\/\/www.midvalleystem.org\/es\/what-is-stem-cte\/#primaryimage","url":"https:\/\/www.midvalleystem.org\/media\/sites\/2\/2021\/01\/welder_featured.jpg","contentUrl":"https:\/\/www.midvalleystem.org\/media\/sites\/2\/2021\/01\/welder_featured.jpg","width":1350,"height":650,"caption":"Welding student"},{"@type":"BreadcrumbList","@id":"https:\/\/www.midvalleystem.org\/es\/what-is-stem-cte\/#breadcrumb","itemListElement":[{"@type":"ListItem","position":1,"name":"Home","item":"https:\/\/www.midvalleystem.org\/es\/"},{"@type":"ListItem","position":2,"name":"\u00bfQu\u00e9 es STEM y CTE?"}]},{"@type":"WebSite","@id":"https:\/\/www.midvalleystem.org\/es\/#website","url":"https:\/\/www.midvalleystem.org\/es\/","name":"Mid-Valley STEM-CTE Hub - Espa\u00f1ol","description":"","potentialAction":[{"@type":"SearchAction","target":{"@type":"EntryPoint","urlTemplate":"https:\/\/www.midvalleystem.org\/es\/?s={search_term_string}"},"query-input":{"@type":"PropertyValueSpecification","valueRequired":true,"valueName":"search_term_string"}}],"inLanguage":"en-US"}]}},"_links":{"self":[{"href":"https:\/\/www.midvalleystem.org\/es\/wp-json\/wp\/v2\/pages\/1119","targetHints":{"allow":["GET"]}}],"collection":[{"href":"https:\/\/www.midvalleystem.org\/es\/wp-json\/wp\/v2\/pages"}],"about":[{"href":"https:\/\/www.midvalleystem.org\/es\/wp-json\/wp\/v2\/types\/page"}],"author":[{"embeddable":true,"href":"https:\/\/www.midvalleystem.org\/es\/wp-json\/wp\/v2\/users\/2"}],"replies":[{"embeddable":true,"href":"https:\/\/www.midvalleystem.org\/es\/wp-json\/wp\/v2\/comments?post=1119"}],"version-history":[{"count":3,"href":"https:\/\/www.midvalleystem.org\/es\/wp-json\/wp\/v2\/pages\/1119\/revisions"}],"predecessor-version":[{"id":7514,"href":"https:\/\/www.midvalleystem.org\/es\/wp-json\/wp\/v2\/pages\/1119\/revisions\/7514"}],"wp:featuredmedia":[{"embeddable":true,"href":"https:\/\/www.midvalleystem.org\/es\/wp-json\/wp\/v2\/media\/3794"}],"wp:attachment":[{"href":"https:\/\/www.midvalleystem.org\/es\/wp-json\/wp\/v2\/media?parent=1119"}],"curies":[{"name":"wp","href":"https:\/\/api.w.org\/{rel}","templated":true}]}}