{"id":1439,"date":"2020-09-18T11:53:32","date_gmt":"2020-09-18T18:53:32","guid":{"rendered":"http:\/\/www.midvalleystem.org\/?page_id=1439"},"modified":"2022-07-18T17:50:52","modified_gmt":"2022-07-19T00:50:52","slug":"oregon-connections","status":"publish","type":"page","link":"https:\/\/www.midvalleystem.org\/es\/oregon-connections\/","title":{"rendered":"Oregon Connections"},"content":{"rendered":"<div id=\"pl-1439\"  class=\"panel-layout\" ><div id=\"pg-1439-0\"  class=\"panel-grid panel-has-style\" ><div class=\"panel-row-style panel-row-style-for-1439-0\" ><div id=\"pgc-1439-0-0\"  class=\"panel-grid-cell\" ><div id=\"panel-1439-0-0-0\" class=\"so-panel widget widget_sow-headline panel-first-child panel-last-child\" data-index=\"0\" ><div\n\t\t\t\n\t\t\tclass=\"so-widget-sow-headline so-widget-sow-headline-default-6f3c4ab8f8ce-1439\"\n\t\t\t\n\t\t><div class=\"sow-headline-container \">\n\t\t\t\t\t\t\t<h4 class=\"sow-headline\">\n\t\t\t\t\t\tOregon Connections \/ Nepris\t\t\t\t\t\t<\/h4>\n\t\t\t\t\t\t<\/div>\n<\/div><\/div><\/div><\/div><\/div><div id=\"pg-1439-1\"  class=\"panel-grid panel-no-style\" ><div id=\"pgc-1439-1-0\"  class=\"panel-grid-cell\" ><div id=\"panel-1439-1-0-0\" class=\"so-panel widget widget_sow-editor panel-first-child panel-last-child\" data-index=\"1\" ><div\n\t\t\t\n\t\t\tclass=\"so-widget-sow-editor so-widget-sow-editor-base\"\n\t\t\t\n\t\t>\n<div class=\"siteorigin-widget-tinymce textwidget\">\n\t<p><span style=\"font-weight: 400;\">La organizaci\u00f3n Mid-Valley STEM-CTE Hub, se complace en anunciar que nos hemos asociado con <\/span><a href=\"https:\/\/oregonconnections.nepris.com\/home\/v4\"><b>Oregon Connections<\/b><\/a><span style=\"font-weight: 400;\">, una comunidad social que conecta a educadores y estudiantes con una base de datos global de redes y profesionales y expertos de la industria, para brindar <\/span><b>acceso completo<\/b><span style=\"font-weight: 400;\"> a su plataforma para las escuelas p\u00fablicas en nuestra regi\u00f3n <\/span><b>GRATIS<\/b><span style=\"font-weight: 400;\">.<\/span><\/p>\n<p><b>Obtenga su acceso gratuito a la licencia del sitio<\/b><\/p>\n<p><span style=\"font-weight: 400;\">\u00bfEst\u00e1 interesado en obtener acceso a la colecci\u00f3n completa de las charlas de la industria de Oregon Connections? Cont\u00e1ctenos en <\/span><a href=\"mailto:midvalleystemctehub@gmail.com\"><b>midvalleystemctehub@gmail.com<\/b><\/a><span style=\"font-weight: 400;\">. Una vez que recibamos su correo electr\u00f3nico, le daremos acceso y le responderemos con instrucciones sobre c\u00f3mo comenzar.<\/span><\/p>\n<\/div>\n<\/div><\/div><\/div><div id=\"pgc-1439-1-1\"  class=\"panel-grid-cell panel-grid-cell-empty\" ><\/div><div id=\"pgc-1439-1-2\"  class=\"panel-grid-cell\" ><div id=\"panel-1439-1-2-0\" class=\"so-panel widget widget_sow-video panel-first-child panel-last-child\" data-index=\"2\" ><div\n\t\t\t\n\t\t\tclass=\"so-widget-sow-video so-widget-sow-video-default-f379b959fc93-1439\"\n\t\t\t\n\t\t>\n<div class=\"sow-video-wrapper\n\">\n\t\t\t<video\n\t\t\tid=\"sow-player-1\" class=\"sow-video-widget\" preload=\"auto\" style=\"width:100%;height:100%;\" controls \t\t>\n\t\t\t\t\t\t\t<source type=\"\" src=\"https:\/\/www.youtube.com\/watch?v=ZEFX1LfR3Hw&#038;ab_channel=NeprisApp\"\/>\n\t\t\t\t\t<\/video>\n\t<\/div>\n<\/div><\/div><\/div><\/div><div id=\"pg-1439-2\"  class=\"panel-grid panel-no-style\" ><div id=\"pgc-1439-2-0\"  class=\"panel-grid-cell\" ><div id=\"panel-1439-2-0-0\" class=\"so-panel widget widget_sow-image panel-first-child panel-last-child\" data-index=\"3\" ><div\n\t\t\t\n\t\t\tclass=\"so-widget-sow-image so-widget-sow-image-default-8b5b6f678277-1439\"\n\t\t\t\n\t\t>\n<div class=\"sow-image-container\">\n\t\t<img \n\tsrc=\"https:\/\/www.midvalleystem.org\/media\/sites\/2\/2020\/09\/Screenshot-2020-09-18-at-11.02.12-AM-e1600453164504.jpg\" width=\"740\" height=\"553\" srcset=\"https:\/\/www.midvalleystem.org\/media\/sites\/2\/2020\/09\/Screenshot-2020-09-18-at-11.02.12-AM-e1600453164504.jpg 740w, https:\/\/www.midvalleystem.org\/media\/sites\/2\/2020\/09\/Screenshot-2020-09-18-at-11.02.12-AM-e1600453164504-250x187.jpg 250w, https:\/\/www.midvalleystem.org\/media\/sites\/2\/2020\/09\/Screenshot-2020-09-18-at-11.02.12-AM-e1600453164504-700x523.jpg 700w, https:\/\/www.midvalleystem.org\/media\/sites\/2\/2020\/09\/Screenshot-2020-09-18-at-11.02.12-AM-e1600453164504-120x90.jpg 120w\" sizes=\"(max-width: 740px) 100vw, 740px\" title=\"Screenshot 2020-09-18 at 11.02.12 AM\" alt=\"Video thumbnails\" \t\tclass=\"so-widget-image\"\/>\n\t<\/div>\n\n<\/div><\/div><\/div><div id=\"pgc-1439-2-1\"  class=\"panel-grid-cell panel-grid-cell-empty\" ><\/div><div id=\"pgc-1439-2-2\"  class=\"panel-grid-cell\" ><div id=\"panel-1439-2-2-0\" class=\"so-panel widget widget_sow-editor panel-first-child panel-last-child\" data-index=\"4\" ><div\n\t\t\t\n\t\t\tclass=\"so-widget-sow-editor so-widget-sow-editor-base\"\n\t\t\t\n\t\t>\n<div class=\"siteorigin-widget-tinymce textwidget\">\n\t<p><b>\u00a1Visite Oregon Connections para participar en charlas de la industria!<\/b><\/p>\n<p><span style=\"font-weight: 400;\">Una vez que obtenga acceso a su sitio, tiene las opciones de unirse a una charla virtual ofrecido por la industria, solicitar un orador invitado virtual para su sal\u00f3n de clases, explorar y ver videos de la industria y explorar caminos profesionales.<\/span><\/p>\n<p><span style=\"font-weight: 400;\">Recomendamos comenzar navegando por la <\/span><a href=\"https:\/\/oregonconnections.nepris.com\/sessions\/videos\"><b>Videoteca<\/b><\/a><span style=\"font-weight: 400;\">. Con su acceso al sitio, podr\u00e1 compartir videos individuales o una lista de reproducci\u00f3n de videos con sus estudiantes <\/span><i><span style=\"font-weight: 400;\">(Sugerencia: use los filtros en el lado izquierdo de la p\u00e1gina).<\/span><\/i><\/p>\n<p><span style=\"font-weight: 400;\">Consulte los enlaces a continuaci\u00f3n para encontrar videos de inter\u00e9s para su sal\u00f3n de clases:<\/span><\/p>\n<ul>\n<li style=\"font-weight: 400;\" aria-level=\"1\"><span style=\"font-weight: 400;\">Listas de reproducci\u00f3n de videos de Nepris: <\/span><a href=\"https:\/\/nam02.safelinks.protection.outlook.com\/?url=https%3A%2F%2Foregonconnections.nepris.com%2Fshare%2Fplay%2Flist%2F8944f33a-34d9-4380-886b-ae99ad70a0e9&amp;data=02%7C01%7CPenny.Jahraus%40oit.edu%7Cbafbfc62dd3046693ae608d7cfa2f9af%7Cf4db50f235d14e0694e2167755273558%7C0%7C0%7C637206171214596245&amp;sdata=%2B1%2FPvteSlGotORlrm0dHHoPTfjnGM2owkLw%2FgQ9UpJE%3D&amp;reserved=0\"><b>Kinder-2<\/b><\/a><b>,\u00a0<\/b><a href=\"https:\/\/nam02.safelinks.protection.outlook.com\/?url=https%3A%2F%2Foregonconnections.nepris.com%2Fshare%2Fplay%2Flist%2F7c974050-a910-4ead-9007-e243997acdab&amp;data=02%7C01%7CPenny.Jahraus%40oit.edu%7Cbafbfc62dd3046693ae608d7cfa2f9af%7Cf4db50f235d14e0694e2167755273558%7C0%7C0%7C637206171214606241&amp;sdata=4Xb2MJlx5pv2GglfPAw6G7G32gWn%2BdB5PYaRh0UlOmY%3D&amp;reserved=0\"><b>3-5<\/b><\/a><b>,\u00a0<\/b><a href=\"https:\/\/nam02.safelinks.protection.outlook.com\/?url=https%3A%2F%2Foregonconnections.nepris.com%2Fshare%2Fplay%2Flist%2Fca4f0561-4518-4773-bb06-33260115c632&amp;data=02%7C01%7CPenny.Jahraus%40oit.edu%7Cbafbfc62dd3046693ae608d7cfa2f9af%7Cf4db50f235d14e0694e2167755273558%7C0%7C0%7C637206171214606241&amp;sdata=jYoPtL8m0VS9C4FRVY5ksUBA4kJ7l8RyS6SoURSlX9E%3D&amp;reserved=0\"><b>6-8<\/b><\/a><b>,\u00a0<\/b><a href=\"https:\/\/nam02.safelinks.protection.outlook.com\/?url=https%3A%2F%2Foregonconnections.nepris.com%2Fshare%2Fplay%2Flist%2F53459d8b-8015-463a-acab-8c5847f13175&amp;data=02%7C01%7CPenny.Jahraus%40oit.edu%7Cbafbfc62dd3046693ae608d7cfa2f9af%7Cf4db50f235d14e0694e2167755273558%7C0%7C0%7C637206171214606241&amp;sdata=h%2BZ917cw0z2s5dvZFvxhMU1xXpqSinrKOFii2Strhj0%3D&amp;reserved=0\"><b>9-12<\/b><\/a><b>,\u00a0<\/b><a href=\"https:\/\/nam02.safelinks.protection.outlook.com\/?url=https%3A%2F%2Foregonconnections.nepris.com%2Fshare%2Fplay%2Flist%2F1f39ff39-1348-4e44-bd6b-1a6f8527e611&amp;data=02%7C01%7CPenny.Jahraus%40oit.edu%7Cbafbfc62dd3046693ae608d7cfa2f9af%7Cf4db50f235d14e0694e2167755273558%7C0%7C0%7C637206171214616231&amp;sdata=K3ecf%2BYcY33t7ceynCa0anpiaIr7%2BFjgcz%2BRf4ZGzy8%3D&amp;reserved=0\"><b>recorridos virtuales<\/b><\/a><\/li>\n<li style=\"font-weight: 400;\" aria-level=\"1\"><span style=\"font-weight: 400;\">Recomendaciones en video por maestros de Oregon: <\/span><a href=\"https:\/\/docs.google.com\/document\/d\/1hl8GrNdJEpeT2V0HkMXCitW9t5Y-JIHdIVBQYeoUqu4\/edit?usp=sharing\"><b>Primaria<\/b><\/a><span style=\"font-weight: 400;\">, <\/span><a href=\"https:\/\/docs.google.com\/document\/d\/1_9dzeroWz0aM0K-HeMpP1Y_XLJmYJRDOh8VU40RBIBQ\/edit?usp=sharing\"><b>Secundaria<\/b><\/a><span style=\"font-weight: 400;\">,\u00a0<\/span><a href=\"https:\/\/docs.google.com\/document\/d\/196SZT7GL2BrYyadT2wzlEa_v-LPVCzWHVQuRx3R9PAc\/edit?usp=sharing\"><b>Preparatoria<\/b><\/a><\/li>\n<li style=\"font-weight: 400;\" aria-level=\"1\"><span style=\"font-weight: 400;\">\u00danase a una <\/span><a href=\"https:\/\/oregonconnections.nepris.com\/sessions\/upcoming\"><b>Pr\u00f3xima charla de la industria<\/b><\/a><\/li>\n<\/ul>\n<p><span style=\"font-weight: 400;\">Comparta la <\/span><a href=\"https:\/\/oregonconnections.nepris.com\/misc\/careersearch\"><b>Exploraci\u00f3n de Carreras<\/b><\/a><span style=\"font-weight: 400;\"> con los estudiantes<\/span><\/p>\n<\/div>\n<\/div><\/div><\/div><\/div><\/div>","protected":false},"excerpt":{"rendered":"La organizaci\u00f3n Mid-Valley STEM-CTE Hub, se complace en anunciar que nos hemos asociado con Oregon Connections, una comunidad social que conecta a educadores y estudiantes con una base de datos [&hellip;]","protected":false},"author":3,"featured_media":3824,"parent":0,"menu_order":0,"comment_status":"closed","ping_status":"closed","template":"","meta":{"_acf_changed":false,"footnotes":""},"class_list":["post-1439","page","type-page","status-publish","has-post-thumbnail","hentry"],"acf":[],"yoast_head":"<!-- This site is optimized with the Yoast SEO plugin v26.8 - https:\/\/yoast.com\/product\/yoast-seo-wordpress\/ -->\n<title>Oregon Connections - Mid-Valley STEM-CTE Hub - Espa\u00f1ol<\/title>\n<meta name=\"description\" content=\"MVSCH have partnered with Oregon Connections to provide full access to their platform for public schools in our region for FREE.\" \/>\n<meta name=\"robots\" content=\"index, follow, max-snippet:-1, max-image-preview:large, max-video-preview:-1\" \/>\n<link rel=\"canonical\" href=\"https:\/\/www.midvalleystem.org\/es\/oregon-connections\/\" \/>\n<meta property=\"og:locale\" content=\"en_US\" \/>\n<meta property=\"og:type\" content=\"article\" \/>\n<meta property=\"og:title\" content=\"Oregon Connections - Mid-Valley STEM-CTE Hub - Espa\u00f1ol\" \/>\n<meta property=\"og:description\" content=\"MVSCH have partnered with Oregon Connections to provide full access to their platform for public schools in our region for FREE.\" \/>\n<meta property=\"og:url\" content=\"https:\/\/www.midvalleystem.org\/es\/oregon-connections\/\" \/>\n<meta property=\"og:site_name\" content=\"Mid-Valley STEM-CTE Hub - Espa\u00f1ol\" \/>\n<meta property=\"article:modified_time\" content=\"2022-07-19T00:50:52+00:00\" \/>\n<meta property=\"og:image\" content=\"https:\/\/www.midvalleystem.org\/media\/sites\/2\/2021\/01\/orc_featured.jpg\" \/>\n\t<meta property=\"og:image:width\" content=\"1350\" \/>\n\t<meta property=\"og:image:height\" content=\"650\" \/>\n\t<meta property=\"og:image:type\" content=\"image\/jpeg\" \/>\n<meta name=\"twitter:card\" content=\"summary_large_image\" \/>\n<meta name=\"twitter:label1\" content=\"Est. reading time\" \/>\n\t<meta name=\"twitter:data1\" content=\"2 minutes\" \/>\n<script type=\"application\/ld+json\" class=\"yoast-schema-graph\">{\"@context\":\"https:\/\/schema.org\",\"@graph\":[{\"@type\":\"WebPage\",\"@id\":\"https:\/\/www.midvalleystem.org\/es\/oregon-connections\/\",\"url\":\"https:\/\/www.midvalleystem.org\/es\/oregon-connections\/\",\"name\":\"Oregon Connections - Mid-Valley STEM-CTE Hub - Espa\u00f1ol\",\"isPartOf\":{\"@id\":\"https:\/\/www.midvalleystem.org\/es\/#website\"},\"primaryImageOfPage\":{\"@id\":\"https:\/\/www.midvalleystem.org\/es\/oregon-connections\/#primaryimage\"},\"image\":{\"@id\":\"https:\/\/www.midvalleystem.org\/es\/oregon-connections\/#primaryimage\"},\"thumbnailUrl\":\"https:\/\/www.midvalleystem.org\/media\/sites\/2\/2021\/01\/orc_featured.jpg\",\"datePublished\":\"2020-09-18T18:53:32+00:00\",\"dateModified\":\"2022-07-19T00:50:52+00:00\",\"description\":\"MVSCH have partnered with Oregon Connections to provide full access to their platform for public schools in our region for FREE.\",\"breadcrumb\":{\"@id\":\"https:\/\/www.midvalleystem.org\/es\/oregon-connections\/#breadcrumb\"},\"inLanguage\":\"en-US\",\"potentialAction\":[{\"@type\":\"ReadAction\",\"target\":[\"https:\/\/www.midvalleystem.org\/es\/oregon-connections\/\"]}]},{\"@type\":\"ImageObject\",\"inLanguage\":\"en-US\",\"@id\":\"https:\/\/www.midvalleystem.org\/es\/oregon-connections\/#primaryimage\",\"url\":\"https:\/\/www.midvalleystem.org\/media\/sites\/2\/2021\/01\/orc_featured.jpg\",\"contentUrl\":\"https:\/\/www.midvalleystem.org\/media\/sites\/2\/2021\/01\/orc_featured.jpg\",\"width\":1350,\"height\":650},{\"@type\":\"BreadcrumbList\",\"@id\":\"https:\/\/www.midvalleystem.org\/es\/oregon-connections\/#breadcrumb\",\"itemListElement\":[{\"@type\":\"ListItem\",\"position\":1,\"name\":\"Home\",\"item\":\"https:\/\/www.midvalleystem.org\/es\/\"},{\"@type\":\"ListItem\",\"position\":2,\"name\":\"Oregon Connections\"}]},{\"@type\":\"WebSite\",\"@id\":\"https:\/\/www.midvalleystem.org\/es\/#website\",\"url\":\"https:\/\/www.midvalleystem.org\/es\/\",\"name\":\"Mid-Valley STEM-CTE Hub - Espa\u00f1ol\",\"description\":\"\",\"potentialAction\":[{\"@type\":\"SearchAction\",\"target\":{\"@type\":\"EntryPoint\",\"urlTemplate\":\"https:\/\/www.midvalleystem.org\/es\/?s={search_term_string}\"},\"query-input\":{\"@type\":\"PropertyValueSpecification\",\"valueRequired\":true,\"valueName\":\"search_term_string\"}}],\"inLanguage\":\"en-US\"}]}<\/script>\n<!-- \/ Yoast SEO plugin. -->","yoast_head_json":{"title":"Oregon Connections - Mid-Valley STEM-CTE Hub - Espa\u00f1ol","description":"MVSCH have partnered with Oregon Connections to provide full access to their platform for public schools in our region for FREE.","robots":{"index":"index","follow":"follow","max-snippet":"max-snippet:-1","max-image-preview":"max-image-preview:large","max-video-preview":"max-video-preview:-1"},"canonical":"https:\/\/www.midvalleystem.org\/es\/oregon-connections\/","og_locale":"en_US","og_type":"article","og_title":"Oregon Connections - Mid-Valley STEM-CTE Hub - Espa\u00f1ol","og_description":"MVSCH have partnered with Oregon Connections to provide full access to their platform for public schools in our region for FREE.","og_url":"https:\/\/www.midvalleystem.org\/es\/oregon-connections\/","og_site_name":"Mid-Valley STEM-CTE Hub - Espa\u00f1ol","article_modified_time":"2022-07-19T00:50:52+00:00","og_image":[{"width":1350,"height":650,"url":"https:\/\/www.midvalleystem.org\/media\/sites\/2\/2021\/01\/orc_featured.jpg","type":"image\/jpeg"}],"twitter_card":"summary_large_image","twitter_misc":{"Est. reading time":"2 minutes"},"schema":{"@context":"https:\/\/schema.org","@graph":[{"@type":"WebPage","@id":"https:\/\/www.midvalleystem.org\/es\/oregon-connections\/","url":"https:\/\/www.midvalleystem.org\/es\/oregon-connections\/","name":"Oregon Connections - Mid-Valley STEM-CTE Hub - Espa\u00f1ol","isPartOf":{"@id":"https:\/\/www.midvalleystem.org\/es\/#website"},"primaryImageOfPage":{"@id":"https:\/\/www.midvalleystem.org\/es\/oregon-connections\/#primaryimage"},"image":{"@id":"https:\/\/www.midvalleystem.org\/es\/oregon-connections\/#primaryimage"},"thumbnailUrl":"https:\/\/www.midvalleystem.org\/media\/sites\/2\/2021\/01\/orc_featured.jpg","datePublished":"2020-09-18T18:53:32+00:00","dateModified":"2022-07-19T00:50:52+00:00","description":"MVSCH have partnered with Oregon Connections to provide full access to their platform for public schools in our region for FREE.","breadcrumb":{"@id":"https:\/\/www.midvalleystem.org\/es\/oregon-connections\/#breadcrumb"},"inLanguage":"en-US","potentialAction":[{"@type":"ReadAction","target":["https:\/\/www.midvalleystem.org\/es\/oregon-connections\/"]}]},{"@type":"ImageObject","inLanguage":"en-US","@id":"https:\/\/www.midvalleystem.org\/es\/oregon-connections\/#primaryimage","url":"https:\/\/www.midvalleystem.org\/media\/sites\/2\/2021\/01\/orc_featured.jpg","contentUrl":"https:\/\/www.midvalleystem.org\/media\/sites\/2\/2021\/01\/orc_featured.jpg","width":1350,"height":650},{"@type":"BreadcrumbList","@id":"https:\/\/www.midvalleystem.org\/es\/oregon-connections\/#breadcrumb","itemListElement":[{"@type":"ListItem","position":1,"name":"Home","item":"https:\/\/www.midvalleystem.org\/es\/"},{"@type":"ListItem","position":2,"name":"Oregon Connections"}]},{"@type":"WebSite","@id":"https:\/\/www.midvalleystem.org\/es\/#website","url":"https:\/\/www.midvalleystem.org\/es\/","name":"Mid-Valley STEM-CTE Hub - Espa\u00f1ol","description":"","potentialAction":[{"@type":"SearchAction","target":{"@type":"EntryPoint","urlTemplate":"https:\/\/www.midvalleystem.org\/es\/?s={search_term_string}"},"query-input":{"@type":"PropertyValueSpecification","valueRequired":true,"valueName":"search_term_string"}}],"inLanguage":"en-US"}]}},"_links":{"self":[{"href":"https:\/\/www.midvalleystem.org\/es\/wp-json\/wp\/v2\/pages\/1439","targetHints":{"allow":["GET"]}}],"collection":[{"href":"https:\/\/www.midvalleystem.org\/es\/wp-json\/wp\/v2\/pages"}],"about":[{"href":"https:\/\/www.midvalleystem.org\/es\/wp-json\/wp\/v2\/types\/page"}],"author":[{"embeddable":true,"href":"https:\/\/www.midvalleystem.org\/es\/wp-json\/wp\/v2\/users\/3"}],"replies":[{"embeddable":true,"href":"https:\/\/www.midvalleystem.org\/es\/wp-json\/wp\/v2\/comments?post=1439"}],"version-history":[{"count":3,"href":"https:\/\/www.midvalleystem.org\/es\/wp-json\/wp\/v2\/pages\/1439\/revisions"}],"predecessor-version":[{"id":7464,"href":"https:\/\/www.midvalleystem.org\/es\/wp-json\/wp\/v2\/pages\/1439\/revisions\/7464"}],"wp:featuredmedia":[{"embeddable":true,"href":"https:\/\/www.midvalleystem.org\/es\/wp-json\/wp\/v2\/media\/3824"}],"wp:attachment":[{"href":"https:\/\/www.midvalleystem.org\/es\/wp-json\/wp\/v2\/media?parent=1439"}],"curies":[{"name":"wp","href":"https:\/\/api.w.org\/{rel}","templated":true}]}}