{"id":1514,"date":"2020-09-20T22:59:58","date_gmt":"2020-09-21T05:59:58","guid":{"rendered":"http:\/\/www.midvalleystem.org\/?page_id=1514"},"modified":"2026-04-01T17:37:27","modified_gmt":"2026-04-02T00:37:27","slug":"sign-up","status":"publish","type":"page","link":"https:\/\/www.midvalleystem.org\/es\/sign-up\/","title":{"rendered":"\u00a1Suscr\u00edbase para recibir nuestro bolet\u00edn de noticias!"},"content":{"rendered":"<div id=\"pl-1514\"  class=\"panel-layout\" ><div id=\"pg-1514-0\"  class=\"panel-grid panel-has-style\" ><div class=\"panel-row-style panel-row-style-for-1514-0\" ><div id=\"pgc-1514-0-0\"  class=\"panel-grid-cell\" ><div id=\"panel-1514-0-0-0\" class=\"so-panel widget widget_sow-headline panel-first-child panel-last-child\" data-index=\"0\" ><div\n\t\t\t\n\t\t\tclass=\"so-widget-sow-headline so-widget-sow-headline-default-4f48b85259b6-1514\"\n\t\t\t\n\t\t><div class=\"sow-headline-container \">\n\t\t\t\t\t\t\t<h5 class=\"sow-headline\">\n\t\t\t\t\t\tConsulte los boletines anteriores aqu\u00ed:\t\t\t\t\t\t<\/h5>\n\t\t\t\t\t\t<\/div>\n<\/div><\/div><\/div><\/div><\/div><div id=\"pg-1514-1\"  class=\"panel-grid panel-has-style\" ><div class=\"panel-row-style panel-row-style-for-1514-1\" ><div id=\"pgc-1514-1-0\"  class=\"panel-grid-cell panel-grid-cell-mobile-last\" ><div id=\"panel-1514-1-0-0\" class=\"so-panel widget widget_sow-editor panel-first-child panel-last-child\" data-index=\"1\" ><div\n\t\t\t\n\t\t\tclass=\"so-widget-sow-editor so-widget-sow-editor-base\"\n\t\t\t\n\t\t>\n<div class=\"siteorigin-widget-tinymce textwidget\">\n\t<p>&nbsp;<\/p>\n<ul>\n<li><strong><a href=\"https:\/\/conta.cc\/47ylZXE\" target=\"_blank\" rel=\"noopener\">Bolet\u00edn Mensual: abril de 2026<\/a><\/strong><\/li>\n<li><a href=\"https:\/\/conta.cc\/4rN2Ysh\" target=\"_blank\" rel=\"noopener\"><strong>Bolet\u00edn Mensual: marzo de 2026<\/strong><\/a><\/li>\n<li><a href=\"https:\/\/conta.cc\/467qIyw\" target=\"_blank\" rel=\"noopener\"><strong>Bolet\u00edn Mensual: febrero de 2026<\/strong><\/a><\/li>\n<li><a href=\"https:\/\/conta.cc\/3MYFLnI\" target=\"_blank\" rel=\"noopener\"><strong>Bolet\u00edn Mensual: enero de 2026<\/strong><\/a><\/li>\n<li><a href=\"https:\/\/conta.cc\/4ad1jGP\" target=\"_blank\" rel=\"noopener\"><strong>Bolet\u00edn Mensual: diciembre<\/strong><strong>\u00a0de 2025<\/strong><\/a><\/li>\n<li><a href=\"https:\/\/conta.cc\/49wMmi9\" target=\"_blank\" rel=\"noopener\"><strong>Bolet\u00edn Mensual: noviembre<\/strong><strong>\u00a0de 2025<\/strong><\/a><\/li>\n<li><a href=\"https:\/\/conta.cc\/3KriQAd\" target=\"_blank\" rel=\"noopener\"><strong>Bolet\u00edn Mensual: octubre<\/strong><strong>\u00a0de 2025<\/strong><\/a><\/li>\n<li><a href=\"https:\/\/conta.cc\/3UYd7nj\" target=\"_blank\" rel=\"noopener\"><b>Bolet\u00edn Mensual: septiembre de 2025<\/b><\/a><\/li>\n<li><a href=\"https:\/\/conta.cc\/45oShSW\" target=\"_blank\" rel=\"noopener\"><strong>Bolet\u00edn Mensual: agosto de 2025<\/strong><\/a><\/li>\n<li><a href=\"https:\/\/conta.cc\/3Ia4EKE\" target=\"_blank\" rel=\"noopener\"><strong>Bolet\u00edn Mensual: julio de 2025<\/strong><\/a><\/li>\n<li><a href=\"https:\/\/conta.cc\/3Suxg3c\" target=\"_blank\" rel=\"noopener\"><strong>Bolet\u00edn Mensual: junio de 2025<\/strong><\/a><\/li>\n<li><a href=\"https:\/\/conta.cc\/433AG1O\" target=\"_blank\" rel=\"noopener\"><strong>Bolet\u00edn Mensual: mayo de 2025<\/strong><\/a><\/li>\n<li><a href=\"https:\/\/conta.cc\/42fdxJf\" target=\"_blank\" rel=\"noopener\"><strong>Bolet\u00edn Mensual: abril de 2025<\/strong><\/a><\/li>\n<li><a href=\"https:\/\/conta.cc\/3D5vi5m\" target=\"_blank\" rel=\"noopener\"><strong>Bolet\u00edn Mensual: marzo de 2025<\/strong><\/a><\/li>\n<li><a href=\"https:\/\/conta.cc\/40MWFZG\" target=\"_blank\" rel=\"noopener\"><strong>Bolet\u00edn Mensual: febrero de 2025<\/strong><\/a><\/li>\n<li><a href=\"https:\/\/conta.cc\/3Ccqtq9\" target=\"_blank\" rel=\"noopener\"><strong>Bolet\u00edn Mensual: enero de 2025<\/strong><\/a><\/li>\n<\/ul>\n<h2><a href=\"https:\/\/www.midvalleystem.org\/es\/archivo-de-boletines-2\/\" target=\"_blank\" rel=\"noopener\">Archivo de boletines<\/a><\/h2>\n<\/div>\n<\/div><\/div><\/div><div id=\"pgc-1514-1-1\"  class=\"panel-grid-cell panel-grid-cell-empty\" ><\/div><\/div><\/div><div id=\"pg-1514-2\"  class=\"panel-grid panel-has-style\" ><div class=\"panel-row-style panel-row-style-for-1514-2\" ><div id=\"pgc-1514-2-0\"  class=\"panel-grid-cell\" ><div id=\"panel-1514-2-0-0\" class=\"so-panel widget widget_sow-headline panel-first-child\" data-index=\"2\" ><div\n\t\t\t\n\t\t\tclass=\"so-widget-sow-headline so-widget-sow-headline-default-4f48b85259b6-1514\"\n\t\t\t\n\t\t><div class=\"sow-headline-container \">\n\t\t\t\t\t\t\t<h5 class=\"sow-headline\">\n\t\t\t\t\t\t\u00a1Suscr\u00edbase a nuestro bolet\u00edn mensual!\t\t\t\t\t\t<\/h5>\n\t\t\t\t\t\t<\/div>\n<\/div><\/div><div id=\"panel-1514-2-0-1\" class=\"widget_text so-panel widget widget_custom_html panel-last-child\" data-index=\"3\" ><div class=\"textwidget custom-html-widget\"><!-- Begin Constant Contact Inline Form Code -->\n<div class=\"ctct-inline-form\" data-form-id=\"e4ef9eb4-c09a-4f15-bd97-8eab6fee9518\"><\/div>\n<!-- End Constant Contact Inline Form Code -->\n\n<!-- Begin Constant Contact Active Forms -->\n<script> var _ctct_m = \"19a6e78bf2d35b2a6fbac11c0c237d72\"; <\/script>\n<script id=\"signupScript\" src=\"\/\/static.ctctcdn.com\/js\/signup-form-widget\/current\/signup-form-widget.min.js\" async defer><\/script>\n<!-- End Constant Contact Active Forms --><\/div><\/div><\/div><\/div><\/div><div id=\"pg-1514-3\"  class=\"panel-grid panel-has-style\" ><div class=\"panel-row-style panel-row-style-for-1514-3\" ><div id=\"pgc-1514-3-0\"  class=\"panel-grid-cell\" ><div id=\"panel-1514-3-0-0\" class=\"so-panel widget widget_sow-editor panel-first-child panel-last-child\" data-index=\"4\" ><div\n\t\t\t\n\t\t\tclass=\"so-widget-sow-editor so-widget-sow-editor-base\"\n\t\t\t\n\t\t>\n<div class=\"siteorigin-widget-tinymce textwidget\">\n\t<h3><a href=\"https:\/\/www.midvalleystem.org\/es\/archivo-de-boletines\/\">Archivo de boletines<\/a><\/h3>\n<\/div>\n<\/div><\/div><\/div><\/div><\/div><\/div>","protected":false},"excerpt":{"rendered":"&nbsp; Bolet\u00edn Mensual: abril de 2026 Bolet\u00edn Mensual: marzo de 2026 Bolet\u00edn Mensual: febrero de 2026 Bolet\u00edn Mensual: enero de 2026 Bolet\u00edn Mensual: diciembre\u00a0de 2025 Bolet\u00edn Mensual: noviembre\u00a0de 2025 Bolet\u00edn [&hellip;]","protected":false},"author":3,"featured_media":0,"parent":0,"menu_order":0,"comment_status":"closed","ping_status":"closed","template":"","meta":{"_acf_changed":false,"footnotes":""},"class_list":["post-1514","page","type-page","status-publish","hentry"],"acf":[],"yoast_head":"<!-- This site is optimized with the Yoast SEO plugin v26.8 - https:\/\/yoast.com\/product\/yoast-seo-wordpress\/ -->\n<title>\u00a1Suscr\u00edbase para recibir nuestro bolet\u00edn de noticias! - Mid-Valley STEM-CTE Hub - Espa\u00f1ol<\/title>\n<meta name=\"description\" content=\"\u00a1 Suscr\u00edbase para recibir nuestro bolet\u00edn de noticias!\" \/>\n<meta name=\"robots\" content=\"index, follow, max-snippet:-1, max-image-preview:large, max-video-preview:-1\" \/>\n<link rel=\"canonical\" href=\"https:\/\/www.midvalleystem.org\/es\/sign-up\/\" \/>\n<meta property=\"og:locale\" content=\"en_US\" \/>\n<meta property=\"og:type\" content=\"article\" \/>\n<meta property=\"og:title\" content=\"\u00a1Suscr\u00edbase para recibir nuestro bolet\u00edn de noticias! - Mid-Valley STEM-CTE Hub - Espa\u00f1ol\" \/>\n<meta property=\"og:description\" content=\"\u00a1 Suscr\u00edbase para recibir nuestro bolet\u00edn de noticias!\" \/>\n<meta property=\"og:url\" content=\"https:\/\/www.midvalleystem.org\/es\/sign-up\/\" \/>\n<meta property=\"og:site_name\" content=\"Mid-Valley STEM-CTE Hub - Espa\u00f1ol\" \/>\n<meta property=\"article:modified_time\" content=\"2026-04-02T00:37:27+00:00\" \/>\n<meta name=\"twitter:card\" content=\"summary_large_image\" \/>\n<meta name=\"twitter:label1\" content=\"Est. reading time\" \/>\n\t<meta name=\"twitter:data1\" content=\"1 minute\" \/>\n<script type=\"application\/ld+json\" class=\"yoast-schema-graph\">{\"@context\":\"https:\/\/schema.org\",\"@graph\":[{\"@type\":\"WebPage\",\"@id\":\"https:\/\/www.midvalleystem.org\/es\/sign-up\/\",\"url\":\"https:\/\/www.midvalleystem.org\/es\/sign-up\/\",\"name\":\"\u00a1Suscr\u00edbase para recibir nuestro bolet\u00edn de noticias! - Mid-Valley STEM-CTE Hub - Espa\u00f1ol\",\"isPartOf\":{\"@id\":\"https:\/\/www.midvalleystem.org\/es\/#website\"},\"datePublished\":\"2020-09-21T05:59:58+00:00\",\"dateModified\":\"2026-04-02T00:37:27+00:00\",\"description\":\"\u00a1 Suscr\u00edbase para recibir nuestro bolet\u00edn de noticias!\",\"breadcrumb\":{\"@id\":\"https:\/\/www.midvalleystem.org\/es\/sign-up\/#breadcrumb\"},\"inLanguage\":\"en-US\",\"potentialAction\":[{\"@type\":\"ReadAction\",\"target\":[\"https:\/\/www.midvalleystem.org\/es\/sign-up\/\"]}]},{\"@type\":\"BreadcrumbList\",\"@id\":\"https:\/\/www.midvalleystem.org\/es\/sign-up\/#breadcrumb\",\"itemListElement\":[{\"@type\":\"ListItem\",\"position\":1,\"name\":\"Home\",\"item\":\"https:\/\/www.midvalleystem.org\/es\/\"},{\"@type\":\"ListItem\",\"position\":2,\"name\":\"\u00a1Suscr\u00edbase para recibir nuestro bolet\u00edn de noticias!\"}]},{\"@type\":\"WebSite\",\"@id\":\"https:\/\/www.midvalleystem.org\/es\/#website\",\"url\":\"https:\/\/www.midvalleystem.org\/es\/\",\"name\":\"Mid-Valley STEM-CTE Hub - Espa\u00f1ol\",\"description\":\"\",\"potentialAction\":[{\"@type\":\"SearchAction\",\"target\":{\"@type\":\"EntryPoint\",\"urlTemplate\":\"https:\/\/www.midvalleystem.org\/es\/?s={search_term_string}\"},\"query-input\":{\"@type\":\"PropertyValueSpecification\",\"valueRequired\":true,\"valueName\":\"search_term_string\"}}],\"inLanguage\":\"en-US\"}]}<\/script>\n<!-- \/ Yoast SEO plugin. -->","yoast_head_json":{"title":"\u00a1Suscr\u00edbase para recibir nuestro bolet\u00edn de noticias! - Mid-Valley STEM-CTE Hub - Espa\u00f1ol","description":"\u00a1 Suscr\u00edbase para recibir nuestro bolet\u00edn de noticias!","robots":{"index":"index","follow":"follow","max-snippet":"max-snippet:-1","max-image-preview":"max-image-preview:large","max-video-preview":"max-video-preview:-1"},"canonical":"https:\/\/www.midvalleystem.org\/es\/sign-up\/","og_locale":"en_US","og_type":"article","og_title":"\u00a1Suscr\u00edbase para recibir nuestro bolet\u00edn de noticias! - Mid-Valley STEM-CTE Hub - Espa\u00f1ol","og_description":"\u00a1 Suscr\u00edbase para recibir nuestro bolet\u00edn de noticias!","og_url":"https:\/\/www.midvalleystem.org\/es\/sign-up\/","og_site_name":"Mid-Valley STEM-CTE Hub - Espa\u00f1ol","article_modified_time":"2026-04-02T00:37:27+00:00","twitter_card":"summary_large_image","twitter_misc":{"Est. reading time":"1 minute"},"schema":{"@context":"https:\/\/schema.org","@graph":[{"@type":"WebPage","@id":"https:\/\/www.midvalleystem.org\/es\/sign-up\/","url":"https:\/\/www.midvalleystem.org\/es\/sign-up\/","name":"\u00a1Suscr\u00edbase para recibir nuestro bolet\u00edn de noticias! - Mid-Valley STEM-CTE Hub - Espa\u00f1ol","isPartOf":{"@id":"https:\/\/www.midvalleystem.org\/es\/#website"},"datePublished":"2020-09-21T05:59:58+00:00","dateModified":"2026-04-02T00:37:27+00:00","description":"\u00a1 Suscr\u00edbase para recibir nuestro bolet\u00edn de noticias!","breadcrumb":{"@id":"https:\/\/www.midvalleystem.org\/es\/sign-up\/#breadcrumb"},"inLanguage":"en-US","potentialAction":[{"@type":"ReadAction","target":["https:\/\/www.midvalleystem.org\/es\/sign-up\/"]}]},{"@type":"BreadcrumbList","@id":"https:\/\/www.midvalleystem.org\/es\/sign-up\/#breadcrumb","itemListElement":[{"@type":"ListItem","position":1,"name":"Home","item":"https:\/\/www.midvalleystem.org\/es\/"},{"@type":"ListItem","position":2,"name":"\u00a1Suscr\u00edbase para recibir nuestro bolet\u00edn de noticias!"}]},{"@type":"WebSite","@id":"https:\/\/www.midvalleystem.org\/es\/#website","url":"https:\/\/www.midvalleystem.org\/es\/","name":"Mid-Valley STEM-CTE Hub - Espa\u00f1ol","description":"","potentialAction":[{"@type":"SearchAction","target":{"@type":"EntryPoint","urlTemplate":"https:\/\/www.midvalleystem.org\/es\/?s={search_term_string}"},"query-input":{"@type":"PropertyValueSpecification","valueRequired":true,"valueName":"search_term_string"}}],"inLanguage":"en-US"}]}},"_links":{"self":[{"href":"https:\/\/www.midvalleystem.org\/es\/wp-json\/wp\/v2\/pages\/1514","targetHints":{"allow":["GET"]}}],"collection":[{"href":"https:\/\/www.midvalleystem.org\/es\/wp-json\/wp\/v2\/pages"}],"about":[{"href":"https:\/\/www.midvalleystem.org\/es\/wp-json\/wp\/v2\/types\/page"}],"author":[{"embeddable":true,"href":"https:\/\/www.midvalleystem.org\/es\/wp-json\/wp\/v2\/users\/3"}],"replies":[{"embeddable":true,"href":"https:\/\/www.midvalleystem.org\/es\/wp-json\/wp\/v2\/comments?post=1514"}],"version-history":[{"count":3,"href":"https:\/\/www.midvalleystem.org\/es\/wp-json\/wp\/v2\/pages\/1514\/revisions"}],"predecessor-version":[{"id":8417,"href":"https:\/\/www.midvalleystem.org\/es\/wp-json\/wp\/v2\/pages\/1514\/revisions\/8417"}],"wp:attachment":[{"href":"https:\/\/www.midvalleystem.org\/es\/wp-json\/wp\/v2\/media?parent=1514"}],"curies":[{"name":"wp","href":"https:\/\/api.w.org\/{rel}","templated":true}]}}