{"id":1692,"date":"2020-09-30T22:43:13","date_gmt":"2020-10-01T05:43:13","guid":{"rendered":"http:\/\/www.midvalleystem.org\/?page_id=1692"},"modified":"2022-07-19T10:21:59","modified_gmt":"2022-07-19T17:21:59","slug":"respuesta-por-covid-19","status":"publish","type":"page","link":"https:\/\/www.midvalleystem.org\/es\/respuesta-por-covid-19\/","title":{"rendered":"Respuesta por Covid 19"},"content":{"rendered":"<div id=\"pl-1692\"  class=\"panel-layout\" ><div id=\"pg-1692-0\"  class=\"panel-grid panel-has-style\" ><div class=\"panel-row-style panel-row-style-for-1692-0\" ><div id=\"pgc-1692-0-0\"  class=\"panel-grid-cell\" ><div id=\"panel-1692-0-0-0\" class=\"so-panel widget widget_sow-headline panel-first-child panel-last-child\" data-index=\"0\" ><div\n\t\t\t\n\t\t\tclass=\"so-widget-sow-headline so-widget-sow-headline-default-6f3c4ab8f8ce-1692\"\n\t\t\t\n\t\t><div class=\"sow-headline-container \">\n\t\t\t\t\t\t\t<h4 class=\"sow-headline\">\n\t\t\t\t\t\tMid-Valley STEM-CTE Hub y las micro becas para maestros y empresas\t\t\t\t\t\t<\/h4>\n\t\t\t\t\t\t<\/div>\n<\/div><\/div><\/div><\/div><\/div><div id=\"pg-1692-1\"  class=\"panel-grid panel-no-style\" ><div id=\"pgc-1692-1-0\"  class=\"panel-grid-cell\" ><div id=\"panel-1692-1-0-0\" class=\"so-panel widget widget_sow-editor panel-first-child panel-last-child\" data-index=\"1\" ><div\n\t\t\t\n\t\t\tclass=\"so-widget-sow-editor so-widget-sow-editor-base\"\n\t\t\t\n\t\t>\n<div class=\"siteorigin-widget-tinymce textwidget\">\n\t<p><span style=\"font-weight: 400;\">Existe amplia evidencia de que la pandemia por COVID, est\u00e1 ampliando las brechas sist\u00e9micas de educaci\u00f3n y desigualdad existentes. Nuestro objetivo es trabajar con los maestros para crear planes inclusivos, para reducir las barreras y apoyar a los estudiantes.<\/span><\/p>\n<p><span style=\"font-weight: 400;\">Las micro becas de Mid-Valley STEM-CTE Hub (MVSCH por sus siglas en ingl\u00e9s), financiaron proyectos o iniciativas relacionados con STEM-CTE centrados en la equidad, especialmente para aquellos m\u00e1s alejados de la oportunidad.<\/span><\/p>\n<p><span style=\"font-weight: 400;\">\u00a0<\/span><\/p>\n<p><b>Con la conclusi\u00f3n de nuestra tercera y \u00faltima ronda, hemos apoyado un total de 108 proyectos por un total de $257,492.98.<\/b><\/p>\n<p>&nbsp;<\/p>\n<p><i><span style=\"font-weight: 400;\">Estas micro becas son posibles gracias a Mid-Valley STEM-CTE Hub, con fondos y apoyo del Departamento de Educaci\u00f3n de Oreg\u00f3n, la Fundaci\u00f3n de la Familia Ford, la Fundaci\u00f3n Comunitaria de Oreg\u00f3n y la Fundaci\u00f3n John y Ginger Niemeyer.<\/span><\/i><\/p>\n<\/div>\n<\/div><\/div><\/div><div id=\"pgc-1692-1-1\"  class=\"panel-grid-cell\" ><div id=\"panel-1692-1-1-0\" class=\"so-panel widget widget_sow-image panel-first-child panel-last-child\" data-index=\"2\" ><div\n\t\t\t\n\t\t\tclass=\"so-widget-sow-image so-widget-sow-image-default-8b5b6f678277-1692\"\n\t\t\t\n\t\t>\n<div class=\"sow-image-container\">\n\t\t<img \n\tsrc=\"https:\/\/www.midvalleystem.org\/media\/sites\/2\/2022\/07\/Microgrants_es_Microgrants_es-768x644.png\" width=\"768\" height=\"644\" srcset=\"https:\/\/www.midvalleystem.org\/media\/sites\/2\/2022\/07\/Microgrants_es_Microgrants_es-768x644.png 768w, https:\/\/www.midvalleystem.org\/media\/sites\/2\/2022\/07\/Microgrants_es_Microgrants_es-250x210.png 250w, https:\/\/www.midvalleystem.org\/media\/sites\/2\/2022\/07\/Microgrants_es_Microgrants_es-700x587.png 700w, https:\/\/www.midvalleystem.org\/media\/sites\/2\/2022\/07\/Microgrants_es_Microgrants_es-120x101.png 120w, https:\/\/www.midvalleystem.org\/media\/sites\/2\/2022\/07\/Microgrants_es_Microgrants_es.png 1470w\" sizes=\"(max-width: 768px) 100vw, 768px\" alt=\"Robot on table next to tool box\" \t\tclass=\"so-widget-image\"\/>\n\t<\/div>\n\n<\/div><\/div><\/div><\/div><div id=\"pg-1692-2\"  class=\"panel-grid panel-has-style\" ><div class=\"panel-row-style panel-row-style-for-1692-2\" ><div id=\"pgc-1692-2-0\"  class=\"panel-grid-cell\" ><div id=\"panel-1692-2-0-0\" class=\"so-panel widget widget_sow-headline panel-first-child panel-last-child\" data-index=\"3\" ><div\n\t\t\t\n\t\t\tclass=\"so-widget-sow-headline so-widget-sow-headline-default-6f3c4ab8f8ce-1692\"\n\t\t\t\n\t\t><div class=\"sow-headline-container \">\n\t\t\t\t\t\t\t<h4 class=\"sow-headline\">\n\t\t\t\t\t\tInformes de otorgamiento\t\t\t\t\t\t<\/h4>\n\t\t\t\t\t\t<\/div>\n<\/div><\/div><\/div><\/div><\/div><div id=\"pg-1692-3\"  class=\"panel-grid panel-no-style\" ><div id=\"pgc-1692-3-0\"  class=\"panel-grid-cell\" ><div id=\"panel-1692-3-0-0\" class=\"so-panel widget widget_sow-image panel-first-child panel-last-child\" data-index=\"4\" ><div class=\"panel-widget-style panel-widget-style-for-1692-3-0-0\" ><div\n\t\t\t\n\t\t\tclass=\"so-widget-sow-image so-widget-sow-image-default-8b5b6f678277-1692\"\n\t\t\t\n\t\t>\n<div class=\"sow-image-container\">\n\t\t\t<a href=\"https:\/\/www.midvalleystem.org\/microgrants-1st-round-report\/\"\n\t\t\t\t\t>\n\t\t\t<img \n\tsrc=\"https:\/\/www.midvalleystem.org\/media\/sites\/2\/2021\/06\/Microgrants_1stRound_Report-700x906.jpg\" width=\"300\" height=\"388\" srcset=\"https:\/\/www.midvalleystem.org\/media\/sites\/2\/2021\/06\/Microgrants_1stRound_Report-700x906.jpg 700w, https:\/\/www.midvalleystem.org\/media\/sites\/2\/2021\/06\/Microgrants_1stRound_Report-250x324.jpg 250w, https:\/\/www.midvalleystem.org\/media\/sites\/2\/2021\/06\/Microgrants_1stRound_Report-768x994.jpg 768w, https:\/\/www.midvalleystem.org\/media\/sites\/2\/2021\/06\/Microgrants_1stRound_Report-1187x1536.jpg 1187w, https:\/\/www.midvalleystem.org\/media\/sites\/2\/2021\/06\/Microgrants_1stRound_Report-120x155.jpg 120w, https:\/\/www.midvalleystem.org\/media\/sites\/2\/2021\/06\/Microgrants_1stRound_Report.jpg 1545w\" sizes=\"(max-width: 300px) 100vw, 300px\" alt=\"Microgrants 1st Round Report cover\" \t\tclass=\"so-widget-image\"\/>\n\t\t\t<\/a><\/div>\n\n<\/div><\/div><\/div><\/div><div id=\"pgc-1692-3-1\"  class=\"panel-grid-cell\" ><div id=\"panel-1692-3-1-0\" class=\"so-panel widget widget_sow-image panel-first-child panel-last-child\" data-index=\"5\" ><div class=\"panel-widget-style panel-widget-style-for-1692-3-1-0\" ><div\n\t\t\t\n\t\t\tclass=\"so-widget-sow-image so-widget-sow-image-default-8b5b6f678277-1692\"\n\t\t\t\n\t\t>\n<div class=\"sow-image-container\">\n\t\t\t<a href=\"https:\/\/www.midvalleystem.org\/microgrants-2nd-round-report\/\"\n\t\t\t\t\t>\n\t\t\t<img \n\tsrc=\"https:\/\/www.midvalleystem.org\/media\/sites\/2\/2021\/06\/Microgrants_2ndRound_Report-700x906.jpg\" width=\"300\" height=\"388\" srcset=\"https:\/\/www.midvalleystem.org\/media\/sites\/2\/2021\/06\/Microgrants_2ndRound_Report-700x906.jpg 700w, https:\/\/www.midvalleystem.org\/media\/sites\/2\/2021\/06\/Microgrants_2ndRound_Report-250x324.jpg 250w, https:\/\/www.midvalleystem.org\/media\/sites\/2\/2021\/06\/Microgrants_2ndRound_Report-768x994.jpg 768w, https:\/\/www.midvalleystem.org\/media\/sites\/2\/2021\/06\/Microgrants_2ndRound_Report-1187x1536.jpg 1187w, https:\/\/www.midvalleystem.org\/media\/sites\/2\/2021\/06\/Microgrants_2ndRound_Report-120x155.jpg 120w, https:\/\/www.midvalleystem.org\/media\/sites\/2\/2021\/06\/Microgrants_2ndRound_Report.jpg 1545w\" sizes=\"(max-width: 300px) 100vw, 300px\" alt=\"Microgrants 2nd Round Report Cover\" \t\tclass=\"so-widget-image\"\/>\n\t\t\t<\/a><\/div>\n\n<\/div><\/div><\/div><\/div><div id=\"pgc-1692-3-2\"  class=\"panel-grid-cell\" ><div id=\"panel-1692-3-2-0\" class=\"so-panel widget widget_sow-image panel-first-child panel-last-child\" data-index=\"6\" ><div class=\"panel-widget-style panel-widget-style-for-1692-3-2-0\" ><div\n\t\t\t\n\t\t\tclass=\"so-widget-sow-image so-widget-sow-image-default-8b5b6f678277-1692\"\n\t\t\t\n\t\t>\n<div class=\"sow-image-container\">\n\t\t\t<a href=\"https:\/\/www.midvalleystem.org\/microgrant-3rd-round-report\/\"\n\t\t\t\t\t>\n\t\t\t<img \n\tsrc=\"https:\/\/www.midvalleystem.org\/media\/sites\/2\/2021\/06\/Microgrants_3rdRound_Report-700x906.jpg\" width=\"300\" height=\"388\" srcset=\"https:\/\/www.midvalleystem.org\/media\/sites\/2\/2021\/06\/Microgrants_3rdRound_Report-700x906.jpg 700w, https:\/\/www.midvalleystem.org\/media\/sites\/2\/2021\/06\/Microgrants_3rdRound_Report-250x324.jpg 250w, https:\/\/www.midvalleystem.org\/media\/sites\/2\/2021\/06\/Microgrants_3rdRound_Report-768x994.jpg 768w, https:\/\/www.midvalleystem.org\/media\/sites\/2\/2021\/06\/Microgrants_3rdRound_Report-1187x1536.jpg 1187w, https:\/\/www.midvalleystem.org\/media\/sites\/2\/2021\/06\/Microgrants_3rdRound_Report-120x155.jpg 120w, https:\/\/www.midvalleystem.org\/media\/sites\/2\/2021\/06\/Microgrants_3rdRound_Report.jpg 1545w\" sizes=\"(max-width: 300px) 100vw, 300px\" alt=\"3rd round grants\" \t\tclass=\"so-widget-image\"\/>\n\t\t\t<\/a><\/div>\n\n<\/div><\/div><\/div><\/div><\/div><\/div>","protected":false},"excerpt":{"rendered":"Existe amplia evidencia de que la pandemia por COVID, est\u00e1 ampliando las brechas sist\u00e9micas de educaci\u00f3n y desigualdad existentes. Nuestro objetivo es trabajar con los maestros para crear planes inclusivos, [&hellip;]","protected":false},"author":3,"featured_media":3821,"parent":0,"menu_order":0,"comment_status":"closed","ping_status":"closed","template":"","meta":{"_acf_changed":false,"footnotes":""},"class_list":["post-1692","page","type-page","status-publish","has-post-thumbnail","hentry"],"acf":[],"yoast_head":"<!-- This site is optimized with the Yoast SEO plugin v26.8 - https:\/\/yoast.com\/product\/yoast-seo-wordpress\/ -->\n<title>Respuesta por Covid 19 - Mid-Valley STEM-CTE Hub - Espa\u00f1ol<\/title>\n<meta name=\"description\" content=\"Respuesta por Covid 19\" \/>\n<meta name=\"robots\" content=\"index, follow, max-snippet:-1, max-image-preview:large, max-video-preview:-1\" \/>\n<link rel=\"canonical\" href=\"https:\/\/www.midvalleystem.org\/es\/respuesta-por-covid-19\/\" \/>\n<meta property=\"og:locale\" content=\"en_US\" \/>\n<meta property=\"og:type\" content=\"article\" \/>\n<meta property=\"og:title\" content=\"Respuesta por Covid 19 - Mid-Valley STEM-CTE Hub - Espa\u00f1ol\" \/>\n<meta property=\"og:description\" content=\"Respuesta por Covid 19\" \/>\n<meta property=\"og:url\" content=\"https:\/\/www.midvalleystem.org\/es\/respuesta-por-covid-19\/\" \/>\n<meta property=\"og:site_name\" content=\"Mid-Valley STEM-CTE Hub - Espa\u00f1ol\" \/>\n<meta property=\"article:modified_time\" content=\"2022-07-19T17:21:59+00:00\" \/>\n<meta property=\"og:image\" content=\"https:\/\/www.midvalleystem.org\/media\/sites\/2\/2021\/01\/microgrants_featured.jpg\" \/>\n\t<meta property=\"og:image:width\" content=\"1350\" \/>\n\t<meta property=\"og:image:height\" content=\"650\" \/>\n\t<meta property=\"og:image:type\" content=\"image\/jpeg\" \/>\n<meta name=\"twitter:card\" content=\"summary_large_image\" \/>\n<meta name=\"twitter:label1\" content=\"Est. reading time\" \/>\n\t<meta name=\"twitter:data1\" content=\"1 minute\" \/>\n<script type=\"application\/ld+json\" class=\"yoast-schema-graph\">{\"@context\":\"https:\/\/schema.org\",\"@graph\":[{\"@type\":\"WebPage\",\"@id\":\"https:\/\/www.midvalleystem.org\/es\/respuesta-por-covid-19\/\",\"url\":\"https:\/\/www.midvalleystem.org\/es\/respuesta-por-covid-19\/\",\"name\":\"Respuesta por Covid 19 - Mid-Valley STEM-CTE Hub - Espa\u00f1ol\",\"isPartOf\":{\"@id\":\"https:\/\/www.midvalleystem.org\/es\/#website\"},\"primaryImageOfPage\":{\"@id\":\"https:\/\/www.midvalleystem.org\/es\/respuesta-por-covid-19\/#primaryimage\"},\"image\":{\"@id\":\"https:\/\/www.midvalleystem.org\/es\/respuesta-por-covid-19\/#primaryimage\"},\"thumbnailUrl\":\"https:\/\/www.midvalleystem.org\/media\/sites\/2\/2021\/01\/microgrants_featured.jpg\",\"datePublished\":\"2020-10-01T05:43:13+00:00\",\"dateModified\":\"2022-07-19T17:21:59+00:00\",\"description\":\"Respuesta por Covid 19\",\"breadcrumb\":{\"@id\":\"https:\/\/www.midvalleystem.org\/es\/respuesta-por-covid-19\/#breadcrumb\"},\"inLanguage\":\"en-US\",\"potentialAction\":[{\"@type\":\"ReadAction\",\"target\":[\"https:\/\/www.midvalleystem.org\/es\/respuesta-por-covid-19\/\"]}]},{\"@type\":\"ImageObject\",\"inLanguage\":\"en-US\",\"@id\":\"https:\/\/www.midvalleystem.org\/es\/respuesta-por-covid-19\/#primaryimage\",\"url\":\"https:\/\/www.midvalleystem.org\/media\/sites\/2\/2021\/01\/microgrants_featured.jpg\",\"contentUrl\":\"https:\/\/www.midvalleystem.org\/media\/sites\/2\/2021\/01\/microgrants_featured.jpg\",\"width\":1350,\"height\":650,\"caption\":\"Girl working on a robot project\"},{\"@type\":\"BreadcrumbList\",\"@id\":\"https:\/\/www.midvalleystem.org\/es\/respuesta-por-covid-19\/#breadcrumb\",\"itemListElement\":[{\"@type\":\"ListItem\",\"position\":1,\"name\":\"Home\",\"item\":\"https:\/\/www.midvalleystem.org\/es\/\"},{\"@type\":\"ListItem\",\"position\":2,\"name\":\"Respuesta por Covid 19\"}]},{\"@type\":\"WebSite\",\"@id\":\"https:\/\/www.midvalleystem.org\/es\/#website\",\"url\":\"https:\/\/www.midvalleystem.org\/es\/\",\"name\":\"Mid-Valley STEM-CTE Hub - Espa\u00f1ol\",\"description\":\"\",\"potentialAction\":[{\"@type\":\"SearchAction\",\"target\":{\"@type\":\"EntryPoint\",\"urlTemplate\":\"https:\/\/www.midvalleystem.org\/es\/?s={search_term_string}\"},\"query-input\":{\"@type\":\"PropertyValueSpecification\",\"valueRequired\":true,\"valueName\":\"search_term_string\"}}],\"inLanguage\":\"en-US\"}]}<\/script>\n<!-- \/ Yoast SEO plugin. -->","yoast_head_json":{"title":"Respuesta por Covid 19 - Mid-Valley STEM-CTE Hub - Espa\u00f1ol","description":"Respuesta por Covid 19","robots":{"index":"index","follow":"follow","max-snippet":"max-snippet:-1","max-image-preview":"max-image-preview:large","max-video-preview":"max-video-preview:-1"},"canonical":"https:\/\/www.midvalleystem.org\/es\/respuesta-por-covid-19\/","og_locale":"en_US","og_type":"article","og_title":"Respuesta por Covid 19 - Mid-Valley STEM-CTE Hub - Espa\u00f1ol","og_description":"Respuesta por Covid 19","og_url":"https:\/\/www.midvalleystem.org\/es\/respuesta-por-covid-19\/","og_site_name":"Mid-Valley STEM-CTE Hub - Espa\u00f1ol","article_modified_time":"2022-07-19T17:21:59+00:00","og_image":[{"width":1350,"height":650,"url":"https:\/\/www.midvalleystem.org\/media\/sites\/2\/2021\/01\/microgrants_featured.jpg","type":"image\/jpeg"}],"twitter_card":"summary_large_image","twitter_misc":{"Est. reading time":"1 minute"},"schema":{"@context":"https:\/\/schema.org","@graph":[{"@type":"WebPage","@id":"https:\/\/www.midvalleystem.org\/es\/respuesta-por-covid-19\/","url":"https:\/\/www.midvalleystem.org\/es\/respuesta-por-covid-19\/","name":"Respuesta por Covid 19 - Mid-Valley STEM-CTE Hub - Espa\u00f1ol","isPartOf":{"@id":"https:\/\/www.midvalleystem.org\/es\/#website"},"primaryImageOfPage":{"@id":"https:\/\/www.midvalleystem.org\/es\/respuesta-por-covid-19\/#primaryimage"},"image":{"@id":"https:\/\/www.midvalleystem.org\/es\/respuesta-por-covid-19\/#primaryimage"},"thumbnailUrl":"https:\/\/www.midvalleystem.org\/media\/sites\/2\/2021\/01\/microgrants_featured.jpg","datePublished":"2020-10-01T05:43:13+00:00","dateModified":"2022-07-19T17:21:59+00:00","description":"Respuesta por Covid 19","breadcrumb":{"@id":"https:\/\/www.midvalleystem.org\/es\/respuesta-por-covid-19\/#breadcrumb"},"inLanguage":"en-US","potentialAction":[{"@type":"ReadAction","target":["https:\/\/www.midvalleystem.org\/es\/respuesta-por-covid-19\/"]}]},{"@type":"ImageObject","inLanguage":"en-US","@id":"https:\/\/www.midvalleystem.org\/es\/respuesta-por-covid-19\/#primaryimage","url":"https:\/\/www.midvalleystem.org\/media\/sites\/2\/2021\/01\/microgrants_featured.jpg","contentUrl":"https:\/\/www.midvalleystem.org\/media\/sites\/2\/2021\/01\/microgrants_featured.jpg","width":1350,"height":650,"caption":"Girl working on a robot project"},{"@type":"BreadcrumbList","@id":"https:\/\/www.midvalleystem.org\/es\/respuesta-por-covid-19\/#breadcrumb","itemListElement":[{"@type":"ListItem","position":1,"name":"Home","item":"https:\/\/www.midvalleystem.org\/es\/"},{"@type":"ListItem","position":2,"name":"Respuesta por Covid 19"}]},{"@type":"WebSite","@id":"https:\/\/www.midvalleystem.org\/es\/#website","url":"https:\/\/www.midvalleystem.org\/es\/","name":"Mid-Valley STEM-CTE Hub - Espa\u00f1ol","description":"","potentialAction":[{"@type":"SearchAction","target":{"@type":"EntryPoint","urlTemplate":"https:\/\/www.midvalleystem.org\/es\/?s={search_term_string}"},"query-input":{"@type":"PropertyValueSpecification","valueRequired":true,"valueName":"search_term_string"}}],"inLanguage":"en-US"}]}},"_links":{"self":[{"href":"https:\/\/www.midvalleystem.org\/es\/wp-json\/wp\/v2\/pages\/1692","targetHints":{"allow":["GET"]}}],"collection":[{"href":"https:\/\/www.midvalleystem.org\/es\/wp-json\/wp\/v2\/pages"}],"about":[{"href":"https:\/\/www.midvalleystem.org\/es\/wp-json\/wp\/v2\/types\/page"}],"author":[{"embeddable":true,"href":"https:\/\/www.midvalleystem.org\/es\/wp-json\/wp\/v2\/users\/3"}],"replies":[{"embeddable":true,"href":"https:\/\/www.midvalleystem.org\/es\/wp-json\/wp\/v2\/comments?post=1692"}],"version-history":[{"count":3,"href":"https:\/\/www.midvalleystem.org\/es\/wp-json\/wp\/v2\/pages\/1692\/revisions"}],"predecessor-version":[{"id":7470,"href":"https:\/\/www.midvalleystem.org\/es\/wp-json\/wp\/v2\/pages\/1692\/revisions\/7470"}],"wp:featuredmedia":[{"embeddable":true,"href":"https:\/\/www.midvalleystem.org\/es\/wp-json\/wp\/v2\/media\/3821"}],"wp:attachment":[{"href":"https:\/\/www.midvalleystem.org\/es\/wp-json\/wp\/v2\/media?parent=1692"}],"curies":[{"name":"wp","href":"https:\/\/api.w.org\/{rel}","templated":true}]}}