{"id":1886,"date":"2020-10-11T21:24:13","date_gmt":"2020-10-12T04:24:13","guid":{"rendered":"http:\/\/www.midvalleystem.org\/?page_id=1886"},"modified":"2022-07-18T18:10:27","modified_gmt":"2022-07-19T01:10:27","slug":"catalogo-de-oficios","status":"publish","type":"page","link":"https:\/\/www.midvalleystem.org\/es\/catalogo-de-oficios\/","title":{"rendered":"Cat\u00e1logo de Oficios"},"content":{"rendered":"<div id=\"pl-1886\"  class=\"panel-layout\" ><div id=\"pg-1886-0\"  class=\"panel-grid panel-has-style\" ><div class=\"panel-row-style panel-row-style-for-1886-0\" ><div id=\"pgc-1886-0-0\"  class=\"panel-grid-cell\" ><div id=\"panel-1886-0-0-0\" class=\"so-panel widget widget_sow-image panel-first-child\" data-index=\"0\" ><div\n\t\t\t\n\t\t\tclass=\"so-widget-sow-image so-widget-sow-image-default-8b5b6f678277-1886\"\n\t\t\t\n\t\t>\n<div class=\"sow-image-container\">\n\t\t<img \n\tsrc=\"https:\/\/www.midvalleystem.org\/media\/sites\/2\/2020\/10\/trades-notebook-1.png\" width=\"1200\" height=\"367\" srcset=\"https:\/\/www.midvalleystem.org\/media\/sites\/2\/2020\/10\/trades-notebook-1.png 1200w, https:\/\/www.midvalleystem.org\/media\/sites\/2\/2020\/10\/trades-notebook-1-250x76.png 250w, https:\/\/www.midvalleystem.org\/media\/sites\/2\/2020\/10\/trades-notebook-1-700x214.png 700w, https:\/\/www.midvalleystem.org\/media\/sites\/2\/2020\/10\/trades-notebook-1-768x235.png 768w, https:\/\/www.midvalleystem.org\/media\/sites\/2\/2020\/10\/trades-notebook-1-120x37.png 120w\" sizes=\"(max-width: 1200px) 100vw, 1200px\" alt=\"Trades Notebook\" \t\tclass=\"so-widget-image\"\/>\n\t<\/div>\n\n<\/div><\/div><div id=\"panel-1886-0-0-1\" class=\"so-panel widget widget_sow-editor panel-last-child\" data-index=\"1\" ><div\n\t\t\t\n\t\t\tclass=\"so-widget-sow-editor so-widget-sow-editor-base\"\n\t\t\t\n\t\t>\n<div class=\"siteorigin-widget-tinymce textwidget\">\n\t<p><span style=\"font-weight: 400;\">El Catalogo de Oficios (Trades Notebook) fue desarrollado y respaldado por el Comit\u00e9 Directivo de la instituci\u00f3n LBLC3. Este trabajo ha sido apoyado por fondos de la beca llamada \u201cRegional Promise\u201d y es un recurso para estudiantes de preparatoria y socios en toda la regi\u00f3n de Linn Benton Lincoln.<\/span><\/p>\n<p><span style=\"font-weight: 400;\">Hay 24 perfiles de ocupaciones en el Cat\u00e1logo de Oficios. Cada perfil de ocupaci\u00f3n tiene la siguiente informaci\u00f3n:<\/span><\/p>\n<ul>\n<li style=\"font-weight: 400;\" aria-level=\"1\"><span style=\"font-weight: 400;\">Salario promedio apropiado en la parte superior de la p\u00e1gina.<\/span><\/li>\n<li style=\"font-weight: 400;\" aria-level=\"1\"><span style=\"font-weight: 400;\">Lista de las 5 principales habilidades requeridas para la ocupaci\u00f3n.<\/span><\/li>\n<li style=\"font-weight: 400;\" aria-level=\"1\"><span style=\"font-weight: 400;\">Lista de posibles t\u00edtulos del trabajo. Al menos 5 tareas principales para esa ocupaci\u00f3n (se puede acceder a una lista completa en <\/span><a href=\"http:\/\/www.qualityinfo.org\/\"><span style=\"font-weight: 400;\">www.qualityinfo.org<\/span><\/a><span style=\"font-weight: 400;\"> (despl\u00e1cese hacia abajo hasta la tecla de las herramientas y escriba la ocupaci\u00f3n en el cuadro de b\u00fasqueda).<\/span><\/li>\n<li style=\"font-weight: 400;\" aria-level=\"1\"><span style=\"font-weight: 400;\">Gr\u00e1ficos de salarios por hora y mercado laboral regional (nuevamente, se accede a esta informaci\u00f3n en <\/span><a href=\"http:\/\/www.qualityinfo.org\/\"><span style=\"font-weight: 400;\">www.qualityinfo.org<\/span><\/a><span style=\"font-weight: 400;\"> y se encuentra en las tablas bajo Linn\/Benton o Mid-Valley).<\/span><\/li>\n<li style=\"font-weight: 400;\" aria-level=\"1\"><span style=\"font-weight: 400;\">Preparaci\u00f3n para la carrera lo cual es un listado de cursos de bachillerato recomendados para los estudiantes.<\/span><\/li>\n<li style=\"font-weight: 400;\" aria-level=\"1\"><span style=\"font-weight: 400;\">Requisitos para continuar con la educaci\u00f3n postsecundaria, para esa ocupaci\u00f3n (a menudo colegio superior comunitario, programas especiales de capacitaci\u00f3n o aprendizaje).<\/span><\/li>\n<li style=\"font-weight: 400;\" aria-level=\"1\"><span style=\"font-weight: 400;\">Informaci\u00f3n de contacto para el programa de capacitaci\u00f3n para esa ocupaci\u00f3n.<\/span><\/li>\n<li style=\"font-weight: 400;\" aria-level=\"1\"><span style=\"font-weight: 400;\">Los enlaces relevantes se encuentran en la parte inferior de la p\u00e1gina. \u00a1Anime a sus estudiantes a explorar estos y aprender m\u00e1s sobre la ocupaci\u00f3n que les interesa!<\/span><\/li>\n<\/ul>\n<\/div>\n<\/div><\/div><\/div><\/div><\/div><div id=\"pg-1886-1\"  class=\"panel-grid panel-has-style\" ><div class=\"panel-row-style panel-row-style-for-1886-1\" ><div id=\"pgc-1886-1-0\"  class=\"panel-grid-cell\" ><div id=\"panel-1886-1-0-0\" class=\"so-panel widget widget_sow-editor panel-first-child panel-last-child\" data-index=\"2\" ><div\n\t\t\t\n\t\t\tclass=\"so-widget-sow-editor so-widget-sow-editor-base\"\n\t\t\t\n\t\t>\n<div class=\"siteorigin-widget-tinymce textwidget\">\n\t<p style=\"text-align: center;\"><a href=\"https:\/\/mvcareerconnect.com\/trades-notebook\/\"><b>Ver el Catalogo de Oficios (Trades Notebook) completo en l\u00ednea<\/b><\/a><\/p>\n<p style=\"text-align: center;\"><a href=\"http:\/\/www.midvalleystem.org\/media\/2020\/10\/UPDATED_NOTEBOOK_SEPT2020_WebVersion.pdf\"><b>Descargue el Catalogo de Oficios en PDF<\/b><\/a><\/p>\n<\/div>\n<\/div><\/div><\/div><\/div><\/div><\/div>","protected":false},"excerpt":{"rendered":"El Catalogo de Oficios (Trades Notebook) fue desarrollado y respaldado por el Comit\u00e9 Directivo de la instituci\u00f3n LBLC3. Este trabajo ha sido apoyado por fondos de la beca llamada \u201cRegional [&hellip;]","protected":false},"author":3,"featured_media":0,"parent":0,"menu_order":0,"comment_status":"closed","ping_status":"closed","template":"","meta":{"_acf_changed":false,"footnotes":""},"class_list":["post-1886","page","type-page","status-publish","hentry"],"acf":[],"yoast_head":"<!-- This site is optimized with the Yoast SEO plugin v26.8 - https:\/\/yoast.com\/product\/yoast-seo-wordpress\/ -->\n<title>Cat\u00e1logo de Oficios - Mid-Valley STEM-CTE Hub - Espa\u00f1ol<\/title>\n<meta name=\"description\" content=\"The Trades Notebook was developed and supported by the LBLC3 Steering Committee. There are 24 occupation profiles in the Trades Notebook.\" \/>\n<meta name=\"robots\" content=\"index, follow, max-snippet:-1, max-image-preview:large, max-video-preview:-1\" \/>\n<link rel=\"canonical\" href=\"https:\/\/www.midvalleystem.org\/es\/catalogo-de-oficios\/\" \/>\n<meta property=\"og:locale\" content=\"en_US\" \/>\n<meta property=\"og:type\" content=\"article\" \/>\n<meta property=\"og:title\" content=\"Cat\u00e1logo de Oficios - Mid-Valley STEM-CTE Hub - Espa\u00f1ol\" \/>\n<meta property=\"og:description\" content=\"The Trades Notebook was developed and supported by the LBLC3 Steering Committee. There are 24 occupation profiles in the Trades Notebook.\" \/>\n<meta property=\"og:url\" content=\"https:\/\/www.midvalleystem.org\/es\/catalogo-de-oficios\/\" \/>\n<meta property=\"og:site_name\" content=\"Mid-Valley STEM-CTE Hub - Espa\u00f1ol\" \/>\n<meta property=\"article:modified_time\" content=\"2022-07-19T01:10:27+00:00\" \/>\n<meta name=\"twitter:card\" content=\"summary_large_image\" \/>\n<meta name=\"twitter:label1\" content=\"Est. reading time\" \/>\n\t<meta name=\"twitter:data1\" content=\"2 minutes\" \/>\n<script type=\"application\/ld+json\" class=\"yoast-schema-graph\">{\"@context\":\"https:\/\/schema.org\",\"@graph\":[{\"@type\":\"WebPage\",\"@id\":\"https:\/\/www.midvalleystem.org\/es\/catalogo-de-oficios\/\",\"url\":\"https:\/\/www.midvalleystem.org\/es\/catalogo-de-oficios\/\",\"name\":\"Cat\u00e1logo de Oficios - Mid-Valley STEM-CTE Hub - Espa\u00f1ol\",\"isPartOf\":{\"@id\":\"https:\/\/www.midvalleystem.org\/es\/#website\"},\"datePublished\":\"2020-10-12T04:24:13+00:00\",\"dateModified\":\"2022-07-19T01:10:27+00:00\",\"description\":\"The Trades Notebook was developed and supported by the LBLC3 Steering Committee. There are 24 occupation profiles in the Trades Notebook.\",\"breadcrumb\":{\"@id\":\"https:\/\/www.midvalleystem.org\/es\/catalogo-de-oficios\/#breadcrumb\"},\"inLanguage\":\"en-US\",\"potentialAction\":[{\"@type\":\"ReadAction\",\"target\":[\"https:\/\/www.midvalleystem.org\/es\/catalogo-de-oficios\/\"]}]},{\"@type\":\"BreadcrumbList\",\"@id\":\"https:\/\/www.midvalleystem.org\/es\/catalogo-de-oficios\/#breadcrumb\",\"itemListElement\":[{\"@type\":\"ListItem\",\"position\":1,\"name\":\"Home\",\"item\":\"https:\/\/www.midvalleystem.org\/es\/\"},{\"@type\":\"ListItem\",\"position\":2,\"name\":\"Cat\u00e1logo de Oficios\"}]},{\"@type\":\"WebSite\",\"@id\":\"https:\/\/www.midvalleystem.org\/es\/#website\",\"url\":\"https:\/\/www.midvalleystem.org\/es\/\",\"name\":\"Mid-Valley STEM-CTE Hub - Espa\u00f1ol\",\"description\":\"\",\"potentialAction\":[{\"@type\":\"SearchAction\",\"target\":{\"@type\":\"EntryPoint\",\"urlTemplate\":\"https:\/\/www.midvalleystem.org\/es\/?s={search_term_string}\"},\"query-input\":{\"@type\":\"PropertyValueSpecification\",\"valueRequired\":true,\"valueName\":\"search_term_string\"}}],\"inLanguage\":\"en-US\"}]}<\/script>\n<!-- \/ Yoast SEO plugin. -->","yoast_head_json":{"title":"Cat\u00e1logo de Oficios - Mid-Valley STEM-CTE Hub - Espa\u00f1ol","description":"The Trades Notebook was developed and supported by the LBLC3 Steering Committee. There are 24 occupation profiles in the Trades Notebook.","robots":{"index":"index","follow":"follow","max-snippet":"max-snippet:-1","max-image-preview":"max-image-preview:large","max-video-preview":"max-video-preview:-1"},"canonical":"https:\/\/www.midvalleystem.org\/es\/catalogo-de-oficios\/","og_locale":"en_US","og_type":"article","og_title":"Cat\u00e1logo de Oficios - Mid-Valley STEM-CTE Hub - Espa\u00f1ol","og_description":"The Trades Notebook was developed and supported by the LBLC3 Steering Committee. There are 24 occupation profiles in the Trades Notebook.","og_url":"https:\/\/www.midvalleystem.org\/es\/catalogo-de-oficios\/","og_site_name":"Mid-Valley STEM-CTE Hub - Espa\u00f1ol","article_modified_time":"2022-07-19T01:10:27+00:00","twitter_card":"summary_large_image","twitter_misc":{"Est. reading time":"2 minutes"},"schema":{"@context":"https:\/\/schema.org","@graph":[{"@type":"WebPage","@id":"https:\/\/www.midvalleystem.org\/es\/catalogo-de-oficios\/","url":"https:\/\/www.midvalleystem.org\/es\/catalogo-de-oficios\/","name":"Cat\u00e1logo de Oficios - Mid-Valley STEM-CTE Hub - Espa\u00f1ol","isPartOf":{"@id":"https:\/\/www.midvalleystem.org\/es\/#website"},"datePublished":"2020-10-12T04:24:13+00:00","dateModified":"2022-07-19T01:10:27+00:00","description":"The Trades Notebook was developed and supported by the LBLC3 Steering Committee. There are 24 occupation profiles in the Trades Notebook.","breadcrumb":{"@id":"https:\/\/www.midvalleystem.org\/es\/catalogo-de-oficios\/#breadcrumb"},"inLanguage":"en-US","potentialAction":[{"@type":"ReadAction","target":["https:\/\/www.midvalleystem.org\/es\/catalogo-de-oficios\/"]}]},{"@type":"BreadcrumbList","@id":"https:\/\/www.midvalleystem.org\/es\/catalogo-de-oficios\/#breadcrumb","itemListElement":[{"@type":"ListItem","position":1,"name":"Home","item":"https:\/\/www.midvalleystem.org\/es\/"},{"@type":"ListItem","position":2,"name":"Cat\u00e1logo de Oficios"}]},{"@type":"WebSite","@id":"https:\/\/www.midvalleystem.org\/es\/#website","url":"https:\/\/www.midvalleystem.org\/es\/","name":"Mid-Valley STEM-CTE Hub - Espa\u00f1ol","description":"","potentialAction":[{"@type":"SearchAction","target":{"@type":"EntryPoint","urlTemplate":"https:\/\/www.midvalleystem.org\/es\/?s={search_term_string}"},"query-input":{"@type":"PropertyValueSpecification","valueRequired":true,"valueName":"search_term_string"}}],"inLanguage":"en-US"}]}},"_links":{"self":[{"href":"https:\/\/www.midvalleystem.org\/es\/wp-json\/wp\/v2\/pages\/1886","targetHints":{"allow":["GET"]}}],"collection":[{"href":"https:\/\/www.midvalleystem.org\/es\/wp-json\/wp\/v2\/pages"}],"about":[{"href":"https:\/\/www.midvalleystem.org\/es\/wp-json\/wp\/v2\/types\/page"}],"author":[{"embeddable":true,"href":"https:\/\/www.midvalleystem.org\/es\/wp-json\/wp\/v2\/users\/3"}],"replies":[{"embeddable":true,"href":"https:\/\/www.midvalleystem.org\/es\/wp-json\/wp\/v2\/comments?post=1886"}],"version-history":[{"count":1,"href":"https:\/\/www.midvalleystem.org\/es\/wp-json\/wp\/v2\/pages\/1886\/revisions"}],"predecessor-version":[{"id":7468,"href":"https:\/\/www.midvalleystem.org\/es\/wp-json\/wp\/v2\/pages\/1886\/revisions\/7468"}],"wp:attachment":[{"href":"https:\/\/www.midvalleystem.org\/es\/wp-json\/wp\/v2\/media?parent=1886"}],"curies":[{"name":"wp","href":"https:\/\/api.w.org\/{rel}","templated":true}]}}