{"id":5304,"date":"2021-04-20T14:43:47","date_gmt":"2021-04-20T21:43:47","guid":{"rendered":"http:\/\/www.midvalleystem.org\/?page_id=5304"},"modified":"2025-09-04T09:29:21","modified_gmt":"2025-09-04T16:29:21","slug":"recursos-para-diversidad-e-inclusion","status":"publish","type":"page","link":"https:\/\/www.midvalleystem.org\/es\/recursos-para-diversidad-e-inclusion\/","title":{"rendered":"Recursos para Diversidad e Inclusi\u00f3n"},"content":{"rendered":"<div id=\"pl-5304\"  class=\"panel-layout\" ><div id=\"pg-5304-0\"  class=\"panel-grid panel-has-style\" ><div class=\"panel-row-style panel-row-style-for-5304-0\" ><div id=\"pgc-5304-0-0\"  class=\"panel-grid-cell\" ><div id=\"panel-5304-0-0-0\" class=\"so-panel widget widget_sow-editor panel-first-child panel-last-child\" data-index=\"0\" ><div\n\t\t\t\n\t\t\tclass=\"so-widget-sow-editor so-widget-sow-editor-base\"\n\t\t\t\n\t\t>\n<div class=\"siteorigin-widget-tinymce textwidget\">\n\t<p><span style=\"font-weight: 400;\">Esta colecci\u00f3n de recursos ofrece una variedad de sitios web, medios sociales y herramientas, para ayudar a los educadores a comprender y promover la diversidad, la equidad y la inclusi\u00f3n (DEI) tanto en el aula como en entornos profesionales. Explore maneras de fomentar la colaboraci\u00f3n y construir una comunidad m\u00e1s inclusiva y acogedora para todos.<\/span><\/p>\n<\/div>\n<\/div><\/div><\/div><\/div><\/div><div id=\"pg-5304-1\"  class=\"panel-grid panel-no-style\" ><div id=\"pgc-5304-1-0\"  class=\"panel-grid-cell\" ><div id=\"panel-5304-1-0-0\" class=\"so-panel widget widget_media_image panel-first-child panel-last-child\" data-index=\"1\" ><img decoding=\"async\" width=\"500\" height=\"261\" src=\"https:\/\/www.midvalleystem.org\/media\/sites\/2\/2025\/09\/IMG_5962-e1751492161139-600x313.jpg\" class=\"image wp-image-8375  attachment-500x261 size-500x261\" alt=\"\" style=\"max-width: 100%; height: auto;\" srcset=\"https:\/\/www.midvalleystem.org\/media\/sites\/2\/2025\/09\/IMG_5962-e1751492161139-600x313.jpg 600w, https:\/\/www.midvalleystem.org\/media\/sites\/2\/2025\/09\/IMG_5962-e1751492161139-250x130.jpg 250w, https:\/\/www.midvalleystem.org\/media\/sites\/2\/2025\/09\/IMG_5962-e1751492161139-700x365.jpg 700w, https:\/\/www.midvalleystem.org\/media\/sites\/2\/2025\/09\/IMG_5962-e1751492161139-768x400.jpg 768w, https:\/\/www.midvalleystem.org\/media\/sites\/2\/2025\/09\/IMG_5962-e1751492161139-120x63.jpg 120w, https:\/\/www.midvalleystem.org\/media\/sites\/2\/2025\/09\/IMG_5962-e1751492161139.jpg 800w\" sizes=\"(max-width: 500px) 100vw, 500px\" \/><\/div><\/div><\/div><div id=\"pg-5304-2\"  class=\"panel-grid panel-has-style\" ><div class=\"panel-row-style panel-row-style-for-5304-2\" ><div id=\"pgc-5304-2-0\"  class=\"panel-grid-cell\" ><div id=\"panel-5304-2-0-0\" class=\"so-panel widget widget_sow-editor panel-first-child panel-last-child\" data-index=\"2\" ><div\n\t\t\t\n\t\t\tclass=\"so-widget-sow-editor so-widget-sow-editor-base\"\n\t\t\t\n\t\t><h2 class=\"pb-widget-title\">Art\u00edculos y p\u00e1ginas web<\/h2>\n<div class=\"siteorigin-widget-tinymce textwidget\">\n\t<ul>\n<li style=\"font-weight: 400;\" aria-level=\"2\"><a href=\"https:\/\/www.oregon.gov\/ode\/students-and-family\/equity\/Pages\/default.aspx\" target=\"_blank\" rel=\"noopener\"><span style=\"font-weight: 400;\">Equidad educativa - Departamento de Educaci\u00f3n de Oregon<\/span><\/a><\/li>\n<li style=\"font-weight: 400;\" aria-level=\"2\"><a href=\"https:\/\/www.learningforjustice.org\/learning-plan\/exploring-diversity-through-stem\" target=\"_blank\" rel=\"noopener\"><span style=\"font-weight: 400;\">Explorando la diversidad a trav\u00e9s de STEM - Aprendiendo para la justicia<\/span><\/a><\/li>\n<li style=\"font-weight: 400;\" aria-level=\"2\"><a href=\"https:\/\/oregoned.org\/resource-library\/racial-justice-education\" target=\"_blank\" rel=\"noopener\"><span style=\"font-weight: 400;\">Justicia racial en la educaci\u00f3n - Asociaci\u00f3n de Educaci\u00f3n de Oregon<\/span><\/a><\/li>\n<li style=\"font-weight: 400;\" aria-level=\"2\"><a href=\"https:\/\/www.learningforjustice.org\/frameworks\/social-justice-standards\" target=\"_blank\" rel=\"noopener\"><span style=\"font-weight: 400;\">Est\u00e1ndares de justicia social - Aprendiendo para la justicia<\/span><\/a><\/li>\n<li style=\"font-weight: 400;\" aria-level=\"2\"><a href=\"https:\/\/www.oregonstem.org\/resources\" target=\"_blank\" rel=\"noopener\"><span style=\"font-weight: 400;\">Recursos STEM de Oregon<\/span><\/a><\/li>\n<\/ul>\n<\/div>\n<\/div><\/div><\/div><div id=\"pgc-5304-2-1\"  class=\"panel-grid-cell\" ><div id=\"panel-5304-2-1-0\" class=\"so-panel widget widget_sow-editor panel-first-child panel-last-child\" data-index=\"3\" ><div\n\t\t\t\n\t\t\tclass=\"so-widget-sow-editor so-widget-sow-editor-base\"\n\t\t\t\n\t\t><h2 class=\"pb-widget-title\">Herramientas para DEI<\/h2>\n<div class=\"siteorigin-widget-tinymce textwidget\">\n\t<ul>\n<li style=\"font-weight: 400;\" aria-level=\"1\"><a href=\"https:\/\/www.midvalleystem.org\/closing-the-gap\/\" target=\"_blank\" rel=\"noopener\"><span style=\"font-weight: 400;\">Podcast \u201c<\/span><i><span style=\"font-weight: 400;\">Closing the Gap<\/span><\/i><\/a><span style=\"font-weight: 400;\">\u201d- Entrevistas con mujeres y minor\u00edas de g\u00e9nero que trabajan en campos STEAM<\/span><\/li>\n<li style=\"font-weight: 400;\" aria-level=\"1\"><a href=\"https:\/\/www.midvalleystem.org\/educator-lending-library\/\" target=\"_blank\" rel=\"noopener\"><span style=\"font-weight: 400;\">Biblioteca de pr\u00e9stamos para educadores<\/span><\/a><span style=\"font-weight: 400;\">- Kits de aula STEAM para pr\u00e9stamo<\/span><\/li>\n<li style=\"font-weight: 400;\" aria-level=\"1\"><a href=\"https:\/\/oercommons.org\/hubs\/oregon\" target=\"_blank\" rel=\"noopener\"><span>Aprendizaje abierto de Oregon<\/span><\/a><span>- Recursos educativos abiertos<\/span><\/li>\n<\/ul>\n<\/div>\n<\/div><\/div><\/div><\/div><\/div><\/div>","protected":false},"excerpt":{"rendered":"Esta colecci\u00f3n de recursos ofrece una variedad de sitios web, medios sociales y herramientas, para ayudar a los educadores a comprender y promover la diversidad, la equidad y la inclusi\u00f3n [&hellip;]","protected":false},"author":3,"featured_media":5313,"parent":0,"menu_order":0,"comment_status":"closed","ping_status":"closed","template":"","meta":{"_acf_changed":false,"footnotes":""},"class_list":["post-5304","page","type-page","status-publish","has-post-thumbnail","hentry"],"acf":[],"yoast_head":"<!-- This site is optimized with the Yoast SEO plugin v26.8 - https:\/\/yoast.com\/product\/yoast-seo-wordpress\/ -->\n<title>Recursos para Diversidad e Inclusi\u00f3n - Mid-Valley STEM-CTE Hub - Espa\u00f1ol<\/title>\n<meta name=\"description\" content=\"Esta colecci\u00f3n de recursos ofrece una variedad de sitios web, medios sociales y herramientas, para ayudar a los educadores a comprender y promover la diversidad, la equidad y la inclusi\u00f3n (DEI) tanto en el aula como en entornos profesionales.\" \/>\n<meta name=\"robots\" content=\"index, follow, max-snippet:-1, max-image-preview:large, max-video-preview:-1\" \/>\n<link rel=\"canonical\" href=\"https:\/\/www.midvalleystem.org\/es\/recursos-para-diversidad-e-inclusion\/\" \/>\n<meta property=\"og:locale\" content=\"en_US\" \/>\n<meta property=\"og:type\" content=\"article\" \/>\n<meta property=\"og:title\" content=\"Recursos para Diversidad e Inclusi\u00f3n - Mid-Valley STEM-CTE Hub - Espa\u00f1ol\" \/>\n<meta property=\"og:description\" content=\"Esta colecci\u00f3n de recursos ofrece una variedad de sitios web, medios sociales y herramientas, para ayudar a los educadores a comprender y promover la diversidad, la equidad y la inclusi\u00f3n (DEI) tanto en el aula como en entornos profesionales.\" \/>\n<meta property=\"og:url\" content=\"https:\/\/www.midvalleystem.org\/es\/recursos-para-diversidad-e-inclusion\/\" \/>\n<meta property=\"og:site_name\" content=\"Mid-Valley STEM-CTE Hub - Espa\u00f1ol\" \/>\n<meta property=\"article:modified_time\" content=\"2025-09-04T16:29:21+00:00\" \/>\n<meta property=\"og:image\" content=\"https:\/\/www.midvalleystem.org\/media\/sites\/2\/2021\/04\/diversity-and-inclusion.jpg\" \/>\n\t<meta property=\"og:image:width\" content=\"1640\" \/>\n\t<meta property=\"og:image:height\" content=\"924\" \/>\n\t<meta property=\"og:image:type\" content=\"image\/jpeg\" \/>\n<meta name=\"twitter:card\" content=\"summary_large_image\" \/>\n<meta name=\"twitter:label1\" content=\"Est. reading time\" \/>\n\t<meta name=\"twitter:data1\" content=\"1 minute\" \/>\n<script type=\"application\/ld+json\" class=\"yoast-schema-graph\">{\"@context\":\"https:\/\/schema.org\",\"@graph\":[{\"@type\":\"WebPage\",\"@id\":\"https:\/\/www.midvalleystem.org\/es\/recursos-para-diversidad-e-inclusion\/\",\"url\":\"https:\/\/www.midvalleystem.org\/es\/recursos-para-diversidad-e-inclusion\/\",\"name\":\"Recursos para Diversidad e Inclusi\u00f3n - Mid-Valley STEM-CTE Hub - Espa\u00f1ol\",\"isPartOf\":{\"@id\":\"https:\/\/www.midvalleystem.org\/es\/#website\"},\"primaryImageOfPage\":{\"@id\":\"https:\/\/www.midvalleystem.org\/es\/recursos-para-diversidad-e-inclusion\/#primaryimage\"},\"image\":{\"@id\":\"https:\/\/www.midvalleystem.org\/es\/recursos-para-diversidad-e-inclusion\/#primaryimage\"},\"thumbnailUrl\":\"https:\/\/www.midvalleystem.org\/media\/sites\/2\/2021\/04\/diversity-and-inclusion.jpg\",\"datePublished\":\"2021-04-20T21:43:47+00:00\",\"dateModified\":\"2025-09-04T16:29:21+00:00\",\"description\":\"Esta colecci\u00f3n de recursos ofrece una variedad de sitios web, medios sociales y herramientas, para ayudar a los educadores a comprender y promover la diversidad, la equidad y la inclusi\u00f3n (DEI) tanto en el aula como en entornos profesionales.\",\"breadcrumb\":{\"@id\":\"https:\/\/www.midvalleystem.org\/es\/recursos-para-diversidad-e-inclusion\/#breadcrumb\"},\"inLanguage\":\"en-US\",\"potentialAction\":[{\"@type\":\"ReadAction\",\"target\":[\"https:\/\/www.midvalleystem.org\/es\/recursos-para-diversidad-e-inclusion\/\"]}]},{\"@type\":\"ImageObject\",\"inLanguage\":\"en-US\",\"@id\":\"https:\/\/www.midvalleystem.org\/es\/recursos-para-diversidad-e-inclusion\/#primaryimage\",\"url\":\"https:\/\/www.midvalleystem.org\/media\/sites\/2\/2021\/04\/diversity-and-inclusion.jpg\",\"contentUrl\":\"https:\/\/www.midvalleystem.org\/media\/sites\/2\/2021\/04\/diversity-and-inclusion.jpg\",\"width\":1640,\"height\":924},{\"@type\":\"BreadcrumbList\",\"@id\":\"https:\/\/www.midvalleystem.org\/es\/recursos-para-diversidad-e-inclusion\/#breadcrumb\",\"itemListElement\":[{\"@type\":\"ListItem\",\"position\":1,\"name\":\"Home\",\"item\":\"https:\/\/www.midvalleystem.org\/es\/\"},{\"@type\":\"ListItem\",\"position\":2,\"name\":\"Recursos para Diversidad e Inclusi\u00f3n\"}]},{\"@type\":\"WebSite\",\"@id\":\"https:\/\/www.midvalleystem.org\/es\/#website\",\"url\":\"https:\/\/www.midvalleystem.org\/es\/\",\"name\":\"Mid-Valley STEM-CTE Hub - Espa\u00f1ol\",\"description\":\"\",\"potentialAction\":[{\"@type\":\"SearchAction\",\"target\":{\"@type\":\"EntryPoint\",\"urlTemplate\":\"https:\/\/www.midvalleystem.org\/es\/?s={search_term_string}\"},\"query-input\":{\"@type\":\"PropertyValueSpecification\",\"valueRequired\":true,\"valueName\":\"search_term_string\"}}],\"inLanguage\":\"en-US\"}]}<\/script>\n<!-- \/ Yoast SEO plugin. -->","yoast_head_json":{"title":"Recursos para Diversidad e Inclusi\u00f3n - Mid-Valley STEM-CTE Hub - Espa\u00f1ol","description":"Esta colecci\u00f3n de recursos ofrece una variedad de sitios web, medios sociales y herramientas, para ayudar a los educadores a comprender y promover la diversidad, la equidad y la inclusi\u00f3n (DEI) tanto en el aula como en entornos profesionales.","robots":{"index":"index","follow":"follow","max-snippet":"max-snippet:-1","max-image-preview":"max-image-preview:large","max-video-preview":"max-video-preview:-1"},"canonical":"https:\/\/www.midvalleystem.org\/es\/recursos-para-diversidad-e-inclusion\/","og_locale":"en_US","og_type":"article","og_title":"Recursos para Diversidad e Inclusi\u00f3n - Mid-Valley STEM-CTE Hub - Espa\u00f1ol","og_description":"Esta colecci\u00f3n de recursos ofrece una variedad de sitios web, medios sociales y herramientas, para ayudar a los educadores a comprender y promover la diversidad, la equidad y la inclusi\u00f3n (DEI) tanto en el aula como en entornos profesionales.","og_url":"https:\/\/www.midvalleystem.org\/es\/recursos-para-diversidad-e-inclusion\/","og_site_name":"Mid-Valley STEM-CTE Hub - Espa\u00f1ol","article_modified_time":"2025-09-04T16:29:21+00:00","og_image":[{"width":1640,"height":924,"url":"https:\/\/www.midvalleystem.org\/media\/sites\/2\/2021\/04\/diversity-and-inclusion.jpg","type":"image\/jpeg"}],"twitter_card":"summary_large_image","twitter_misc":{"Est. reading time":"1 minute"},"schema":{"@context":"https:\/\/schema.org","@graph":[{"@type":"WebPage","@id":"https:\/\/www.midvalleystem.org\/es\/recursos-para-diversidad-e-inclusion\/","url":"https:\/\/www.midvalleystem.org\/es\/recursos-para-diversidad-e-inclusion\/","name":"Recursos para Diversidad e Inclusi\u00f3n - Mid-Valley STEM-CTE Hub - Espa\u00f1ol","isPartOf":{"@id":"https:\/\/www.midvalleystem.org\/es\/#website"},"primaryImageOfPage":{"@id":"https:\/\/www.midvalleystem.org\/es\/recursos-para-diversidad-e-inclusion\/#primaryimage"},"image":{"@id":"https:\/\/www.midvalleystem.org\/es\/recursos-para-diversidad-e-inclusion\/#primaryimage"},"thumbnailUrl":"https:\/\/www.midvalleystem.org\/media\/sites\/2\/2021\/04\/diversity-and-inclusion.jpg","datePublished":"2021-04-20T21:43:47+00:00","dateModified":"2025-09-04T16:29:21+00:00","description":"Esta colecci\u00f3n de recursos ofrece una variedad de sitios web, medios sociales y herramientas, para ayudar a los educadores a comprender y promover la diversidad, la equidad y la inclusi\u00f3n (DEI) tanto en el aula como en entornos profesionales.","breadcrumb":{"@id":"https:\/\/www.midvalleystem.org\/es\/recursos-para-diversidad-e-inclusion\/#breadcrumb"},"inLanguage":"en-US","potentialAction":[{"@type":"ReadAction","target":["https:\/\/www.midvalleystem.org\/es\/recursos-para-diversidad-e-inclusion\/"]}]},{"@type":"ImageObject","inLanguage":"en-US","@id":"https:\/\/www.midvalleystem.org\/es\/recursos-para-diversidad-e-inclusion\/#primaryimage","url":"https:\/\/www.midvalleystem.org\/media\/sites\/2\/2021\/04\/diversity-and-inclusion.jpg","contentUrl":"https:\/\/www.midvalleystem.org\/media\/sites\/2\/2021\/04\/diversity-and-inclusion.jpg","width":1640,"height":924},{"@type":"BreadcrumbList","@id":"https:\/\/www.midvalleystem.org\/es\/recursos-para-diversidad-e-inclusion\/#breadcrumb","itemListElement":[{"@type":"ListItem","position":1,"name":"Home","item":"https:\/\/www.midvalleystem.org\/es\/"},{"@type":"ListItem","position":2,"name":"Recursos para Diversidad e Inclusi\u00f3n"}]},{"@type":"WebSite","@id":"https:\/\/www.midvalleystem.org\/es\/#website","url":"https:\/\/www.midvalleystem.org\/es\/","name":"Mid-Valley STEM-CTE Hub - Espa\u00f1ol","description":"","potentialAction":[{"@type":"SearchAction","target":{"@type":"EntryPoint","urlTemplate":"https:\/\/www.midvalleystem.org\/es\/?s={search_term_string}"},"query-input":{"@type":"PropertyValueSpecification","valueRequired":true,"valueName":"search_term_string"}}],"inLanguage":"en-US"}]}},"_links":{"self":[{"href":"https:\/\/www.midvalleystem.org\/es\/wp-json\/wp\/v2\/pages\/5304","targetHints":{"allow":["GET"]}}],"collection":[{"href":"https:\/\/www.midvalleystem.org\/es\/wp-json\/wp\/v2\/pages"}],"about":[{"href":"https:\/\/www.midvalleystem.org\/es\/wp-json\/wp\/v2\/types\/page"}],"author":[{"embeddable":true,"href":"https:\/\/www.midvalleystem.org\/es\/wp-json\/wp\/v2\/users\/3"}],"replies":[{"embeddable":true,"href":"https:\/\/www.midvalleystem.org\/es\/wp-json\/wp\/v2\/comments?post=5304"}],"version-history":[{"count":3,"href":"https:\/\/www.midvalleystem.org\/es\/wp-json\/wp\/v2\/pages\/5304\/revisions"}],"predecessor-version":[{"id":7485,"href":"https:\/\/www.midvalleystem.org\/es\/wp-json\/wp\/v2\/pages\/5304\/revisions\/7485"}],"wp:featuredmedia":[{"embeddable":true,"href":"https:\/\/www.midvalleystem.org\/es\/wp-json\/wp\/v2\/media\/5313"}],"wp:attachment":[{"href":"https:\/\/www.midvalleystem.org\/es\/wp-json\/wp\/v2\/media?parent=5304"}],"curies":[{"name":"wp","href":"https:\/\/api.w.org\/{rel}","templated":true}]}}