{"id":5639,"date":"2021-06-08T14:28:26","date_gmt":"2021-06-08T21:28:26","guid":{"rendered":"https:\/\/www.midvalleystem.org\/es\/?page_id=5639"},"modified":"2022-10-12T17:25:59","modified_gmt":"2022-10-13T00:25:59","slug":"mapa-de-recursos-en-la-region","status":"publish","type":"page","link":"https:\/\/www.midvalleystem.org\/es\/mapa-de-recursos-en-la-region\/","title":{"rendered":"Mapa de recursos en la regi\u00f3n"},"content":{"rendered":"<div id=\"pl-5639\"  class=\"panel-layout\" ><div id=\"pg-5639-0\"  class=\"panel-grid panel-has-style\" ><div class=\"panel-row-style panel-row-style-for-5639-0\" ><div id=\"pgc-5639-0-0\"  class=\"panel-grid-cell\" ><div id=\"panel-5639-0-0-0\" class=\"so-panel widget widget_sow-editor panel-first-child panel-last-child\" data-index=\"0\" ><div\n\t\t\t\n\t\t\tclass=\"so-widget-sow-editor so-widget-sow-editor-base\"\n\t\t\t\n\t\t>\n<div class=\"siteorigin-widget-tinymce textwidget\">\n\t<h3>Mapa de recursos en la regi\u00f3n de Linn-Benton<\/h3>\n<h4><iframe src=\"https:\/\/www.google.com\/maps\/d\/embed?mid=1fsYc8MTMfpP7Mbd73OKUAs5pkH4dePZY\" width=\"800\" height=\"600\"><\/iframe><\/h4>\n<\/div>\n<\/div><\/div><\/div><div id=\"pgc-5639-0-1\"  class=\"panel-grid-cell\" ><div id=\"panel-5639-0-1-0\" class=\"so-panel widget widget_sow-editor panel-first-child panel-last-child\" data-index=\"1\" ><div\n\t\t\t\n\t\t\tclass=\"so-widget-sow-editor so-widget-sow-editor-base\"\n\t\t\t\n\t\t>\n<div class=\"siteorigin-widget-tinymce textwidget\">\n\t<p><b>Como usar este mapa<\/b><\/p>\n<p><span style=\"font-weight: 400;\">Descubra y con\u00e9ctese con empresas, instituciones educativas, organizaciones comunitarias, lugares STEM y otros socios en los condados de Linn y Benton que apoyan iniciativas en Ciencia, Tecnolog\u00eda, Ingenier\u00eda y Matem\u00e1ticas (STEM), as\u00ed como en Educaci\u00f3n T\u00e9cnica y Profesional (CTE).<\/span><\/p>\n<ul>\n<li style=\"font-weight: 400;\" aria-level=\"1\"><span style=\"font-weight: 400;\">\u00a0Despl\u00e1cese y ampl\u00ede el \u00e1rea para explorar a todos los socios o escriba en la barra de b\u00fasqueda.<\/span><\/li>\n<li style=\"font-weight: 400;\" aria-level=\"1\"><span style=\"font-weight: 400;\">Filtre los tipos de socios que le gustar\u00eda mostrar en el mapa haciendo clic en el icono en la esquina superior izquierda (es decir, organizaciones comunitarias, socios educativos K-12, empresas, industrias y entidades comerciales).<\/span><\/li>\n<\/ul>\n<\/div>\n<\/div><\/div><\/div><\/div><\/div><\/div>","protected":false},"excerpt":{"rendered":"Mapa de recursos en la regi\u00f3n de Linn-Benton Como usar este mapa Descubra y con\u00e9ctese con empresas, instituciones educativas, organizaciones comunitarias, lugares STEM y otros socios en los condados de [&hellip;]","protected":false},"author":3,"featured_media":0,"parent":0,"menu_order":0,"comment_status":"closed","ping_status":"closed","template":"","meta":{"_acf_changed":false,"footnotes":""},"class_list":["post-5639","page","type-page","status-publish","hentry"],"acf":[],"yoast_head":"<!-- This site is optimized with the Yoast SEO plugin v26.8 - https:\/\/yoast.com\/product\/yoast-seo-wordpress\/ -->\n<title>Mapa de recursos en la regi\u00f3n - Mid-Valley STEM-CTE Hub - Espa\u00f1ol<\/title>\n<meta name=\"robots\" content=\"index, follow, max-snippet:-1, max-image-preview:large, max-video-preview:-1\" \/>\n<link rel=\"canonical\" href=\"https:\/\/www.midvalleystem.org\/es\/mapa-de-recursos-en-la-region\/\" \/>\n<meta property=\"og:locale\" content=\"en_US\" \/>\n<meta property=\"og:type\" content=\"article\" \/>\n<meta property=\"og:title\" content=\"Mapa de recursos en la regi\u00f3n - Mid-Valley STEM-CTE Hub - Espa\u00f1ol\" \/>\n<meta property=\"og:description\" content=\"Mapa de recursos en la regi\u00f3n de Linn-Benton Como usar este mapa Descubra y con\u00e9ctese con empresas, instituciones educativas, organizaciones comunitarias, lugares STEM y otros socios en los condados de [&hellip;]\" \/>\n<meta property=\"og:url\" content=\"https:\/\/www.midvalleystem.org\/es\/mapa-de-recursos-en-la-region\/\" \/>\n<meta property=\"og:site_name\" content=\"Mid-Valley STEM-CTE Hub - Espa\u00f1ol\" \/>\n<meta property=\"article:modified_time\" content=\"2022-10-13T00:25:59+00:00\" \/>\n<meta name=\"twitter:card\" content=\"summary_large_image\" \/>\n<meta name=\"twitter:label1\" content=\"Est. reading time\" \/>\n\t<meta name=\"twitter:data1\" content=\"1 minute\" \/>\n<script type=\"application\/ld+json\" class=\"yoast-schema-graph\">{\"@context\":\"https:\/\/schema.org\",\"@graph\":[{\"@type\":\"WebPage\",\"@id\":\"https:\/\/www.midvalleystem.org\/es\/mapa-de-recursos-en-la-region\/\",\"url\":\"https:\/\/www.midvalleystem.org\/es\/mapa-de-recursos-en-la-region\/\",\"name\":\"Mapa de recursos en la regi\u00f3n - Mid-Valley STEM-CTE Hub - Espa\u00f1ol\",\"isPartOf\":{\"@id\":\"https:\/\/www.midvalleystem.org\/es\/#website\"},\"datePublished\":\"2021-06-08T21:28:26+00:00\",\"dateModified\":\"2022-10-13T00:25:59+00:00\",\"breadcrumb\":{\"@id\":\"https:\/\/www.midvalleystem.org\/es\/mapa-de-recursos-en-la-region\/#breadcrumb\"},\"inLanguage\":\"en-US\",\"potentialAction\":[{\"@type\":\"ReadAction\",\"target\":[\"https:\/\/www.midvalleystem.org\/es\/mapa-de-recursos-en-la-region\/\"]}]},{\"@type\":\"BreadcrumbList\",\"@id\":\"https:\/\/www.midvalleystem.org\/es\/mapa-de-recursos-en-la-region\/#breadcrumb\",\"itemListElement\":[{\"@type\":\"ListItem\",\"position\":1,\"name\":\"Home\",\"item\":\"https:\/\/www.midvalleystem.org\/es\/\"},{\"@type\":\"ListItem\",\"position\":2,\"name\":\"Mapa de recursos en la regi\u00f3n\"}]},{\"@type\":\"WebSite\",\"@id\":\"https:\/\/www.midvalleystem.org\/es\/#website\",\"url\":\"https:\/\/www.midvalleystem.org\/es\/\",\"name\":\"Mid-Valley STEM-CTE Hub - Espa\u00f1ol\",\"description\":\"\",\"potentialAction\":[{\"@type\":\"SearchAction\",\"target\":{\"@type\":\"EntryPoint\",\"urlTemplate\":\"https:\/\/www.midvalleystem.org\/es\/?s={search_term_string}\"},\"query-input\":{\"@type\":\"PropertyValueSpecification\",\"valueRequired\":true,\"valueName\":\"search_term_string\"}}],\"inLanguage\":\"en-US\"}]}<\/script>\n<!-- \/ Yoast SEO plugin. -->","yoast_head_json":{"title":"Mapa de recursos en la regi\u00f3n - Mid-Valley STEM-CTE Hub - Espa\u00f1ol","robots":{"index":"index","follow":"follow","max-snippet":"max-snippet:-1","max-image-preview":"max-image-preview:large","max-video-preview":"max-video-preview:-1"},"canonical":"https:\/\/www.midvalleystem.org\/es\/mapa-de-recursos-en-la-region\/","og_locale":"en_US","og_type":"article","og_title":"Mapa de recursos en la regi\u00f3n - Mid-Valley STEM-CTE Hub - Espa\u00f1ol","og_description":"Mapa de recursos en la regi\u00f3n de Linn-Benton Como usar este mapa Descubra y con\u00e9ctese con empresas, instituciones educativas, organizaciones comunitarias, lugares STEM y otros socios en los condados de [&hellip;]","og_url":"https:\/\/www.midvalleystem.org\/es\/mapa-de-recursos-en-la-region\/","og_site_name":"Mid-Valley STEM-CTE Hub - Espa\u00f1ol","article_modified_time":"2022-10-13T00:25:59+00:00","twitter_card":"summary_large_image","twitter_misc":{"Est. reading time":"1 minute"},"schema":{"@context":"https:\/\/schema.org","@graph":[{"@type":"WebPage","@id":"https:\/\/www.midvalleystem.org\/es\/mapa-de-recursos-en-la-region\/","url":"https:\/\/www.midvalleystem.org\/es\/mapa-de-recursos-en-la-region\/","name":"Mapa de recursos en la regi\u00f3n - Mid-Valley STEM-CTE Hub - Espa\u00f1ol","isPartOf":{"@id":"https:\/\/www.midvalleystem.org\/es\/#website"},"datePublished":"2021-06-08T21:28:26+00:00","dateModified":"2022-10-13T00:25:59+00:00","breadcrumb":{"@id":"https:\/\/www.midvalleystem.org\/es\/mapa-de-recursos-en-la-region\/#breadcrumb"},"inLanguage":"en-US","potentialAction":[{"@type":"ReadAction","target":["https:\/\/www.midvalleystem.org\/es\/mapa-de-recursos-en-la-region\/"]}]},{"@type":"BreadcrumbList","@id":"https:\/\/www.midvalleystem.org\/es\/mapa-de-recursos-en-la-region\/#breadcrumb","itemListElement":[{"@type":"ListItem","position":1,"name":"Home","item":"https:\/\/www.midvalleystem.org\/es\/"},{"@type":"ListItem","position":2,"name":"Mapa de recursos en la regi\u00f3n"}]},{"@type":"WebSite","@id":"https:\/\/www.midvalleystem.org\/es\/#website","url":"https:\/\/www.midvalleystem.org\/es\/","name":"Mid-Valley STEM-CTE Hub - Espa\u00f1ol","description":"","potentialAction":[{"@type":"SearchAction","target":{"@type":"EntryPoint","urlTemplate":"https:\/\/www.midvalleystem.org\/es\/?s={search_term_string}"},"query-input":{"@type":"PropertyValueSpecification","valueRequired":true,"valueName":"search_term_string"}}],"inLanguage":"en-US"}]}},"_links":{"self":[{"href":"https:\/\/www.midvalleystem.org\/es\/wp-json\/wp\/v2\/pages\/5639","targetHints":{"allow":["GET"]}}],"collection":[{"href":"https:\/\/www.midvalleystem.org\/es\/wp-json\/wp\/v2\/pages"}],"about":[{"href":"https:\/\/www.midvalleystem.org\/es\/wp-json\/wp\/v2\/types\/page"}],"author":[{"embeddable":true,"href":"https:\/\/www.midvalleystem.org\/es\/wp-json\/wp\/v2\/users\/3"}],"replies":[{"embeddable":true,"href":"https:\/\/www.midvalleystem.org\/es\/wp-json\/wp\/v2\/comments?post=5639"}],"version-history":[{"count":1,"href":"https:\/\/www.midvalleystem.org\/es\/wp-json\/wp\/v2\/pages\/5639\/revisions"}],"predecessor-version":[{"id":7699,"href":"https:\/\/www.midvalleystem.org\/es\/wp-json\/wp\/v2\/pages\/5639\/revisions\/7699"}],"wp:attachment":[{"href":"https:\/\/www.midvalleystem.org\/es\/wp-json\/wp\/v2\/media?parent=5639"}],"curies":[{"name":"wp","href":"https:\/\/api.w.org\/{rel}","templated":true}]}}