{"id":5875,"date":"2021-08-03T16:56:22","date_gmt":"2021-08-03T23:56:22","guid":{"rendered":"https:\/\/www.midvalleystem.org\/es\/?page_id=5875"},"modified":"2022-10-07T15:10:12","modified_gmt":"2022-10-07T22:10:12","slug":"negocios-y-comunidad","status":"publish","type":"page","link":"https:\/\/www.midvalleystem.org\/es\/negocios-y-comunidad\/","title":{"rendered":"Negocios y Comunidad"},"content":{"rendered":"<div id=\"pl-5875\"  class=\"panel-layout\" ><div id=\"pg-5875-0\"  class=\"panel-grid panel-has-style\" ><div class=\"panel-row-style panel-row-style-for-5875-0\" ><div id=\"pgc-5875-0-0\"  class=\"panel-grid-cell\" ><div id=\"panel-5875-0-0-0\" class=\"so-panel widget widget_sow-editor panel-first-child panel-last-child\" data-index=\"0\" ><div\n\t\t\t\n\t\t\tclass=\"so-widget-sow-editor so-widget-sow-editor-base\"\n\t\t\t\n\t\t>\n<div class=\"siteorigin-widget-tinymce textwidget\">\n\t<h4><b>Creando Comunidad<\/b><\/h4>\n<p><span style=\"font-weight: 400;\">Conectar a los j\u00f3venes con los negocios y la industria es esencial para crear informaci\u00f3n relevante y oportunidades de aprendizaje con la pr\u00e1ctica y exploraci\u00f3n de carreras en los campos STEM\/CTE. \u00a1Los profesionales de la industria juegan un papel fundamental en hacer que el aprendizaje de STEM\/CTE cobre vida!<\/span><\/p>\n<\/div>\n<\/div><\/div><\/div><div id=\"pgc-5875-0-1\"  class=\"panel-grid-cell panel-grid-cell-empty\" ><\/div><div id=\"pgc-5875-0-2\"  class=\"panel-grid-cell\" ><div id=\"panel-5875-0-2-0\" class=\"so-panel widget widget_sow-button panel-first-child panel-last-child\" data-index=\"1\" ><div class=\"panel-widget-style panel-widget-style-for-5875-0-2-0\" ><div\n\t\t\t\n\t\t\tclass=\"so-widget-sow-button so-widget-sow-button-atom-857739567c6a-5875\"\n\t\t\t\n\t\t><div class=\"ow-button-base ow-button-align-center\"\n>\n\t\t\t<a\n\t\t\t\t\thref=\"https:\/\/www.midvalleystem.org\/es\/sign-up\/\"\n\t\t\t\t\tclass=\"sowb-button ow-icon-placement-left ow-button-hover\" target=\"_blank\" rel=\"noopener noreferrer\" \t>\n\t\t<span>\n\t\t\t<span class=\"sow-icon-fontawesome sow-far\" data-sow-icon=\"&#xf0e0;\"\n\t\tstyle=\"color: #ffffff\" \n\t\taria-hidden=\"true\"><\/span>\n\t\t\t \u00a1Suscr\u00edbase a nuestro bolet\u00edn de noticias!\t\t<\/span>\n\t\t\t<\/a>\n\t<\/div>\n<\/div><\/div><\/div><\/div><\/div><\/div><div id=\"pg-5875-1\"  class=\"panel-grid panel-has-style\" ><div class=\"panel-row-style panel-row-style-for-5875-1\" ><div id=\"pgc-5875-1-0\"  class=\"panel-grid-cell\" ><div id=\"panel-5875-1-0-0\" class=\"so-panel widget widget_sow-editor panel-first-child panel-last-child\" data-index=\"2\" ><div\n\t\t\t\n\t\t\tclass=\"so-widget-sow-editor so-widget-sow-editor-base\"\n\t\t\t\n\t\t>\n<div class=\"siteorigin-widget-tinymce textwidget\">\n\t<h4><a href=\"https:\/\/www.midvalleystem.org\/es\/asset-map\/\"><b>Mapa de recursos en la regi\u00f3n de Linn-Benton<\/b><\/a><\/h4>\n<p><iframe src=\"https:\/\/www.google.com\/maps\/d\/embed?mid=1fsYc8MTMfpP7Mbd73OKUAs5pkH4dePZY\" width=\"600\" height=\"500\"><\/iframe><\/p>\n<\/div>\n<\/div><\/div><\/div><\/div><\/div><div id=\"pg-5875-2\"  class=\"panel-grid panel-has-style\" ><div class=\"panel-row-style panel-row-style-for-5875-2\" ><div id=\"pgc-5875-2-0\"  class=\"panel-grid-cell\" ><div id=\"panel-5875-2-0-0\" class=\"so-panel widget widget_sow-editor panel-first-child\" data-index=\"3\" ><div class=\"panel-widget-style panel-widget-style-for-5875-2-0-0\" ><div\n\t\t\t\n\t\t\tclass=\"so-widget-sow-editor so-widget-sow-editor-base\"\n\t\t\t\n\t\t>\n<div class=\"siteorigin-widget-tinymce textwidget\">\n\t<h3><a href=\"https:\/\/www.midvalleystem.org\/es\/makerspaces\/\"><b>Espacios creativos locales<\/b><\/a><\/h3>\n<p><span style=\"font-weight: 400;\">Los espacios creativos o Makerspaces son espacios de trabajo colaborativo dentro<br \/>\nde una escuela, biblioteca o instalaci\u00f3n p\u00fablica\/privada separada para hacer, aprender,<br \/>\nexplorar y compartir que utilizan herramientas de alta tecnolog\u00eda o sin tecnolog\u00eda.<\/span><\/p>\n<\/div>\n<\/div><\/div><\/div><div id=\"panel-5875-2-0-1\" class=\"so-panel widget widget_sow-editor\" data-index=\"4\" ><div class=\"panel-widget-style panel-widget-style-for-5875-2-0-1\" ><div\n\t\t\t\n\t\t\tclass=\"so-widget-sow-editor so-widget-sow-editor-base\"\n\t\t\t\n\t\t>\n<div class=\"siteorigin-widget-tinymce textwidget\">\n\t<p><img decoding=\"async\" class=\"alignleft wp-image-7492 size-medium\" src=\"https:\/\/www.midvalleystem.org\/media\/sites\/2\/2022\/08\/MILL-Logo-final_Mill-Logo-updated-e1660587195369-250x250.png\" alt=\"\" width=\"250\" height=\"250\" srcset=\"https:\/\/www.midvalleystem.org\/media\/sites\/2\/2022\/08\/MILL-Logo-final_Mill-Logo-updated-e1660587195369-250x250.png 250w, https:\/\/www.midvalleystem.org\/media\/sites\/2\/2022\/08\/MILL-Logo-final_Mill-Logo-updated-e1660587195369-150x150.png 150w, https:\/\/www.midvalleystem.org\/media\/sites\/2\/2022\/08\/MILL-Logo-final_Mill-Logo-updated-e1660587195369-120x120.png 120w, https:\/\/www.midvalleystem.org\/media\/sites\/2\/2022\/08\/MILL-Logo-final_Mill-Logo-updated-e1660587195369.png 600w\" sizes=\"(max-width: 250px) 100vw, 250px\" \/><\/p>\n<h4><b>MILL (Laboratorio de aprendizaje en creaci\u00f3n e innovaci\u00f3n)<\/b><\/h4>\n<p><span style=\"font-weight: 400;\">El MILL es el espacio de creaci\u00f3n de Mid-Valley STEM-CTE Hub en el campus de Linn-Benton Community College,<br \/>\nAlbany. Actualmente est\u00e1 en construcci\u00f3n, pero estar\u00e1 ubicado en Takena Hall, sal\u00f3n 229.<\/span><\/p>\n<p><span style=\"font-weight: 400;\">El MILL estar\u00e1 abierto para los estudiantes de LBCC y la comunidad de los Condados de Linn y Benton.<\/span><\/p>\n<\/div>\n<\/div><\/div><\/div><div id=\"panel-5875-2-0-2\" class=\"so-panel widget widget_sow-editor panel-last-child\" data-index=\"5\" ><div class=\"panel-widget-style panel-widget-style-for-5875-2-0-2\" ><div\n\t\t\t\n\t\t\tclass=\"so-widget-sow-editor so-widget-sow-editor-base\"\n\t\t\t\n\t\t>\n<div class=\"siteorigin-widget-tinymce textwidget\">\n\t<p><img decoding=\"async\" class=\"alignleft wp-image-6099 size-full\" src=\"https:\/\/www.midvalleystem.org\/media\/2021\/07\/makerspaces-100.jpg\" alt=\"maker space\" width=\"300\" height=\"250\" srcset=\"https:\/\/www.midvalleystem.org\/media\/sites\/2\/2021\/07\/makerspaces-100.jpg 300w, https:\/\/www.midvalleystem.org\/media\/sites\/2\/2021\/07\/makerspaces-100-250x208.jpg 250w, https:\/\/www.midvalleystem.org\/media\/sites\/2\/2021\/07\/makerspaces-100-120x100.jpg 120w\" sizes=\"(max-width: 300px) 100vw, 300px\" \/><\/p>\n<h4><b>Espacio creativo (Makerspace) m\u00f3vil<\/b><\/h4>\n<p><span style=\"font-weight: 400;\">Nuestro Espacio creativo m\u00f3vil, es una camioneta que podemos llevar a<br \/>\nescuelas y organizaciones en la regi\u00f3n de los Condados de Linn y Benton.<br \/>\nEl espacio creativo m\u00f3vil nos permite realizar actividades STEM y<br \/>\nprogramaci\u00f3n de espacio creativo para todos los estudiantes de nuestra regi\u00f3n.<br \/>\n\u00bfEst\u00e1 interesado en que el espacio creativo m\u00f3vil lidere un proyecto con sus estudiantes?<\/span><\/p>\n<p><span style=\"font-weight: 400;\">Env\u00edenos un correo electr\u00f3nico a:\u00a0<\/span><a href=\"mailto:midvalleystemctehub@linnbenton.edu\"><b>midvalleystemctehub@linnbenton.edu<\/b><\/a><span style=\"font-weight: 400;\">.<\/span><\/p>\n<\/div>\n<\/div><\/div><\/div><\/div><\/div><\/div><div id=\"pg-5875-3\"  class=\"panel-grid panel-has-style\" ><div class=\"panel-row-style panel-row-style-for-5875-3\" ><div id=\"pgc-5875-3-0\"  class=\"panel-grid-cell\" ><div id=\"panel-5875-3-0-0\" class=\"so-panel widget widget_sow-editor panel-first-child panel-last-child\" data-index=\"6\" ><div\n\t\t\t\n\t\t\tclass=\"so-widget-sow-editor so-widget-sow-editor-base\"\n\t\t\t\n\t\t>\n<div class=\"siteorigin-widget-tinymce textwidget\">\n\t<h3><b>Aprendizaje relacionado con la carrera<\/b><\/h3>\n<p><img decoding=\"async\" class=\"wp-image-7614 size-medium alignleft\" src=\"https:\/\/www.midvalleystem.org\/media\/sites\/2\/2022\/09\/welding-tech-15-250x208.png\" alt=\"female welding student\" width=\"250\" height=\"208\" srcset=\"https:\/\/www.midvalleystem.org\/media\/sites\/2\/2022\/09\/welding-tech-15-250x208.png 250w, https:\/\/www.midvalleystem.org\/media\/sites\/2\/2022\/09\/welding-tech-15-120x100.png 120w, https:\/\/www.midvalleystem.org\/media\/sites\/2\/2022\/09\/welding-tech-15.png 300w\" sizes=\"(max-width: 250px) 100vw, 250px\" \/><\/p>\n<p><span style=\"font-weight: 400;\">El aprendizaje relacionado con la carrera es un m\u00e9todo educativo<br \/>\nque presenta a los estudiantes opciones profesionales y oportunidades<br \/>\nde empleo a trav\u00e9s de programas interactivos y asociaciones con<br \/>\nempresas, profesionales y expertos establecidos en diferentes campos.<\/span><\/p>\n<\/div>\n<\/div><\/div><\/div><\/div><\/div><div id=\"pg-5875-4\"  class=\"panel-grid panel-has-style\" ><div class=\"panel-row-style panel-row-style-for-5875-4\" ><div id=\"pgc-5875-4-0\"  class=\"panel-grid-cell\" ><div id=\"panel-5875-4-0-0\" class=\"so-panel widget widget_sow-editor panel-first-child panel-last-child\" data-index=\"7\" ><div\n\t\t\t\n\t\t\tclass=\"so-widget-sow-editor so-widget-sow-editor-base\"\n\t\t\t\n\t\t>\n<div class=\"siteorigin-widget-tinymce textwidget\">\n\t<h4><a href=\"https:\/\/www.midvalleystem.org\/es\/hub-partners\/\"><b>Asociarse con nosotros<\/b><\/a><\/h4>\n<p><a href=\"https:\/\/www.midvalleystem.org\/es\/hub-partners\/\"><img decoding=\"async\" class=\"alignnone wp-image-6216 size-medium\" src=\"https:\/\/www.midvalleystem.org\/media\/2021\/07\/community-100-250x250.jpg\" alt=\"community\" width=\"250\" height=\"250\" srcset=\"https:\/\/www.midvalleystem.org\/media\/sites\/2\/2021\/07\/community-100-250x250.jpg 250w, https:\/\/www.midvalleystem.org\/media\/sites\/2\/2021\/07\/community-100-150x150.jpg 150w, https:\/\/www.midvalleystem.org\/media\/sites\/2\/2021\/07\/community-100-120x120.jpg 120w, https:\/\/www.midvalleystem.org\/media\/sites\/2\/2021\/07\/community-100.jpg 300w\" sizes=\"(max-width: 250px) 100vw, 250px\" \/><\/a><\/p>\n<p>&nbsp;<\/p>\n<\/div>\n<\/div><\/div><\/div><div id=\"pgc-5875-4-1\"  class=\"panel-grid-cell\" ><div id=\"panel-5875-4-1-0\" class=\"so-panel widget widget_sow-editor panel-first-child panel-last-child\" data-index=\"8\" ><div\n\t\t\t\n\t\t\tclass=\"so-widget-sow-editor so-widget-sow-editor-base\"\n\t\t\t\n\t\t>\n<div class=\"siteorigin-widget-tinymce textwidget\">\n\t<h4 class=\"pb-widget-title\"><a href=\"https:\/\/www.midvalleystem.org\/es\/un-paso-adelante\/\" data-mce-href=\"https:\/\/www.midvalleystem.org\/es\/un-paso-adelante\/\">Un paso adelante:<br \/>Videoteca de educaci\u00f3n<\/a><\/h4>\n<p><a href=\"https:\/\/www.midvalleystem.org\/es\/un-paso-adelante\/\" data-mce-href=\"https:\/\/www.midvalleystem.org\/es\/un-paso-adelante\/\"><img decoding=\"async\" width=\"250\" height=\"256\" class=\"alignnone size-medium wp-image-6897\" src=\"https:\/\/www.midvalleystem.org\/media\/sites\/2\/2021\/11\/ASA_Full_noline-250x256.png\" alt=\"\" data-mce-src=\"https:\/\/www.midvalleystem.org\/media\/sites\/2\/2021\/11\/ASA_Full_noline-250x256.png\" srcset=\"https:\/\/www.midvalleystem.org\/media\/sites\/2\/2021\/11\/ASA_Full_noline-250x256.png 250w, https:\/\/www.midvalleystem.org\/media\/sites\/2\/2021\/11\/ASA_Full_noline-120x123.png 120w, https:\/\/www.midvalleystem.org\/media\/sites\/2\/2021\/11\/ASA_Full_noline.png 432w\" sizes=\"(max-width: 250px) 100vw, 250px\" \/><\/a><\/p><\/p>\n<\/div>\n<\/div><\/div><\/div><\/div><\/div><div id=\"pg-5875-5\"  class=\"panel-grid panel-has-style\" ><div class=\"panel-row-style panel-row-style-for-5875-5\" ><div id=\"pgc-5875-5-0\"  class=\"panel-grid-cell\" ><div id=\"panel-5875-5-0-0\" class=\"so-panel widget widget_sow-editor panel-first-child panel-last-child\" data-index=\"9\" ><div\n\t\t\t\n\t\t\tclass=\"so-widget-sow-editor so-widget-sow-editor-base\"\n\t\t\t\n\t\t>\n<div class=\"siteorigin-widget-tinymce textwidget\">\n\t<h4 style=\"text-align: left;\"><a href=\"https:\/\/www.midvalleystem.org\/es\/closing-the-gap\/\"><b>Podcast Closing the Gap<br \/>\n(Disminuyendo las diferencias)<\/b><\/a><\/h4>\n<p style=\"text-align: center;\"><a href=\"https:\/\/www.midvalleystem.org\/es\/closing-the-gap\/\"><img decoding=\"async\" width=\"250\" height=\"250\" class=\"alignnone size-medium wp-image-7490 alignleft\" src=\"https:\/\/www.midvalleystem.org\/media\/sites\/2\/2022\/08\/closing_the_gap_podcast_logo-1-e1660586769662-250x250.png\" alt=\"Closing the Gap podcast logo\" srcset=\"https:\/\/www.midvalleystem.org\/media\/sites\/2\/2022\/08\/closing_the_gap_podcast_logo-1-e1660586769662-250x250.png 250w, https:\/\/www.midvalleystem.org\/media\/sites\/2\/2022\/08\/closing_the_gap_podcast_logo-1-e1660586769662-150x150.png 150w, https:\/\/www.midvalleystem.org\/media\/sites\/2\/2022\/08\/closing_the_gap_podcast_logo-1-e1660586769662-120x120.png 120w, https:\/\/www.midvalleystem.org\/media\/sites\/2\/2022\/08\/closing_the_gap_podcast_logo-1-e1660586769662.png 600w\" sizes=\"(max-width: 250px) 100vw, 250px\" \/><\/a><\/p>\n<p style=\"text-align: center;\">\n<\/div>\n<\/div><\/div><\/div><div id=\"pgc-5875-5-1\"  class=\"panel-grid-cell\" ><div id=\"panel-5875-5-1-0\" class=\"so-panel widget widget_sow-editor panel-first-child panel-last-child\" data-index=\"10\" ><div\n\t\t\t\n\t\t\tclass=\"so-widget-sow-editor so-widget-sow-editor-base\"\n\t\t\t\n\t\t>\n<div class=\"siteorigin-widget-tinymce textwidget\">\n\t<h4><a href=\"https:\/\/www.midvalleystem.org\/https:\/www.midvalleystem.org\/es\/volunteer\/volunteer\/\"><b>Voluntarios<\/b><\/a><\/h4>\n<p><a href=\"https:\/\/www.midvalleystem.org\/es\/volunteer\/\"><img decoding=\"async\" class=\"alignleft wp-image-6210 size-medium\" src=\"https:\/\/www.midvalleystem.org\/media\/sites\/2\/2021\/07\/volunteer2-250x250.png\" alt=\"\" width=\"250\" height=\"250\" \/><\/a><\/p>\n<p>&nbsp;<\/p>\n<\/div>\n<\/div><\/div><\/div><\/div><\/div><div id=\"pg-5875-6\"  class=\"panel-grid panel-has-style\" ><div class=\"panel-row-style panel-row-style-for-5875-6\" ><div id=\"pgc-5875-6-0\"  class=\"panel-grid-cell\" ><div id=\"panel-5875-6-0-0\" class=\"so-panel widget widget_sow-editor panel-first-child panel-last-child\" data-index=\"11\" ><div\n\t\t\t\n\t\t\tclass=\"so-widget-sow-editor so-widget-sow-editor-base\"\n\t\t\t\n\t\t>\n<div class=\"siteorigin-widget-tinymce textwidget\">\n\t<p><span style=\"font-weight: 400;\">\u00bfTiene preguntas o sugerencias? Cont\u00e1ctenos en\u00a0<\/span><a href=\"mailto:midvalleystemctehub@linnbenton.edu\"><b>midvalleystemctehub@linnbenton.edu<\/b><\/a><\/p>\n<\/div>\n<\/div><\/div><\/div><\/div><\/div><\/div>","protected":false},"excerpt":{"rendered":"Creando Comunidad Conectar a los j\u00f3venes con los negocios y la industria es esencial para crear informaci\u00f3n relevante y oportunidades de aprendizaje con la pr\u00e1ctica y exploraci\u00f3n de carreras en [&hellip;]","protected":false},"author":7,"featured_media":277,"parent":0,"menu_order":0,"comment_status":"closed","ping_status":"closed","template":"","meta":{"_acf_changed":false,"footnotes":""},"class_list":["post-5875","page","type-page","status-publish","has-post-thumbnail","hentry"],"acf":[],"yoast_head":"<!-- This site is optimized with the Yoast SEO plugin v26.8 - https:\/\/yoast.com\/product\/yoast-seo-wordpress\/ -->\n<title>Negocios y Comunidad - Mid-Valley STEM-CTE Hub - Espa\u00f1ol<\/title>\n<meta name=\"robots\" content=\"index, follow, max-snippet:-1, max-image-preview:large, max-video-preview:-1\" \/>\n<link rel=\"canonical\" href=\"https:\/\/www.midvalleystem.org\/es\/negocios-y-comunidad\/\" \/>\n<meta property=\"og:locale\" content=\"en_US\" \/>\n<meta property=\"og:type\" content=\"article\" \/>\n<meta property=\"og:title\" content=\"Negocios y Comunidad - Mid-Valley STEM-CTE Hub - Espa\u00f1ol\" \/>\n<meta property=\"og:description\" content=\"Creando Comunidad Conectar a los j\u00f3venes con los negocios y la industria es esencial para crear informaci\u00f3n relevante y oportunidades de aprendizaje con la pr\u00e1ctica y exploraci\u00f3n de carreras en [&hellip;]\" \/>\n<meta property=\"og:url\" content=\"https:\/\/www.midvalleystem.org\/es\/negocios-y-comunidad\/\" \/>\n<meta property=\"og:site_name\" content=\"Mid-Valley STEM-CTE Hub - Espa\u00f1ol\" \/>\n<meta property=\"article:modified_time\" content=\"2022-10-07T22:10:12+00:00\" \/>\n<meta property=\"og:image\" content=\"https:\/\/www.midvalleystem.org\/media\/sites\/2\/2019\/06\/feat-01-e1608598665213.jpg\" \/>\n\t<meta property=\"og:image:width\" content=\"1000\" \/>\n\t<meta property=\"og:image:height\" content=\"555\" \/>\n\t<meta property=\"og:image:type\" content=\"image\/jpeg\" \/>\n<meta name=\"twitter:card\" content=\"summary_large_image\" \/>\n<meta name=\"twitter:label1\" content=\"Est. reading time\" \/>\n\t<meta name=\"twitter:data1\" content=\"4 minutes\" \/>\n<script type=\"application\/ld+json\" class=\"yoast-schema-graph\">{\"@context\":\"https:\/\/schema.org\",\"@graph\":[{\"@type\":\"WebPage\",\"@id\":\"https:\/\/www.midvalleystem.org\/es\/negocios-y-comunidad\/\",\"url\":\"https:\/\/www.midvalleystem.org\/es\/negocios-y-comunidad\/\",\"name\":\"Negocios y Comunidad - Mid-Valley STEM-CTE Hub - Espa\u00f1ol\",\"isPartOf\":{\"@id\":\"https:\/\/www.midvalleystem.org\/es\/#website\"},\"primaryImageOfPage\":{\"@id\":\"https:\/\/www.midvalleystem.org\/es\/negocios-y-comunidad\/#primaryimage\"},\"image\":{\"@id\":\"https:\/\/www.midvalleystem.org\/es\/negocios-y-comunidad\/#primaryimage\"},\"thumbnailUrl\":\"https:\/\/www.midvalleystem.org\/media\/sites\/2\/2019\/06\/feat-01-e1608598665213.jpg\",\"datePublished\":\"2021-08-03T23:56:22+00:00\",\"dateModified\":\"2022-10-07T22:10:12+00:00\",\"breadcrumb\":{\"@id\":\"https:\/\/www.midvalleystem.org\/es\/negocios-y-comunidad\/#breadcrumb\"},\"inLanguage\":\"en-US\",\"potentialAction\":[{\"@type\":\"ReadAction\",\"target\":[\"https:\/\/www.midvalleystem.org\/es\/negocios-y-comunidad\/\"]}]},{\"@type\":\"ImageObject\",\"inLanguage\":\"en-US\",\"@id\":\"https:\/\/www.midvalleystem.org\/es\/negocios-y-comunidad\/#primaryimage\",\"url\":\"https:\/\/www.midvalleystem.org\/media\/sites\/2\/2019\/06\/feat-01-e1608598665213.jpg\",\"contentUrl\":\"https:\/\/www.midvalleystem.org\/media\/sites\/2\/2019\/06\/feat-01-e1608598665213.jpg\",\"width\":1000,\"height\":555},{\"@type\":\"BreadcrumbList\",\"@id\":\"https:\/\/www.midvalleystem.org\/es\/negocios-y-comunidad\/#breadcrumb\",\"itemListElement\":[{\"@type\":\"ListItem\",\"position\":1,\"name\":\"Home\",\"item\":\"https:\/\/www.midvalleystem.org\/es\/\"},{\"@type\":\"ListItem\",\"position\":2,\"name\":\"Negocios y Comunidad\"}]},{\"@type\":\"WebSite\",\"@id\":\"https:\/\/www.midvalleystem.org\/es\/#website\",\"url\":\"https:\/\/www.midvalleystem.org\/es\/\",\"name\":\"Mid-Valley STEM-CTE Hub - Espa\u00f1ol\",\"description\":\"\",\"potentialAction\":[{\"@type\":\"SearchAction\",\"target\":{\"@type\":\"EntryPoint\",\"urlTemplate\":\"https:\/\/www.midvalleystem.org\/es\/?s={search_term_string}\"},\"query-input\":{\"@type\":\"PropertyValueSpecification\",\"valueRequired\":true,\"valueName\":\"search_term_string\"}}],\"inLanguage\":\"en-US\"}]}<\/script>\n<!-- \/ Yoast SEO plugin. -->","yoast_head_json":{"title":"Negocios y Comunidad - Mid-Valley STEM-CTE Hub - Espa\u00f1ol","robots":{"index":"index","follow":"follow","max-snippet":"max-snippet:-1","max-image-preview":"max-image-preview:large","max-video-preview":"max-video-preview:-1"},"canonical":"https:\/\/www.midvalleystem.org\/es\/negocios-y-comunidad\/","og_locale":"en_US","og_type":"article","og_title":"Negocios y Comunidad - Mid-Valley STEM-CTE Hub - Espa\u00f1ol","og_description":"Creando Comunidad Conectar a los j\u00f3venes con los negocios y la industria es esencial para crear informaci\u00f3n relevante y oportunidades de aprendizaje con la pr\u00e1ctica y exploraci\u00f3n de carreras en [&hellip;]","og_url":"https:\/\/www.midvalleystem.org\/es\/negocios-y-comunidad\/","og_site_name":"Mid-Valley STEM-CTE Hub - Espa\u00f1ol","article_modified_time":"2022-10-07T22:10:12+00:00","og_image":[{"width":1000,"height":555,"url":"https:\/\/www.midvalleystem.org\/media\/sites\/2\/2019\/06\/feat-01-e1608598665213.jpg","type":"image\/jpeg"}],"twitter_card":"summary_large_image","twitter_misc":{"Est. reading time":"4 minutes"},"schema":{"@context":"https:\/\/schema.org","@graph":[{"@type":"WebPage","@id":"https:\/\/www.midvalleystem.org\/es\/negocios-y-comunidad\/","url":"https:\/\/www.midvalleystem.org\/es\/negocios-y-comunidad\/","name":"Negocios y Comunidad - Mid-Valley STEM-CTE Hub - Espa\u00f1ol","isPartOf":{"@id":"https:\/\/www.midvalleystem.org\/es\/#website"},"primaryImageOfPage":{"@id":"https:\/\/www.midvalleystem.org\/es\/negocios-y-comunidad\/#primaryimage"},"image":{"@id":"https:\/\/www.midvalleystem.org\/es\/negocios-y-comunidad\/#primaryimage"},"thumbnailUrl":"https:\/\/www.midvalleystem.org\/media\/sites\/2\/2019\/06\/feat-01-e1608598665213.jpg","datePublished":"2021-08-03T23:56:22+00:00","dateModified":"2022-10-07T22:10:12+00:00","breadcrumb":{"@id":"https:\/\/www.midvalleystem.org\/es\/negocios-y-comunidad\/#breadcrumb"},"inLanguage":"en-US","potentialAction":[{"@type":"ReadAction","target":["https:\/\/www.midvalleystem.org\/es\/negocios-y-comunidad\/"]}]},{"@type":"ImageObject","inLanguage":"en-US","@id":"https:\/\/www.midvalleystem.org\/es\/negocios-y-comunidad\/#primaryimage","url":"https:\/\/www.midvalleystem.org\/media\/sites\/2\/2019\/06\/feat-01-e1608598665213.jpg","contentUrl":"https:\/\/www.midvalleystem.org\/media\/sites\/2\/2019\/06\/feat-01-e1608598665213.jpg","width":1000,"height":555},{"@type":"BreadcrumbList","@id":"https:\/\/www.midvalleystem.org\/es\/negocios-y-comunidad\/#breadcrumb","itemListElement":[{"@type":"ListItem","position":1,"name":"Home","item":"https:\/\/www.midvalleystem.org\/es\/"},{"@type":"ListItem","position":2,"name":"Negocios y Comunidad"}]},{"@type":"WebSite","@id":"https:\/\/www.midvalleystem.org\/es\/#website","url":"https:\/\/www.midvalleystem.org\/es\/","name":"Mid-Valley STEM-CTE Hub - Espa\u00f1ol","description":"","potentialAction":[{"@type":"SearchAction","target":{"@type":"EntryPoint","urlTemplate":"https:\/\/www.midvalleystem.org\/es\/?s={search_term_string}"},"query-input":{"@type":"PropertyValueSpecification","valueRequired":true,"valueName":"search_term_string"}}],"inLanguage":"en-US"}]}},"_links":{"self":[{"href":"https:\/\/www.midvalleystem.org\/es\/wp-json\/wp\/v2\/pages\/5875","targetHints":{"allow":["GET"]}}],"collection":[{"href":"https:\/\/www.midvalleystem.org\/es\/wp-json\/wp\/v2\/pages"}],"about":[{"href":"https:\/\/www.midvalleystem.org\/es\/wp-json\/wp\/v2\/types\/page"}],"author":[{"embeddable":true,"href":"https:\/\/www.midvalleystem.org\/es\/wp-json\/wp\/v2\/users\/7"}],"replies":[{"embeddable":true,"href":"https:\/\/www.midvalleystem.org\/es\/wp-json\/wp\/v2\/comments?post=5875"}],"version-history":[{"count":4,"href":"https:\/\/www.midvalleystem.org\/es\/wp-json\/wp\/v2\/pages\/5875\/revisions"}],"predecessor-version":[{"id":6413,"href":"https:\/\/www.midvalleystem.org\/es\/wp-json\/wp\/v2\/pages\/5875\/revisions\/6413"}],"wp:featuredmedia":[{"embeddable":true,"href":"https:\/\/www.midvalleystem.org\/es\/wp-json\/wp\/v2\/media\/277"}],"wp:attachment":[{"href":"https:\/\/www.midvalleystem.org\/es\/wp-json\/wp\/v2\/media?parent=5875"}],"curies":[{"name":"wp","href":"https:\/\/api.w.org\/{rel}","templated":true}]}}