{"id":6766,"date":"2021-11-30T10:36:50","date_gmt":"2021-11-30T18:36:50","guid":{"rendered":"https:\/\/www.midvalleystem.org\/es\/?page_id=6766"},"modified":"2023-02-07T14:36:35","modified_gmt":"2023-02-07T22:36:35","slug":"un-paso-adelante","status":"publish","type":"page","link":"https:\/\/www.midvalleystem.org\/es\/un-paso-adelante\/","title":{"rendered":"A Step Ahead (Un paso adelante): Videoteca"},"content":{"rendered":"<div id=\"pl-6766\"  class=\"panel-layout\" ><div id=\"pg-6766-0\"  class=\"panel-grid panel-has-style\" ><div class=\"panel-row-style panel-row-style-for-6766-0\" ><div id=\"pgc-6766-0-0\"  class=\"panel-grid-cell\" ><div id=\"panel-6766-0-0-0\" class=\"so-panel widget widget_sow-editor panel-first-child panel-last-child\" data-index=\"0\" ><div\n\t\t\t\n\t\t\tclass=\"so-widget-sow-editor so-widget-sow-editor-base\"\n\t\t\t\n\t\t><h2 class=\"pb-widget-title\">A Step Ahead (Un paso adelante): Videoteca de educaci\u00f3n y Carreras<\/h2>\n<div class=\"siteorigin-widget-tinymce textwidget\">\n\t<p><img decoding=\"async\" class=\" wp-image-6869 alignright\" src=\"https:\/\/www.midvalleystem.org\/media\/2021\/11\/ASA_Full_noline_large-250x256.png\" alt=\"A Step Ahead logo\" width=\"152\" height=\"156\" \/>Un Paso Adelante es nuestra biblioteca de videos cortos enfocados en carreras y trayectorias educativas en oficios especializados, STEM y otros campos de CTE. Un Paso Adelante, les da a los televidentes una mirada dentro de los programas educativos locales y los empleadores en estas \u00e1reas. Creemos que tomar una decisi\u00f3n informada sobre su educaci\u00f3n y trayectoria profesional es importante y queremos brindarle la informaci\u00f3n que necesita para explorar y descubrir c\u00f3mo dar un paso adelante para su futuro.<\/p>\n<\/div>\n<\/div><\/div><\/div><\/div><\/div><div id=\"pg-6766-1\"  class=\"panel-grid panel-has-style\" ><div class=\"panel-row-style panel-row-style-for-6766-1\" ><div id=\"pgc-6766-1-0\"  class=\"panel-grid-cell\" ><div id=\"panel-6766-1-0-0\" class=\"so-panel widget widget_sow-editor panel-first-child\" data-index=\"1\" ><div class=\"panel-widget-style panel-widget-style-for-6766-1-0-0\" ><div\n\t\t\t\n\t\t\tclass=\"so-widget-sow-editor so-widget-sow-editor-base\"\n\t\t\t\n\t\t>\n<div class=\"siteorigin-widget-tinymce textwidget\">\n\t<h5 style=\"text-align: center;\">Qu\u00edmico<br \/>\nATI<\/h5>\n<p>&nbsp;<\/p>\n<\/div>\n<\/div><\/div><\/div><div id=\"panel-6766-1-0-1\" class=\"so-panel widget widget_sow-editor panel-last-child\" data-index=\"2\" ><div class=\"panel-widget-style panel-widget-style-for-6766-1-0-1\" ><div\n\t\t\t\n\t\t\tclass=\"so-widget-sow-editor so-widget-sow-editor-base\"\n\t\t\t\n\t\t>\n<div class=\"siteorigin-widget-tinymce textwidget\">\n\t<p><iframe width=\"560\" height=\"315\" src=\"https:\/\/www.youtube.com\/embed\/AzKOwBQnIcs\" title=\"YouTube video player\" frameborder=\"0\" allow=\"accelerometer; autoplay; clipboard-write; encrypted-media; gyroscope; picture-in-picture; web-share\" allowfullscreen><\/iframe><\/p>\n<\/div>\n<\/div><\/div><\/div><\/div><div id=\"pgc-6766-1-1\"  class=\"panel-grid-cell\" ><div id=\"panel-6766-1-1-0\" class=\"so-panel widget widget_sow-editor panel-first-child\" data-index=\"3\" ><div class=\"panel-widget-style panel-widget-style-for-6766-1-1-0\" ><div\n\t\t\t\n\t\t\tclass=\"so-widget-sow-editor so-widget-sow-editor-base\"\n\t\t\t\n\t\t>\n<div class=\"siteorigin-widget-tinymce textwidget\">\n\t<h5 style=\"text-align: center;\">Metalurgia<br \/>\nATI<\/h5>\n<p>&nbsp;<\/p>\n<\/div>\n<\/div><\/div><\/div><div id=\"panel-6766-1-1-1\" class=\"so-panel widget widget_sow-editor panel-last-child\" data-index=\"4\" ><div class=\"panel-widget-style panel-widget-style-for-6766-1-1-1\" ><div\n\t\t\t\n\t\t\tclass=\"so-widget-sow-editor so-widget-sow-editor-base\"\n\t\t\t\n\t\t>\n<div class=\"siteorigin-widget-tinymce textwidget\">\n\t<p><iframe width=\"560\" height=\"315\" src=\"https:\/\/www.youtube.com\/embed\/g6ODASoetuQ\" title=\"YouTube video player\" frameborder=\"0\" allow=\"accelerometer; autoplay; clipboard-write; encrypted-media; gyroscope; picture-in-picture; web-share\" allowfullscreen><\/iframe><\/p>\n<\/div>\n<\/div><\/div><\/div><\/div><div id=\"pgc-6766-1-2\"  class=\"panel-grid-cell\" ><div id=\"panel-6766-1-2-0\" class=\"so-panel widget widget_sow-editor panel-first-child\" data-index=\"5\" ><div class=\"panel-widget-style panel-widget-style-for-6766-1-2-0\" ><div\n\t\t\t\n\t\t\tclass=\"so-widget-sow-editor so-widget-sow-editor-base\"\n\t\t\t\n\t\t>\n<div class=\"siteorigin-widget-tinymce textwidget\">\n\t<h5 style=\"text-align: center;\"><b>Programa de Asistencia M\u00e9dica<\/b><br \/>\nLinn-Benton Community College<\/h5>\n<p>&nbsp;<\/p>\n<\/div>\n<\/div><\/div><\/div><div id=\"panel-6766-1-2-1\" class=\"so-panel widget widget_sow-editor panel-last-child\" data-index=\"6\" ><div class=\"panel-widget-style panel-widget-style-for-6766-1-2-1\" ><div\n\t\t\t\n\t\t\tclass=\"so-widget-sow-editor so-widget-sow-editor-base\"\n\t\t\t\n\t\t>\n<div class=\"siteorigin-widget-tinymce textwidget\">\n\t<p><iframe width=\"560\" height=\"315\" src=\"https:\/\/www.youtube.com\/embed\/QkN12oV3wO4\" title=\"YouTube video player\" frameborder=\"0\" allow=\"accelerometer; autoplay; clipboard-write; encrypted-media; gyroscope; picture-in-picture\" allowfullscreen><\/iframe><\/p>\n<\/div>\n<\/div><\/div><\/div><\/div><\/div><\/div><div id=\"pg-6766-2\"  class=\"panel-grid panel-has-style\" ><div class=\"panel-row-style panel-row-style-for-6766-2\" ><div id=\"pgc-6766-2-0\"  class=\"panel-grid-cell\" ><div id=\"panel-6766-2-0-0\" class=\"so-panel widget widget_sow-editor panel-first-child\" data-index=\"7\" ><div class=\"panel-widget-style panel-widget-style-for-6766-2-0-0\" ><div\n\t\t\t\n\t\t\tclass=\"so-widget-sow-editor so-widget-sow-editor-base\"\n\t\t\t\n\t\t>\n<div class=\"siteorigin-widget-tinymce textwidget\">\n\t<h5 style=\"text-align: center;\"><b>Programa de Tecnolog\u00eda del Estudio del Sue\u00f1o<\/b><br \/>\nLinn-Benton Community College<\/h5>\n<p>&nbsp;<\/p>\n<\/div>\n<\/div><\/div><\/div><div id=\"panel-6766-2-0-1\" class=\"so-panel widget widget_sow-editor panel-last-child\" data-index=\"8\" ><div class=\"panel-widget-style panel-widget-style-for-6766-2-0-1\" ><div\n\t\t\t\n\t\t\tclass=\"so-widget-sow-editor so-widget-sow-editor-base\"\n\t\t\t\n\t\t>\n<div class=\"siteorigin-widget-tinymce textwidget\">\n\t<p><iframe width=\"560\" height=\"315\" src=\"https:\/\/www.youtube.com\/embed\/synxlywZeyY\" title=\"YouTube video player\" frameborder=\"0\" allow=\"accelerometer; autoplay; clipboard-write; encrypted-media; gyroscope; picture-in-picture\" allowfullscreen><\/iframe><\/p>\n<\/div>\n<\/div><\/div><\/div><\/div><div id=\"pgc-6766-2-1\"  class=\"panel-grid-cell\" ><div id=\"panel-6766-2-1-0\" class=\"so-panel widget widget_sow-editor panel-first-child\" data-index=\"9\" ><div class=\"panel-widget-style panel-widget-style-for-6766-2-1-0\" ><div\n\t\t\t\n\t\t\tclass=\"so-widget-sow-editor so-widget-sow-editor-base\"\n\t\t\t\n\t\t>\n<div class=\"siteorigin-widget-tinymce textwidget\">\n\t<h5 style=\"text-align: center;\"><b>Programa de Tecnolog\u00eda Quir\u00fargica<\/b><br \/>\nLinn-Benton Community College<\/h5>\n<p>&nbsp;<\/p>\n<\/div>\n<\/div><\/div><\/div><div id=\"panel-6766-2-1-1\" class=\"so-panel widget widget_sow-editor panel-last-child\" data-index=\"10\" ><div class=\"panel-widget-style panel-widget-style-for-6766-2-1-1\" ><div\n\t\t\t\n\t\t\tclass=\"so-widget-sow-editor so-widget-sow-editor-base\"\n\t\t\t\n\t\t>\n<div class=\"siteorigin-widget-tinymce textwidget\">\n\t<p><iframe width=\"560\" height=\"315\" src=\"https:\/\/www.youtube.com\/embed\/BfV3m7U-qNc\" title=\"YouTube video player\" frameborder=\"0\" allow=\"accelerometer; autoplay; clipboard-write; encrypted-media; gyroscope; picture-in-picture\" allowfullscreen><\/iframe><\/p>\n<\/div>\n<\/div><\/div><\/div><\/div><div id=\"pgc-6766-2-2\"  class=\"panel-grid-cell\" ><div id=\"panel-6766-2-2-0\" class=\"so-panel widget widget_sow-editor panel-first-child\" data-index=\"11\" ><div class=\"panel-widget-style panel-widget-style-for-6766-2-2-0\" ><div\n\t\t\t\n\t\t\tclass=\"so-widget-sow-editor so-widget-sow-editor-base\"\n\t\t\t\n\t\t>\n<div class=\"siteorigin-widget-tinymce textwidget\">\n\t<h5 style=\"text-align: center;\"><b>Programa de Flebotom\u00eda<\/b><br \/>\nLinn-Benton Community College<\/h5>\n<p>&nbsp;<\/p>\n<\/div>\n<\/div><\/div><\/div><div id=\"panel-6766-2-2-1\" class=\"so-panel widget widget_sow-editor panel-last-child\" data-index=\"12\" ><div class=\"panel-widget-style panel-widget-style-for-6766-2-2-1\" ><div\n\t\t\t\n\t\t\tclass=\"so-widget-sow-editor so-widget-sow-editor-base\"\n\t\t\t\n\t\t>\n<div class=\"siteorigin-widget-tinymce textwidget\">\n\t<p><iframe width=\"560\" height=\"315\" src=\"https:\/\/www.youtube.com\/embed\/kNtX-_fGLbM\" title=\"YouTube video player\" frameborder=\"0\" allow=\"accelerometer; autoplay; clipboard-write; encrypted-media; gyroscope; picture-in-picture\" allowfullscreen><\/iframe><\/p>\n<\/div>\n<\/div><\/div><\/div><\/div><\/div><\/div><div id=\"pg-6766-3\"  class=\"panel-grid panel-has-style\" ><div class=\"panel-row-style panel-row-style-for-6766-3\" ><div id=\"pgc-6766-3-0\"  class=\"panel-grid-cell\" ><div id=\"panel-6766-3-0-0\" class=\"so-panel widget widget_sow-editor panel-first-child\" data-index=\"13\" ><div class=\"panel-widget-style panel-widget-style-for-6766-3-0-0\" ><div\n\t\t\t\n\t\t\tclass=\"so-widget-sow-editor so-widget-sow-editor-base\"\n\t\t\t\n\t\t>\n<div class=\"siteorigin-widget-tinymce textwidget\">\n\t<h5 style=\"text-align: center;\"><b>Programa de Asistencia Dental<\/b><br \/>\nLinn-Benton Community College<\/h5>\n<p>&nbsp;<\/p>\n<\/div>\n<\/div><\/div><\/div><div id=\"panel-6766-3-0-1\" class=\"so-panel widget widget_sow-editor panel-last-child\" data-index=\"14\" ><div class=\"panel-widget-style panel-widget-style-for-6766-3-0-1\" ><div\n\t\t\t\n\t\t\tclass=\"so-widget-sow-editor so-widget-sow-editor-base\"\n\t\t\t\n\t\t>\n<div class=\"siteorigin-widget-tinymce textwidget\">\n\t<p><iframe width=\"560\" height=\"315\" src=\"https:\/\/www.youtube.com\/embed\/94F6cWOL0FI\" title=\"YouTube video player\" frameborder=\"0\" allow=\"accelerometer; autoplay; clipboard-write; encrypted-media; gyroscope; picture-in-picture\" allowfullscreen><\/iframe><\/p>\n<\/div>\n<\/div><\/div><\/div><\/div><div id=\"pgc-6766-3-1\"  class=\"panel-grid-cell panel-grid-cell-mobile-last\" ><div id=\"panel-6766-3-1-0\" class=\"so-panel widget widget_sow-editor panel-first-child\" data-index=\"15\" ><div class=\"panel-widget-style panel-widget-style-for-6766-3-1-0\" ><div\n\t\t\t\n\t\t\tclass=\"so-widget-sow-editor so-widget-sow-editor-base\"\n\t\t\t\n\t\t>\n<div class=\"siteorigin-widget-tinymce textwidget\">\n\t<h5 style=\"text-align: center;\"><b>Programa de Ensayos No Destructivos<\/b><br \/>\nLinn-Benton Community College<\/h5>\n<p>&nbsp;<\/p>\n<\/div>\n<\/div><\/div><\/div><div id=\"panel-6766-3-1-1\" class=\"so-panel widget widget_sow-editor panel-last-child\" data-index=\"16\" ><div class=\"panel-widget-style panel-widget-style-for-6766-3-1-1\" ><div\n\t\t\t\n\t\t\tclass=\"so-widget-sow-editor so-widget-sow-editor-base\"\n\t\t\t\n\t\t>\n<div class=\"siteorigin-widget-tinymce textwidget\">\n\t<p style=\"text-align: center;\"><iframe width=\"560\" height=\"315\" src=\"https:\/\/www.youtube.com\/embed\/-zgDtfkhNzM\" title=\"YouTube video player\" frameborder=\"0\" allow=\"accelerometer; autoplay; clipboard-write; encrypted-media; gyroscope; picture-in-picture\" allowfullscreen><\/iframe><\/p>\n<\/div>\n<\/div><\/div><\/div><\/div><div id=\"pgc-6766-3-2\"  class=\"panel-grid-cell panel-grid-cell-empty\" ><\/div><\/div><\/div><div id=\"pg-6766-4\"  class=\"panel-grid panel-has-style\" ><div class=\"panel-row-style panel-row-style-for-6766-4\" ><div id=\"pgc-6766-4-0\"  class=\"panel-grid-cell\" ><div id=\"panel-6766-4-0-0\" class=\"so-panel widget widget_sow-editor panel-first-child panel-last-child\" data-index=\"17\" ><div\n\t\t\t\n\t\t\tclass=\"so-widget-sow-editor so-widget-sow-editor-base\"\n\t\t\t\n\t\t><h2 class=\"pb-widget-title\">Recursos:<\/h2>\n<div class=\"siteorigin-widget-tinymce textwidget\">\n\t<h3><\/h3>\n<ul>\n<li style=\"list-style-type: none;\">\n<ul>\n<li><strong><span style=\"font-weight: 400;\">\u00bfQuiere aprender m\u00e1s sobre carreras en oficios especializados? \u00a1Consulta nuestro cat\u00e1logo de carreras <\/span><\/strong><a href=\"https:\/\/www.midvalleystem.org\/trades-notebook\/\"><strong>Trades Notebook<\/strong><\/a>!<\/li>\n<li><span style=\"font-weight: 400;\">\u00bfEst\u00e1 buscando m\u00e1s contenido sobre mujeres y minor\u00edas de g\u00e9nero que trabajan en STEM y oficios especializados? Escuche nuestro podcast, llamado \u00a1<\/span><a href=\"https:\/\/www.midvalleystem.org\/closing-the-gap\/\"><strong>Closing the Gap<\/strong><\/a>!\n<ul>\n<li><a href=\"https:\/\/oregontradeswomen.org\/\"><strong>Oregon Tradeswomen<\/strong><\/a> <span style=\"font-weight: 400;\">tambi\u00e9n es muy \u00fatil para las mujeres que buscan carreras en los oficios.<\/span><\/li>\n<\/ul>\n<\/li>\n<li><a href=\"https:\/\/www.linnbenton.edu\/\"><strong>Linn-Benton Community College<\/strong><\/a> <span style=\"font-weight: 400;\">puede ser un gran lugar para comenzar su carrera.<\/span><\/li>\n<\/ul>\n<\/li>\n<\/ul>\n<\/div>\n<\/div><\/div><\/div><\/div><\/div><div id=\"pg-6766-5\"  class=\"panel-grid panel-no-style\" ><div id=\"pgc-6766-5-0\"  class=\"panel-grid-cell\" ><div id=\"panel-6766-5-0-0\" class=\"so-panel widget widget_sow-editor panel-first-child panel-last-child\" data-index=\"18\" ><div class=\"panel-widget-style panel-widget-style-for-6766-5-0-0\" ><div\n\t\t\t\n\t\t\tclass=\"so-widget-sow-editor so-widget-sow-editor-base\"\n\t\t\t\n\t\t><h2 class=\"pb-widget-title\">Programa \u201cManley Jobs\u201d <\/h2>\n<div class=\"siteorigin-widget-tinymce textwidget\">\n\t<p><span style=\"font-weight: 400;\">La organizaci\u00f3n Mid-Valley STEM-CTE Hub, pudo patrocinar la producci\u00f3n de varios episodios del programa \u201cManley Jobs\u201d. Manley Jobs presenta al instructor de silvicultura y recursos naturales de la escuela preparatoria Sweet Home, Blake Manley, quien es destacado y analiza los oficios calificados y las carreras industriales en el oeste de Oregon.<\/span><\/p>\n<\/div>\n<\/div><\/div><\/div><\/div><\/div><div id=\"pg-6766-6\"  class=\"panel-grid panel-no-style\" ><div id=\"pgc-6766-6-0\"  class=\"panel-grid-cell\" ><div id=\"panel-6766-6-0-0\" class=\"so-panel widget widget_sow-editor panel-first-child panel-last-child\" data-index=\"19\" ><div class=\"panel-widget-style panel-widget-style-for-6766-6-0-0\" ><div\n\t\t\t\n\t\t\tclass=\"so-widget-sow-editor so-widget-sow-editor-base\"\n\t\t\t\n\t\t>\n<div class=\"siteorigin-widget-tinymce textwidget\">\n\t<p><iframe title=\"YouTube video player\" src=\"https:\/\/www.youtube.com\/embed\/6n2nbPF3xpc\" width=\"560\" height=\"315\" frameborder=\"0\" allowfullscreen=\"allowfullscreen\"><\/iframe><\/p>\n<\/div>\n<\/div><\/div><\/div><\/div><div id=\"pgc-6766-6-1\"  class=\"panel-grid-cell\" ><div id=\"panel-6766-6-1-0\" class=\"so-panel widget widget_sow-editor panel-first-child panel-last-child\" data-index=\"20\" ><div class=\"panel-widget-style panel-widget-style-for-6766-6-1-0\" ><div\n\t\t\t\n\t\t\tclass=\"so-widget-sow-editor so-widget-sow-editor-base\"\n\t\t\t\n\t\t>\n<div class=\"siteorigin-widget-tinymce textwidget\">\n\t<p><iframe title=\"YouTube video player\" src=\"https:\/\/www.youtube.com\/embed\/R8aoJAbt9bo\" width=\"560\" height=\"315\" frameborder=\"0\" allowfullscreen=\"allowfullscreen\"><\/iframe><\/p>\n<\/div>\n<\/div><\/div><\/div><\/div><div id=\"pgc-6766-6-2\"  class=\"panel-grid-cell\" ><div id=\"panel-6766-6-2-0\" class=\"so-panel widget widget_sow-editor panel-first-child panel-last-child\" data-index=\"21\" ><div class=\"panel-widget-style panel-widget-style-for-6766-6-2-0\" ><div\n\t\t\t\n\t\t\tclass=\"so-widget-sow-editor so-widget-sow-editor-base\"\n\t\t\t\n\t\t>\n<div class=\"siteorigin-widget-tinymce textwidget\">\n\t<p><iframe title=\"YouTube video player\" src=\"https:\/\/www.youtube.com\/embed\/WfZLwV_Nhvk\" width=\"560\" height=\"315\" frameborder=\"0\" allowfullscreen=\"allowfullscreen\"><\/iframe><\/p>\n<\/div>\n<\/div><\/div><\/div><\/div><\/div><\/div>","protected":false},"excerpt":{"rendered":"Un Paso Adelante es nuestra biblioteca de videos cortos enfocados en carreras y trayectorias educativas en oficios especializados, STEM y otros campos de CTE. Un Paso Adelante, les da a [&hellip;]","protected":false},"author":7,"featured_media":6872,"parent":0,"menu_order":0,"comment_status":"closed","ping_status":"closed","template":"","meta":{"_acf_changed":false,"footnotes":""},"class_list":["post-6766","page","type-page","status-publish","has-post-thumbnail","hentry"],"acf":[],"yoast_head":"<!-- This site is optimized with the Yoast SEO plugin v26.8 - https:\/\/yoast.com\/product\/yoast-seo-wordpress\/ -->\n<title>A Step Ahead (Un paso adelante): Videoteca - Mid-Valley STEM-CTE Hub - Espa\u00f1ol<\/title>\n<meta name=\"description\" content=\"A library of educational videos that highlight careers in skilled trades, STEM, and manufacturing.\" \/>\n<meta name=\"robots\" content=\"index, follow, max-snippet:-1, max-image-preview:large, max-video-preview:-1\" \/>\n<link rel=\"canonical\" href=\"https:\/\/www.midvalleystem.org\/es\/un-paso-adelante\/\" \/>\n<meta property=\"og:locale\" content=\"en_US\" \/>\n<meta property=\"og:type\" content=\"article\" \/>\n<meta property=\"og:title\" content=\"A Step Ahead (Un paso adelante): Videoteca - Mid-Valley STEM-CTE Hub - Espa\u00f1ol\" \/>\n<meta property=\"og:description\" content=\"A library of educational videos that highlight careers in skilled trades, STEM, and manufacturing.\" \/>\n<meta property=\"og:url\" content=\"https:\/\/www.midvalleystem.org\/es\/un-paso-adelante\/\" \/>\n<meta property=\"og:site_name\" content=\"Mid-Valley STEM-CTE Hub - Espa\u00f1ol\" \/>\n<meta property=\"article:modified_time\" content=\"2023-02-07T22:36:35+00:00\" \/>\n<meta property=\"og:image\" content=\"https:\/\/www.midvalleystem.org\/media\/sites\/2\/2021\/11\/website-background-100.jpg\" \/>\n\t<meta property=\"og:image:width\" content=\"1601\" \/>\n\t<meta property=\"og:image:height\" content=\"901\" \/>\n\t<meta property=\"og:image:type\" content=\"image\/jpeg\" \/>\n<meta name=\"twitter:card\" content=\"summary_large_image\" \/>\n<meta name=\"twitter:label1\" content=\"Est. reading time\" \/>\n\t<meta name=\"twitter:data1\" content=\"4 minutes\" \/>\n<script type=\"application\/ld+json\" class=\"yoast-schema-graph\">{\"@context\":\"https:\/\/schema.org\",\"@graph\":[{\"@type\":\"WebPage\",\"@id\":\"https:\/\/www.midvalleystem.org\/es\/un-paso-adelante\/\",\"url\":\"https:\/\/www.midvalleystem.org\/es\/un-paso-adelante\/\",\"name\":\"A Step Ahead (Un paso adelante): Videoteca - Mid-Valley STEM-CTE Hub - Espa\u00f1ol\",\"isPartOf\":{\"@id\":\"https:\/\/www.midvalleystem.org\/es\/#website\"},\"primaryImageOfPage\":{\"@id\":\"https:\/\/www.midvalleystem.org\/es\/un-paso-adelante\/#primaryimage\"},\"image\":{\"@id\":\"https:\/\/www.midvalleystem.org\/es\/un-paso-adelante\/#primaryimage\"},\"thumbnailUrl\":\"https:\/\/www.midvalleystem.org\/media\/sites\/2\/2021\/11\/website-background-100.jpg\",\"datePublished\":\"2021-11-30T18:36:50+00:00\",\"dateModified\":\"2023-02-07T22:36:35+00:00\",\"description\":\"A library of educational videos that highlight careers in skilled trades, STEM, and manufacturing.\",\"breadcrumb\":{\"@id\":\"https:\/\/www.midvalleystem.org\/es\/un-paso-adelante\/#breadcrumb\"},\"inLanguage\":\"en-US\",\"potentialAction\":[{\"@type\":\"ReadAction\",\"target\":[\"https:\/\/www.midvalleystem.org\/es\/un-paso-adelante\/\"]}]},{\"@type\":\"ImageObject\",\"inLanguage\":\"en-US\",\"@id\":\"https:\/\/www.midvalleystem.org\/es\/un-paso-adelante\/#primaryimage\",\"url\":\"https:\/\/www.midvalleystem.org\/media\/sites\/2\/2021\/11\/website-background-100.jpg\",\"contentUrl\":\"https:\/\/www.midvalleystem.org\/media\/sites\/2\/2021\/11\/website-background-100.jpg\",\"width\":1601,\"height\":901},{\"@type\":\"BreadcrumbList\",\"@id\":\"https:\/\/www.midvalleystem.org\/es\/un-paso-adelante\/#breadcrumb\",\"itemListElement\":[{\"@type\":\"ListItem\",\"position\":1,\"name\":\"Home\",\"item\":\"https:\/\/www.midvalleystem.org\/es\/\"},{\"@type\":\"ListItem\",\"position\":2,\"name\":\"A Step Ahead (Un paso adelante): Videoteca\"}]},{\"@type\":\"WebSite\",\"@id\":\"https:\/\/www.midvalleystem.org\/es\/#website\",\"url\":\"https:\/\/www.midvalleystem.org\/es\/\",\"name\":\"Mid-Valley STEM-CTE Hub - Espa\u00f1ol\",\"description\":\"\",\"potentialAction\":[{\"@type\":\"SearchAction\",\"target\":{\"@type\":\"EntryPoint\",\"urlTemplate\":\"https:\/\/www.midvalleystem.org\/es\/?s={search_term_string}\"},\"query-input\":{\"@type\":\"PropertyValueSpecification\",\"valueRequired\":true,\"valueName\":\"search_term_string\"}}],\"inLanguage\":\"en-US\"}]}<\/script>\n<!-- \/ Yoast SEO plugin. -->","yoast_head_json":{"title":"A Step Ahead (Un paso adelante): Videoteca - Mid-Valley STEM-CTE Hub - Espa\u00f1ol","description":"A library of educational videos that highlight careers in skilled trades, STEM, and manufacturing.","robots":{"index":"index","follow":"follow","max-snippet":"max-snippet:-1","max-image-preview":"max-image-preview:large","max-video-preview":"max-video-preview:-1"},"canonical":"https:\/\/www.midvalleystem.org\/es\/un-paso-adelante\/","og_locale":"en_US","og_type":"article","og_title":"A Step Ahead (Un paso adelante): Videoteca - Mid-Valley STEM-CTE Hub - Espa\u00f1ol","og_description":"A library of educational videos that highlight careers in skilled trades, STEM, and manufacturing.","og_url":"https:\/\/www.midvalleystem.org\/es\/un-paso-adelante\/","og_site_name":"Mid-Valley STEM-CTE Hub - Espa\u00f1ol","article_modified_time":"2023-02-07T22:36:35+00:00","og_image":[{"width":1601,"height":901,"url":"https:\/\/www.midvalleystem.org\/media\/sites\/2\/2021\/11\/website-background-100.jpg","type":"image\/jpeg"}],"twitter_card":"summary_large_image","twitter_misc":{"Est. reading time":"4 minutes"},"schema":{"@context":"https:\/\/schema.org","@graph":[{"@type":"WebPage","@id":"https:\/\/www.midvalleystem.org\/es\/un-paso-adelante\/","url":"https:\/\/www.midvalleystem.org\/es\/un-paso-adelante\/","name":"A Step Ahead (Un paso adelante): Videoteca - Mid-Valley STEM-CTE Hub - Espa\u00f1ol","isPartOf":{"@id":"https:\/\/www.midvalleystem.org\/es\/#website"},"primaryImageOfPage":{"@id":"https:\/\/www.midvalleystem.org\/es\/un-paso-adelante\/#primaryimage"},"image":{"@id":"https:\/\/www.midvalleystem.org\/es\/un-paso-adelante\/#primaryimage"},"thumbnailUrl":"https:\/\/www.midvalleystem.org\/media\/sites\/2\/2021\/11\/website-background-100.jpg","datePublished":"2021-11-30T18:36:50+00:00","dateModified":"2023-02-07T22:36:35+00:00","description":"A library of educational videos that highlight careers in skilled trades, STEM, and manufacturing.","breadcrumb":{"@id":"https:\/\/www.midvalleystem.org\/es\/un-paso-adelante\/#breadcrumb"},"inLanguage":"en-US","potentialAction":[{"@type":"ReadAction","target":["https:\/\/www.midvalleystem.org\/es\/un-paso-adelante\/"]}]},{"@type":"ImageObject","inLanguage":"en-US","@id":"https:\/\/www.midvalleystem.org\/es\/un-paso-adelante\/#primaryimage","url":"https:\/\/www.midvalleystem.org\/media\/sites\/2\/2021\/11\/website-background-100.jpg","contentUrl":"https:\/\/www.midvalleystem.org\/media\/sites\/2\/2021\/11\/website-background-100.jpg","width":1601,"height":901},{"@type":"BreadcrumbList","@id":"https:\/\/www.midvalleystem.org\/es\/un-paso-adelante\/#breadcrumb","itemListElement":[{"@type":"ListItem","position":1,"name":"Home","item":"https:\/\/www.midvalleystem.org\/es\/"},{"@type":"ListItem","position":2,"name":"A Step Ahead (Un paso adelante): Videoteca"}]},{"@type":"WebSite","@id":"https:\/\/www.midvalleystem.org\/es\/#website","url":"https:\/\/www.midvalleystem.org\/es\/","name":"Mid-Valley STEM-CTE Hub - Espa\u00f1ol","description":"","potentialAction":[{"@type":"SearchAction","target":{"@type":"EntryPoint","urlTemplate":"https:\/\/www.midvalleystem.org\/es\/?s={search_term_string}"},"query-input":{"@type":"PropertyValueSpecification","valueRequired":true,"valueName":"search_term_string"}}],"inLanguage":"en-US"}]}},"_links":{"self":[{"href":"https:\/\/www.midvalleystem.org\/es\/wp-json\/wp\/v2\/pages\/6766","targetHints":{"allow":["GET"]}}],"collection":[{"href":"https:\/\/www.midvalleystem.org\/es\/wp-json\/wp\/v2\/pages"}],"about":[{"href":"https:\/\/www.midvalleystem.org\/es\/wp-json\/wp\/v2\/types\/page"}],"author":[{"embeddable":true,"href":"https:\/\/www.midvalleystem.org\/es\/wp-json\/wp\/v2\/users\/7"}],"replies":[{"embeddable":true,"href":"https:\/\/www.midvalleystem.org\/es\/wp-json\/wp\/v2\/comments?post=6766"}],"version-history":[{"count":2,"href":"https:\/\/www.midvalleystem.org\/es\/wp-json\/wp\/v2\/pages\/6766\/revisions"}],"predecessor-version":[{"id":7832,"href":"https:\/\/www.midvalleystem.org\/es\/wp-json\/wp\/v2\/pages\/6766\/revisions\/7832"}],"wp:featuredmedia":[{"embeddable":true,"href":"https:\/\/www.midvalleystem.org\/es\/wp-json\/wp\/v2\/media\/6872"}],"wp:attachment":[{"href":"https:\/\/www.midvalleystem.org\/es\/wp-json\/wp\/v2\/media?parent=6766"}],"curies":[{"name":"wp","href":"https:\/\/api.w.org\/{rel}","templated":true}]}}