{"id":7047,"date":"2022-02-01T15:34:35","date_gmt":"2022-02-01T23:34:35","guid":{"rendered":"https:\/\/www.midvalleystem.org\/es\/?page_id=7047"},"modified":"2023-05-19T10:05:36","modified_gmt":"2023-05-19T17:05:36","slug":"equipo-de-accion","status":"publish","type":"page","link":"https:\/\/www.midvalleystem.org\/es\/equipo-de-accion\/","title":{"rendered":"Equipo de Acci\u00f3n"},"content":{"rendered":"<div id=\"pl-7047\"  class=\"panel-layout\" ><div id=\"pg-7047-0\"  class=\"panel-grid panel-has-style\" ><div class=\"panel-row-style panel-row-style-for-7047-0\" ><div id=\"pgc-7047-0-0\"  class=\"panel-grid-cell\" ><div id=\"panel-7047-0-0-0\" class=\"so-panel widget widget_sow-editor panel-first-child panel-last-child\" data-index=\"0\" ><div\n\t\t\t\n\t\t\tclass=\"so-widget-sow-editor so-widget-sow-editor-base\"\n\t\t\t\n\t\t>\n<div class=\"siteorigin-widget-tinymce textwidget\">\n\t<h4 style=\"text-align: center;\"><b>Miembros del Equipo de Acci\u00f3n<\/b><\/h4>\n<p style=\"text-align: center;\"><strong>Kanoe Bunney<\/strong><br \/>\n<span style=\"font-weight: 400;\">Profesora de Educaci\u00f3n en Linn-Benton Community College<\/span><\/p>\n<p style=\"text-align: center;\"><strong>Amy Burbee<\/strong><br \/>\n<span style=\"font-weight: 400;\">Coordinadora de experiencia laboral cooperativa y Presidenta del Departamento de CWE en Linn-Benton Community College<\/span><\/p>\n<p style=\"text-align: center;\"><strong>Michael Couch<\/strong><br \/>\n<span style=\"font-weight: 400;\">Director Ejecutivo de Crossroads Communities<\/span><\/p>\n<p style=\"text-align: center;\"><strong>Gabe Diaz<\/strong><br \/>\n<span style=\"font-weight: 400;\">Maestro de Construcci\u00f3n - CTE en la escuela Albany Options School<\/span><\/p>\n<p style=\"text-align: center;\"><strong>Erik Fedler<\/strong><br \/>\n<span style=\"font-weight: 400;\">Gerente de Marketing de Central Willamette Credit Union<\/span><\/p>\n<p style=\"text-align: center;\"><strong>Josefine Fleetwood<\/strong><br \/>\n<span style=\"font-weight: 400;\">Gerente de Relaciones Laborales de la Facultad de Ingenier\u00eda de la Universidad Estatal de Oregon<\/span><\/p>\n<p style=\"text-align: center;\"><strong>Kelly Goforth<\/strong><br \/>\n<span style=\"font-weight: 400;\">Vicepresidente de Operaciones en OFD<\/span><\/p>\n<p style=\"text-align: center;\"><strong>Christopher Hughbanks<\/strong><br \/>\n<span style=\"font-weight: 400;\">Facilitador de Equidad e Inclusi\u00f3n en LBLESD<\/span><\/p>\n<p style=\"text-align: center;\"><strong>Jennifer Kessel<\/strong><br \/>\n<span style=\"font-weight: 400;\">Gerente de Inform\u00e1tica del Distrito Escolar de Philomath<\/span><\/p>\n<p style=\"text-align: center;\"><strong>Marcia Latta<\/strong><br \/>\n<span style=\"font-weight: 400;\">Maestra de CTE\/Consultora de comunicaciones en Marcia Latta Communications\/Consejo asesor estatal de CTE<\/span><\/p>\n<p style=\"text-align: center;\"><strong>Douglas Meyer<\/strong><br \/>\n<span style=\"font-weight: 400;\">Profesor de Mecatr\u00f3nica en Linn-Benton Community College<\/span><\/p>\n<p style=\"text-align: center;\"><strong>Oriana Mulatero<\/strong><br \/>\n<span style=\"font-weight: 400;\">Decano asociado de la Divisi\u00f3n de Artes, Ciencias Sociales y Humanidades de Linn-Benton Community College<\/span><\/p>\n<p style=\"text-align: center;\"><strong>Chris Reese<\/strong><br \/>\n<span style=\"font-weight: 400;\">Director Ejecutivo de Mid-Willamette Family YMCA<\/span><\/p>\n<p style=\"text-align: center;\"><strong>Franklin Roberts<\/strong><br \/>\n<span style=\"font-weight: 400;\">Decano asociado de Ciencias, Ingenier\u00eda y Matem\u00e1ticas en Linn-Benton Community College<\/span><\/p>\n<p style=\"text-align: center;\"><strong>Juan Sauceda<\/strong><br \/>\n<span style=\"font-weight: 400;\">Gerente de Control de Calidad en ATI - Millersburg<\/span><\/p>\n<p style=\"text-align: center;\"><strong>Patty Shuckle<br \/>\n<\/strong>ELC Directora de Mid-Willamette Valley YMCA<\/p>\n<p style=\"text-align: center;\"><strong>Darryl Thomas<\/strong><br \/>\n<span style=\"font-weight: 400;\">Profesor de Danza en la Universidad de Western Oregon \/ Teatro de Danza\u00a0 Rainbow Dance Theatre<\/span><\/p>\n<p style=\"text-align: center;\"><strong>Alma Torres<\/strong><br \/>\n<span style=\"font-weight: 400;\">Miembro de la Mesa Directiva de Casa Latinos Unidos<\/span><\/p>\n<p>&nbsp;<\/p>\n<\/div>\n<\/div><\/div><\/div><\/div><\/div><\/div>","protected":false},"excerpt":{"rendered":"Miembros del Equipo de Acci\u00f3n Kanoe Bunney Profesora de Educaci\u00f3n en Linn-Benton Community College Amy Burbee Coordinadora de experiencia laboral cooperativa y Presidenta del Departamento de CWE en Linn-Benton Community [&hellip;]","protected":false},"author":7,"featured_media":0,"parent":0,"menu_order":0,"comment_status":"closed","ping_status":"closed","template":"","meta":{"_acf_changed":false,"footnotes":""},"class_list":["post-7047","page","type-page","status-publish","hentry"],"acf":[],"yoast_head":"<!-- This site is optimized with the Yoast SEO plugin v26.8 - https:\/\/yoast.com\/product\/yoast-seo-wordpress\/ -->\n<title>Equipo de Acci\u00f3n - Mid-Valley STEM-CTE Hub - Espa\u00f1ol<\/title>\n<meta name=\"description\" content=\"Equipo de Acci\u00f3n\" \/>\n<meta name=\"robots\" content=\"index, follow, max-snippet:-1, max-image-preview:large, max-video-preview:-1\" \/>\n<link rel=\"canonical\" href=\"https:\/\/www.midvalleystem.org\/es\/equipo-de-accion\/\" \/>\n<meta property=\"og:locale\" content=\"en_US\" \/>\n<meta property=\"og:type\" content=\"article\" \/>\n<meta property=\"og:title\" content=\"Equipo de Acci\u00f3n - Mid-Valley STEM-CTE Hub - Espa\u00f1ol\" \/>\n<meta property=\"og:description\" content=\"Equipo de Acci\u00f3n\" \/>\n<meta property=\"og:url\" content=\"https:\/\/www.midvalleystem.org\/es\/equipo-de-accion\/\" \/>\n<meta property=\"og:site_name\" content=\"Mid-Valley STEM-CTE Hub - Espa\u00f1ol\" \/>\n<meta property=\"article:modified_time\" content=\"2023-05-19T17:05:36+00:00\" \/>\n<meta name=\"twitter:card\" content=\"summary_large_image\" \/>\n<meta name=\"twitter:label1\" content=\"Est. reading time\" \/>\n\t<meta name=\"twitter:data1\" content=\"2 minutes\" \/>\n<script type=\"application\/ld+json\" class=\"yoast-schema-graph\">{\"@context\":\"https:\/\/schema.org\",\"@graph\":[{\"@type\":\"WebPage\",\"@id\":\"https:\/\/www.midvalleystem.org\/es\/equipo-de-accion\/\",\"url\":\"https:\/\/www.midvalleystem.org\/es\/equipo-de-accion\/\",\"name\":\"Equipo de Acci\u00f3n - Mid-Valley STEM-CTE Hub - Espa\u00f1ol\",\"isPartOf\":{\"@id\":\"https:\/\/www.midvalleystem.org\/es\/#website\"},\"datePublished\":\"2022-02-01T23:34:35+00:00\",\"dateModified\":\"2023-05-19T17:05:36+00:00\",\"description\":\"Equipo de Acci\u00f3n\",\"breadcrumb\":{\"@id\":\"https:\/\/www.midvalleystem.org\/es\/equipo-de-accion\/#breadcrumb\"},\"inLanguage\":\"en-US\",\"potentialAction\":[{\"@type\":\"ReadAction\",\"target\":[\"https:\/\/www.midvalleystem.org\/es\/equipo-de-accion\/\"]}]},{\"@type\":\"BreadcrumbList\",\"@id\":\"https:\/\/www.midvalleystem.org\/es\/equipo-de-accion\/#breadcrumb\",\"itemListElement\":[{\"@type\":\"ListItem\",\"position\":1,\"name\":\"Home\",\"item\":\"https:\/\/www.midvalleystem.org\/es\/\"},{\"@type\":\"ListItem\",\"position\":2,\"name\":\"Equipo de Acci\u00f3n\"}]},{\"@type\":\"WebSite\",\"@id\":\"https:\/\/www.midvalleystem.org\/es\/#website\",\"url\":\"https:\/\/www.midvalleystem.org\/es\/\",\"name\":\"Mid-Valley STEM-CTE Hub - Espa\u00f1ol\",\"description\":\"\",\"potentialAction\":[{\"@type\":\"SearchAction\",\"target\":{\"@type\":\"EntryPoint\",\"urlTemplate\":\"https:\/\/www.midvalleystem.org\/es\/?s={search_term_string}\"},\"query-input\":{\"@type\":\"PropertyValueSpecification\",\"valueRequired\":true,\"valueName\":\"search_term_string\"}}],\"inLanguage\":\"en-US\"}]}<\/script>\n<!-- \/ Yoast SEO plugin. -->","yoast_head_json":{"title":"Equipo de Acci\u00f3n - Mid-Valley STEM-CTE Hub - Espa\u00f1ol","description":"Equipo de Acci\u00f3n","robots":{"index":"index","follow":"follow","max-snippet":"max-snippet:-1","max-image-preview":"max-image-preview:large","max-video-preview":"max-video-preview:-1"},"canonical":"https:\/\/www.midvalleystem.org\/es\/equipo-de-accion\/","og_locale":"en_US","og_type":"article","og_title":"Equipo de Acci\u00f3n - Mid-Valley STEM-CTE Hub - Espa\u00f1ol","og_description":"Equipo de Acci\u00f3n","og_url":"https:\/\/www.midvalleystem.org\/es\/equipo-de-accion\/","og_site_name":"Mid-Valley STEM-CTE Hub - Espa\u00f1ol","article_modified_time":"2023-05-19T17:05:36+00:00","twitter_card":"summary_large_image","twitter_misc":{"Est. reading time":"2 minutes"},"schema":{"@context":"https:\/\/schema.org","@graph":[{"@type":"WebPage","@id":"https:\/\/www.midvalleystem.org\/es\/equipo-de-accion\/","url":"https:\/\/www.midvalleystem.org\/es\/equipo-de-accion\/","name":"Equipo de Acci\u00f3n - Mid-Valley STEM-CTE Hub - Espa\u00f1ol","isPartOf":{"@id":"https:\/\/www.midvalleystem.org\/es\/#website"},"datePublished":"2022-02-01T23:34:35+00:00","dateModified":"2023-05-19T17:05:36+00:00","description":"Equipo de Acci\u00f3n","breadcrumb":{"@id":"https:\/\/www.midvalleystem.org\/es\/equipo-de-accion\/#breadcrumb"},"inLanguage":"en-US","potentialAction":[{"@type":"ReadAction","target":["https:\/\/www.midvalleystem.org\/es\/equipo-de-accion\/"]}]},{"@type":"BreadcrumbList","@id":"https:\/\/www.midvalleystem.org\/es\/equipo-de-accion\/#breadcrumb","itemListElement":[{"@type":"ListItem","position":1,"name":"Home","item":"https:\/\/www.midvalleystem.org\/es\/"},{"@type":"ListItem","position":2,"name":"Equipo de Acci\u00f3n"}]},{"@type":"WebSite","@id":"https:\/\/www.midvalleystem.org\/es\/#website","url":"https:\/\/www.midvalleystem.org\/es\/","name":"Mid-Valley STEM-CTE Hub - Espa\u00f1ol","description":"","potentialAction":[{"@type":"SearchAction","target":{"@type":"EntryPoint","urlTemplate":"https:\/\/www.midvalleystem.org\/es\/?s={search_term_string}"},"query-input":{"@type":"PropertyValueSpecification","valueRequired":true,"valueName":"search_term_string"}}],"inLanguage":"en-US"}]}},"_links":{"self":[{"href":"https:\/\/www.midvalleystem.org\/es\/wp-json\/wp\/v2\/pages\/7047","targetHints":{"allow":["GET"]}}],"collection":[{"href":"https:\/\/www.midvalleystem.org\/es\/wp-json\/wp\/v2\/pages"}],"about":[{"href":"https:\/\/www.midvalleystem.org\/es\/wp-json\/wp\/v2\/types\/page"}],"author":[{"embeddable":true,"href":"https:\/\/www.midvalleystem.org\/es\/wp-json\/wp\/v2\/users\/7"}],"replies":[{"embeddable":true,"href":"https:\/\/www.midvalleystem.org\/es\/wp-json\/wp\/v2\/comments?post=7047"}],"version-history":[{"count":2,"href":"https:\/\/www.midvalleystem.org\/es\/wp-json\/wp\/v2\/pages\/7047\/revisions"}],"predecessor-version":[{"id":7903,"href":"https:\/\/www.midvalleystem.org\/es\/wp-json\/wp\/v2\/pages\/7047\/revisions\/7903"}],"wp:attachment":[{"href":"https:\/\/www.midvalleystem.org\/es\/wp-json\/wp\/v2\/media?parent=7047"}],"curies":[{"name":"wp","href":"https:\/\/api.w.org\/{rel}","templated":true}]}}