{"id":7110,"date":"2022-02-19T12:40:43","date_gmt":"2022-02-19T20:40:43","guid":{"rendered":"https:\/\/www.midvalleystem.org\/es\/?page_id=7110"},"modified":"2022-04-14T22:56:13","modified_gmt":"2022-04-15T05:56:13","slug":"our-ecosystem","status":"publish","type":"page","link":"https:\/\/www.midvalleystem.org\/es\/our-ecosystem\/","title":{"rendered":"Our Ecosystem"},"content":{"rendered":"<div id=\"pl-7110\"  class=\"panel-layout\" ><div id=\"pg-7110-0\"  class=\"panel-grid panel-has-style\" ><div class=\"panel-row-style panel-row-style-for-7110-0\" ><div id=\"pgc-7110-0-0\"  class=\"panel-grid-cell\" ><div id=\"panel-7110-0-0-0\" class=\"so-panel widget widget_sow-image panel-first-child panel-last-child\" data-index=\"0\" ><div class=\"panel-widget-style panel-widget-style-for-7110-0-0-0\" ><div\n\t\t\t\n\t\t\tclass=\"so-widget-sow-image so-widget-sow-image-default-8b5b6f678277-7110\"\n\t\t\t\n\t\t>\n<div class=\"sow-image-container\">\n\t\t<img \n\tsrc=\"https:\/\/www.midvalleystem.org\/media\/sites\/2\/2022\/02\/New-Ecosystem-web-graphic-100.jpg\" width=\"655\" height=\"763\" srcset=\"https:\/\/www.midvalleystem.org\/media\/sites\/2\/2022\/02\/New-Ecosystem-web-graphic-100.jpg 655w, https:\/\/www.midvalleystem.org\/media\/sites\/2\/2022\/02\/New-Ecosystem-web-graphic-100-250x291.jpg 250w, https:\/\/www.midvalleystem.org\/media\/sites\/2\/2022\/02\/New-Ecosystem-web-graphic-100-120x140.jpg 120w\" sizes=\"(max-width: 655px) 100vw, 655px\" title=\"New Ecosystem web graphic-100\" alt=\"Community Educational Ecosystem illustration\" \t\tclass=\"so-widget-image\"\/>\n\t<\/div>\n\n<\/div><\/div><\/div><\/div><div id=\"pgc-7110-0-1\"  class=\"panel-grid-cell\" ><div id=\"panel-7110-0-1-0\" class=\"so-panel widget widget_sow-editor panel-first-child panel-last-child\" data-index=\"1\" ><div class=\"panel-widget-style panel-widget-style-for-7110-0-1-0\" ><div\n\t\t\t\n\t\t\tclass=\"so-widget-sow-editor so-widget-sow-editor-base\"\n\t\t\t\n\t\t><h2 class=\"pb-widget-title\">Mid-Valley STEM-CTE Hub's Educational Ecosystem<\/h2>\n<div class=\"siteorigin-widget-tinymce textwidget\">\n\t<div class=\"p-rich_text_section\">The Mid-Valley STEM-CTE Hub ecosystem supports cross-sector alignment to provide STEM and CTE experiences and resources for P-20 students<br \/>\nand educators. MVSCH serves Linn and Benton Counties as part of the statewide Oregon STEM Hub Network with the mission to reimagine and transform how we educate learners in order to enhance their life prospects, empower their communities, and build an inclusive, sustainable, innovation-based economy. This work seeks to ensure that students of all races, economic statuses, and geographies will develop the fundamental<br \/>\nSTEM-enabled skills and mindsets necessary to:<\/div>\n<p><\/p>\n<div>\n<ul class=\"p-rich_text_list p-rich_text_list__bullet\" data-stringify-type=\"unordered-list\" data-indent=\"0\" data-border=\"0\">\n<li data-stringify-indent=\"0\" data-stringify-border=\"0\">Improve the prosperity of all individuals and communities across the state<\/li>\n<li data-stringify-indent=\"0\" data-stringify-border=\"0\">Become creative life-long learners who can adapt to changing social and economic conditions<\/li>\n<li data-stringify-indent=\"0\" data-stringify-border=\"0\">Fully contribute to an increasingly complex and technologically rich global society<\/li>\n<li data-stringify-indent=\"0\" data-stringify-border=\"0\">Address high-demand, competitive workforce and industry needs<\/li>\n<\/ul>\n<\/div>\n<p><\/p>\n<div class=\"p-rich_text_section\">Our ecosystem coordinates assets across sectors to provide post-secondary pathways that are integral to advancing equity by increasing access to education, opportunity, and prosperity.<\/div>\n<\/div>\n<\/div><\/div><\/div><\/div><\/div><\/div><div id=\"pg-7110-1\"  class=\"panel-grid panel-has-style\" ><div class=\"panel-row-style panel-row-style-for-7110-1\" ><div id=\"pgc-7110-1-0\"  class=\"panel-grid-cell\" ><div id=\"panel-7110-1-0-0\" class=\"so-panel widget widget_sow-image panel-first-child panel-last-child\" data-index=\"2\" ><div class=\"panel-widget-style panel-widget-style-for-7110-1-0-0\" ><div\n\t\t\t\n\t\t\tclass=\"so-widget-sow-image so-widget-sow-image-default-8b5b6f678277-7110\"\n\t\t\t\n\t\t>\n<div class=\"sow-image-container\">\n\t\t<img \n\tsrc=\"https:\/\/www.midvalleystem.org\/media\/sites\/2\/2022\/04\/ecosystem-spanish-100.jpg\" width=\"661\" height=\"778\" srcset=\"https:\/\/www.midvalleystem.org\/media\/sites\/2\/2022\/04\/ecosystem-spanish-100.jpg 661w, https:\/\/www.midvalleystem.org\/media\/sites\/2\/2022\/04\/ecosystem-spanish-100-250x294.jpg 250w, https:\/\/www.midvalleystem.org\/media\/sites\/2\/2022\/04\/ecosystem-spanish-100-120x141.jpg 120w\" sizes=\"(max-width: 661px) 100vw, 661px\" title=\"ecosystem &#8211; spanish-100\" alt=\"Mid-Valley STEM-CTE Hub ecosystem chart in spanish\" \t\tclass=\"so-widget-image\"\/>\n\t<\/div>\n\n<\/div><\/div><\/div><\/div><div id=\"pgc-7110-1-1\"  class=\"panel-grid-cell\" ><div id=\"panel-7110-1-1-0\" class=\"so-panel widget widget_sow-editor panel-first-child panel-last-child\" data-index=\"3\" ><div class=\"panel-widget-style panel-widget-style-for-7110-1-1-0\" ><div\n\t\t\t\n\t\t\tclass=\"so-widget-sow-editor so-widget-sow-editor-base\"\n\t\t\t\n\t\t><h2 class=\"pb-widget-title\">Ecosistema educativo de Mid-Valley STEM-CTE Hub<\/h2>\n<div class=\"siteorigin-widget-tinymce textwidget\">\n\t<p>El ecosistema Mid-Valley STEM-CTE Hub (MVSCH por sus siglas en ingl\u00e9s) apoya la alineaci\u00f3n intersectorial para proporcionar experiencias y recursos STEM y CTE para estudiantes y educadores desde el preescolar hasta el 12\u00b0 grado. MVSCH presta servicios a los Condados de Linn y Benton como parte de la red estatal STEM Hub de Oregon, con la misi\u00f3n de reinventar y transformar la forma en que educamos a los estudiantes para mejorar sus perspectivas de vida, empoderar a sus comunidades y construir una econom\u00eda inclusiva, sostenible y basada en la innovaci\u00f3n. Este trabajo busca garantizar que los estudiantes de todas las razas, estados econ\u00f3micos y geograf\u00edas desarrollen las habilidades y mentalidades fundamentales de STEM necesarias para:<\/p>\n<ul>\n<li>Mejorar la prosperidad de todas las personas y comunidades en todo el Estado.<\/li>\n<li>Convertirse en aprendices creativos de por vida, que puedan adaptarse a las condiciones sociales y econ\u00f3micas cambiantes.<\/li>\n<li>Contribuir plenamente a una sociedad global, cada vez m\u00e1s compleja y tecnol\u00f3gicamente rica.<\/li>\n<li>Afrontar las necesidades de la industria y la mano de obra competitiva y de alta demanda.<\/li>\n<\/ul>\n<p>Nuestro ecosistema coordina los activos de todos los sectores, para proporcionar caminos postsecundarios que son integrales para promover la equidad al aumentar el acceso a la educaci\u00f3n, las oportunidades y la prosperidad.<\/p>\n<\/div>\n<\/div><\/div><\/div><\/div><\/div><\/div><\/div>","protected":false},"excerpt":{"rendered":"The Mid-Valley STEM-CTE Hub ecosystem supports cross-sector alignment to provide STEM and CTE experiences and resources for P-20 students and educators. MVSCH serves Linn and Benton Counties as part of [&hellip;]","protected":false},"author":7,"featured_media":0,"parent":0,"menu_order":0,"comment_status":"closed","ping_status":"closed","template":"","meta":{"_acf_changed":false,"footnotes":""},"class_list":["post-7110","page","type-page","status-publish","hentry"],"acf":[],"yoast_head":"<!-- This site is optimized with the Yoast SEO plugin v26.8 - https:\/\/yoast.com\/product\/yoast-seo-wordpress\/ -->\n<title>Our Ecosystem - Mid-Valley STEM-CTE Hub - Espa\u00f1ol<\/title>\n<meta name=\"description\" content=\"Educational Community Ecosystem in Linn and Benton Counties.\" \/>\n<meta name=\"robots\" content=\"index, follow, max-snippet:-1, max-image-preview:large, max-video-preview:-1\" \/>\n<link rel=\"canonical\" href=\"https:\/\/www.midvalleystem.org\/es\/our-ecosystem\/\" \/>\n<meta property=\"og:locale\" content=\"en_US\" \/>\n<meta property=\"og:type\" content=\"article\" \/>\n<meta property=\"og:title\" content=\"Our Ecosystem - Mid-Valley STEM-CTE Hub - Espa\u00f1ol\" \/>\n<meta property=\"og:description\" content=\"Educational Community Ecosystem in Linn and Benton Counties.\" \/>\n<meta property=\"og:url\" content=\"https:\/\/www.midvalleystem.org\/es\/our-ecosystem\/\" \/>\n<meta property=\"og:site_name\" content=\"Mid-Valley STEM-CTE Hub - Espa\u00f1ol\" \/>\n<meta property=\"article:modified_time\" content=\"2022-04-15T05:56:13+00:00\" \/>\n<meta name=\"twitter:card\" content=\"summary_large_image\" \/>\n<meta name=\"twitter:label1\" content=\"Est. reading time\" \/>\n\t<meta name=\"twitter:data1\" content=\"2 minutes\" \/>\n<script type=\"application\/ld+json\" class=\"yoast-schema-graph\">{\"@context\":\"https:\/\/schema.org\",\"@graph\":[{\"@type\":\"WebPage\",\"@id\":\"https:\/\/www.midvalleystem.org\/es\/our-ecosystem\/\",\"url\":\"https:\/\/www.midvalleystem.org\/es\/our-ecosystem\/\",\"name\":\"Our Ecosystem - Mid-Valley STEM-CTE Hub - Espa\u00f1ol\",\"isPartOf\":{\"@id\":\"https:\/\/www.midvalleystem.org\/es\/#website\"},\"datePublished\":\"2022-02-19T20:40:43+00:00\",\"dateModified\":\"2022-04-15T05:56:13+00:00\",\"description\":\"Educational Community Ecosystem in Linn and Benton Counties.\",\"breadcrumb\":{\"@id\":\"https:\/\/www.midvalleystem.org\/es\/our-ecosystem\/#breadcrumb\"},\"inLanguage\":\"en-US\",\"potentialAction\":[{\"@type\":\"ReadAction\",\"target\":[\"https:\/\/www.midvalleystem.org\/es\/our-ecosystem\/\"]}]},{\"@type\":\"BreadcrumbList\",\"@id\":\"https:\/\/www.midvalleystem.org\/es\/our-ecosystem\/#breadcrumb\",\"itemListElement\":[{\"@type\":\"ListItem\",\"position\":1,\"name\":\"Home\",\"item\":\"https:\/\/www.midvalleystem.org\/es\/\"},{\"@type\":\"ListItem\",\"position\":2,\"name\":\"Our Ecosystem\"}]},{\"@type\":\"WebSite\",\"@id\":\"https:\/\/www.midvalleystem.org\/es\/#website\",\"url\":\"https:\/\/www.midvalleystem.org\/es\/\",\"name\":\"Mid-Valley STEM-CTE Hub - Espa\u00f1ol\",\"description\":\"\",\"potentialAction\":[{\"@type\":\"SearchAction\",\"target\":{\"@type\":\"EntryPoint\",\"urlTemplate\":\"https:\/\/www.midvalleystem.org\/es\/?s={search_term_string}\"},\"query-input\":{\"@type\":\"PropertyValueSpecification\",\"valueRequired\":true,\"valueName\":\"search_term_string\"}}],\"inLanguage\":\"en-US\"}]}<\/script>\n<!-- \/ Yoast SEO plugin. -->","yoast_head_json":{"title":"Our Ecosystem - Mid-Valley STEM-CTE Hub - Espa\u00f1ol","description":"Educational Community Ecosystem in Linn and Benton Counties.","robots":{"index":"index","follow":"follow","max-snippet":"max-snippet:-1","max-image-preview":"max-image-preview:large","max-video-preview":"max-video-preview:-1"},"canonical":"https:\/\/www.midvalleystem.org\/es\/our-ecosystem\/","og_locale":"en_US","og_type":"article","og_title":"Our Ecosystem - Mid-Valley STEM-CTE Hub - Espa\u00f1ol","og_description":"Educational Community Ecosystem in Linn and Benton Counties.","og_url":"https:\/\/www.midvalleystem.org\/es\/our-ecosystem\/","og_site_name":"Mid-Valley STEM-CTE Hub - Espa\u00f1ol","article_modified_time":"2022-04-15T05:56:13+00:00","twitter_card":"summary_large_image","twitter_misc":{"Est. reading time":"2 minutes"},"schema":{"@context":"https:\/\/schema.org","@graph":[{"@type":"WebPage","@id":"https:\/\/www.midvalleystem.org\/es\/our-ecosystem\/","url":"https:\/\/www.midvalleystem.org\/es\/our-ecosystem\/","name":"Our Ecosystem - Mid-Valley STEM-CTE Hub - Espa\u00f1ol","isPartOf":{"@id":"https:\/\/www.midvalleystem.org\/es\/#website"},"datePublished":"2022-02-19T20:40:43+00:00","dateModified":"2022-04-15T05:56:13+00:00","description":"Educational Community Ecosystem in Linn and Benton Counties.","breadcrumb":{"@id":"https:\/\/www.midvalleystem.org\/es\/our-ecosystem\/#breadcrumb"},"inLanguage":"en-US","potentialAction":[{"@type":"ReadAction","target":["https:\/\/www.midvalleystem.org\/es\/our-ecosystem\/"]}]},{"@type":"BreadcrumbList","@id":"https:\/\/www.midvalleystem.org\/es\/our-ecosystem\/#breadcrumb","itemListElement":[{"@type":"ListItem","position":1,"name":"Home","item":"https:\/\/www.midvalleystem.org\/es\/"},{"@type":"ListItem","position":2,"name":"Our Ecosystem"}]},{"@type":"WebSite","@id":"https:\/\/www.midvalleystem.org\/es\/#website","url":"https:\/\/www.midvalleystem.org\/es\/","name":"Mid-Valley STEM-CTE Hub - Espa\u00f1ol","description":"","potentialAction":[{"@type":"SearchAction","target":{"@type":"EntryPoint","urlTemplate":"https:\/\/www.midvalleystem.org\/es\/?s={search_term_string}"},"query-input":{"@type":"PropertyValueSpecification","valueRequired":true,"valueName":"search_term_string"}}],"inLanguage":"en-US"}]}},"_links":{"self":[{"href":"https:\/\/www.midvalleystem.org\/es\/wp-json\/wp\/v2\/pages\/7110","targetHints":{"allow":["GET"]}}],"collection":[{"href":"https:\/\/www.midvalleystem.org\/es\/wp-json\/wp\/v2\/pages"}],"about":[{"href":"https:\/\/www.midvalleystem.org\/es\/wp-json\/wp\/v2\/types\/page"}],"author":[{"embeddable":true,"href":"https:\/\/www.midvalleystem.org\/es\/wp-json\/wp\/v2\/users\/7"}],"replies":[{"embeddable":true,"href":"https:\/\/www.midvalleystem.org\/es\/wp-json\/wp\/v2\/comments?post=7110"}],"version-history":[{"count":2,"href":"https:\/\/www.midvalleystem.org\/es\/wp-json\/wp\/v2\/pages\/7110\/revisions"}],"predecessor-version":[{"id":7135,"href":"https:\/\/www.midvalleystem.org\/es\/wp-json\/wp\/v2\/pages\/7110\/revisions\/7135"}],"wp:attachment":[{"href":"https:\/\/www.midvalleystem.org\/es\/wp-json\/wp\/v2\/media?parent=7110"}],"curies":[{"name":"wp","href":"https:\/\/api.w.org\/{rel}","templated":true}]}}