{"id":7315,"date":"2022-05-15T19:32:43","date_gmt":"2022-05-16T02:32:43","guid":{"rendered":"https:\/\/www.midvalleystem.org\/es\/?page_id=7315"},"modified":"2022-05-29T09:05:19","modified_gmt":"2022-05-29T16:05:19","slug":"mid-valley-stem-cte-hub-para-hispanohablantes","status":"publish","type":"page","link":"https:\/\/www.midvalleystem.org\/es\/mid-valley-stem-cte-hub-para-hispanohablantes\/","title":{"rendered":"En Espa\u00f1ol"},"content":{"rendered":"<div id=\"pl-7315\"  class=\"panel-layout\" ><div id=\"pg-7315-0\"  class=\"panel-grid panel-no-style\" ><div id=\"pgc-7315-0-0\"  class=\"panel-grid-cell\" ><div id=\"panel-7315-0-0-0\" class=\"so-panel widget widget_sow-editor panel-first-child\" data-index=\"0\" ><div\n\t\t\t\n\t\t\tclass=\"so-widget-sow-editor so-widget-sow-editor-base\"\n\t\t\t\n\t\t>\n<div class=\"siteorigin-widget-tinymce textwidget\">\n\t<h1>Mid-Valley STEM-CTE Hub para Hispanohablantes<\/h1>\n<h2><span style=\"font-weight: 400;\">\u00a1Hola y bienvenidos!\u00a0<\/span><\/h2>\n<p><span style=\"font-weight: 400;\">Nuestro sitio web se encuentra actualmente en construcci\u00f3n a medida que agregamos versiones en espa\u00f1ol de todo nuestro contenido original en ingl\u00e9s. Nuestro objetivo es tener en este lugar el sitio web en espa\u00f1ol completo y disponible para septiembre del 2022. Hasta entonces, tenemos estos recursos para ofrecer a los hispanohablantes:<\/span><\/p>\n<ul>\n<li><a href=\"https:\/\/www.midvalleystem.org\/get-to-know-us-lets-bring-stem-and-career-connected-learning-into-the-classroom-together\/\"> \u00a1Con\u00f3cenos! \u00a1Llevemos juntos STEM y el aprendizaje relacionado con la carrera al sal\u00f3n de clases!<\/a><\/li>\n<li><a href=\"https:\/\/www.midvalleystem.org\/meet-the-team\/\">Conozca al Equipo<\/a><\/li>\n<li><a href=\"https:\/\/www.midvalleystem.org\/about\/\"><span style=\"font-weight: 400;\">Con\u00f3zcanos<\/span><\/a><\/li>\n<li><a href=\"https:\/\/www.midvalleystem.org\/our-ecosystem\/\">Ecosistema educativo de Mid-Valley STEM-CTE Hub<\/a><\/li>\n<li><a href=\"https:\/\/www.midvalleystem.org\/action-team\/\">Equipo de Acci\u00f3n<\/a><\/li>\n<li><a href=\"https:\/\/www.midvalleystem.org\/leadership-team\/\">Equipo de liderazgo<\/a><\/li>\n<li><a href=\"https:\/\/www.midvalleystem.org\/the-importance-of-community-makerspaces\/\">La importancia de espacios creativos colaborativos de la comunidad<\/a><\/li>\n<li><a href=\"https:\/\/www.midvalleystem.org\/native-american-heritage-month\/\">Mes de la Herencia Ind\u00edgena Estadounidense<\/a><\/li>\n<li><a href=\"https:\/\/www.midvalleystem.org\/womens-history-month-women-who-have-made-contributions-in-stem-and-skilled-trades\/\">Mes de la Historia de la Mujer | Mujeres que han Hecho Contribuciones en STEM y Oficios Especializados<\/a><\/li>\n<li><a href=\"https:\/\/www.midvalleystem.org\/national-hispanic-heritage-month\/\">Mes Nacional de Herencia Hispana<\/a><\/li>\n<li><a href=\"https:\/\/www.midvalleystem.org\/what-is-manufacturing-month\/\">\u00bfQu\u00e9 es el mes de manufactura?<\/a><\/li>\n<\/ul>\n<h4>\u00a1HOLA!<\/h4>\n<p>Soy la Sra. Sarah Whiteside y hablo espa\u00f1ol. Si tiene alguna pregunta o desea m\u00e1s informaci\u00f3n con respecto a nuestros programas, por favor llame o env\u00edeme un mensaje de texto al siguiente n\u00famero: 541-791-6567. Tambi\u00e9n puede dejarme un mensaje de voz y yo le regresar\u00e9 la llamada lo m\u00e1s pronto posible.<\/p>\n<\/div>\n<\/div><\/div><div id=\"panel-7315-0-0-1\" class=\"so-panel widget widget_sow-contact-form panel-last-child\" data-index=\"1\" ><div\n\t\t\t\n\t\t\tclass=\"so-widget-sow-contact-form so-widget-sow-contact-form-default-1dceae4ce411-7315\"\n\t\t\t\n\t\t>\t<form\n\t\taction=\"\/es\/wp-json\/wp\/v2\/pages\/7315\"\n\t\tmethod=\"POST\"\n\t\tclass=\"sow-contact-form\"\n\t\tid=\"contact-form-0467\"\n\t>\n\n\t\t\n\t\t\t\t\t<div class=\"sow-form-field sow-form-field-name\">\n\t\t\t\t<label class=\"sow-form-field-label-above\" for=\"sow-contact-form-field-su-nombre-1\">\n\t\t\t\t<strong>\n\t\t\t\t\tSu nombre\t\t\t\t\t\t\t\t\t<\/strong>\n\t\t\t<\/label>\n\t\t\t\t\t\t\t<div class=\"sow-field-container\">\n\t\t\t\t\t\t\t<input\n\t\t\ttype=\"text\"\n\t\t\tname=\"su-nombre-1\"\n\t\t\tid=\"sow-contact-form-field-su-nombre-1\"\n\t\t\tvalue=\"\"\n\t\t\tclass=\"sow-text-field\"\n\t\t\t\t\t\t\t\t\/>\n\t\t\t\t\t\t<\/div>\n\t\t\t\t\t\t\t<\/div>\n\t\t\t\t\t\t<div class=\"sow-form-field sow-form-field-email\">\n\t\t\t\t<label class=\"sow-form-field-label-above\" for=\"sow-contact-form-field-su-correo-electronico-1\">\n\t\t\t\t<strong>\n\t\t\t\t\tSu correo electr\u00f3nico\t\t\t\t\t\t\t\t\t<\/strong>\n\t\t\t<\/label>\n\t\t\t\t\t\t\t<div class=\"sow-field-container\">\n\t\t\t\t\t\t\t<input\n\t\t\ttype=\"email\"\n\t\t\tname=\"su-correo-electronico-1\"\n\t\t\tid=\"sow-contact-form-field-su-correo-electronico-1\"\n\t\t\tvalue=\"\"\n\t\t\tclass=\"sow-text-field\"\t\t\t\t\t\t\t\t\/>\n\t\t\t\t\t\t<\/div>\n\t\t\t\t\t\t\t<\/div>\n\t\t\t\t\t\t<div class=\"sow-form-field sow-form-field-subject\">\n\t\t\t\t<label class=\"sow-form-field-label-above\" for=\"sow-contact-form-field-asunto-1\">\n\t\t\t\t<strong>\n\t\t\t\t\tAsunto\t\t\t\t\t\t\t\t\t<\/strong>\n\t\t\t<\/label>\n\t\t\t\t\t\t\t<div class=\"sow-field-container\">\n\t\t\t\t\t\t\t<input\n\t\t\ttype=\"text\"\n\t\t\tname=\"asunto-1\"\n\t\t\tid=\"sow-contact-form-field-asunto-1\"\n\t\t\tvalue=\"\"\n\t\t\tclass=\"sow-text-field\"\n\t\t\t\t\t\t\t\t\/>\n\t\t\t\t\t\t<\/div>\n\t\t\t\t\t\t\t<\/div>\n\t\t\t\t\t\t<div class=\"sow-form-field sow-form-field-textarea\">\n\t\t\t\t<label class=\"sow-form-field-label-above\" for=\"sow-contact-form-field-mensaje-1\">\n\t\t\t\t<strong>\n\t\t\t\t\tMensaje\t\t\t\t\t\t\t\t\t<\/strong>\n\t\t\t<\/label>\n\t\t\t\t\t\t\t<div class=\"sow-field-container\">\n\t\t\t\t\t\t\t<textarea\n\t\t\tname=\"mensaje-1\"\n\t\t\tid=\"sow-contact-form-field-mensaje-1\"\n\t\t\trows=\"10\"\n\t\t\t\t\t\t\t\t><\/textarea>\n\t\t\t\t\t\t<\/div>\n\t\t\t\t\t\t\t<\/div>\n\t\t\t\n\t\t\n\t\t<div class=\"sow-submit-wrapper \n\t\tsow-submit-styled\t\t\">\n\n\t\t\t<button\n\t\t\t\ttype=\"submit\"\n\t\t\t\tclass=\"sow-submit\n\t\t\t\t\t\t\t\t\"\n\t\t\t\t\t\t\t>\n\t\t\t\tCont\u00e1ctenos\t\t\t<\/button>\n\t\t<\/div>\n\t\t\t\t<input\n\t\t\ttype=\"hidden\"\n\t\t\tname=\"instance_hash-1\"\n\t\t\tvalue=\"0467647c\"\n\t\t\/>\n\n\t\t<input type=\"hidden\" id=\"_wpnonce\" name=\"_wpnonce\" value=\"32bf7624b1\" \/><input type=\"hidden\" name=\"_wp_http_referer\" value=\"\/es\/wp-json\/wp\/v2\/pages\/7315\" \/>\t<\/form>\n\t<\/div><\/div><\/div><\/div><\/div>","protected":false},"excerpt":{"rendered":"Mid-Valley STEM-CTE Hub para Hispanohablantes \u00a1Hola y bienvenidos!\u00a0 Nuestro sitio web se encuentra actualmente en construcci\u00f3n a medida que agregamos versiones en espa\u00f1ol de todo nuestro contenido original en ingl\u00e9s. [&hellip;]","protected":false},"author":7,"featured_media":7336,"parent":0,"menu_order":0,"comment_status":"closed","ping_status":"closed","template":"","meta":{"_acf_changed":false,"footnotes":""},"class_list":["post-7315","page","type-page","status-publish","has-post-thumbnail","hentry"],"acf":[],"yoast_head":"<!-- This site is optimized with the Yoast SEO plugin v26.8 - https:\/\/yoast.com\/product\/yoast-seo-wordpress\/ -->\n<title>En Espa\u00f1ol - Mid-Valley STEM-CTE Hub - Espa\u00f1ol<\/title>\n<meta name=\"robots\" content=\"index, follow, max-snippet:-1, max-image-preview:large, max-video-preview:-1\" \/>\n<link rel=\"canonical\" href=\"https:\/\/www.midvalleystem.org\/es\/mid-valley-stem-cte-hub-para-hispanohablantes\/\" \/>\n<meta property=\"og:locale\" content=\"en_US\" \/>\n<meta property=\"og:type\" content=\"article\" \/>\n<meta property=\"og:title\" content=\"En Espa\u00f1ol - Mid-Valley STEM-CTE Hub - Espa\u00f1ol\" \/>\n<meta property=\"og:description\" content=\"Mid-Valley STEM-CTE Hub para Hispanohablantes \u00a1Hola y bienvenidos!\u00a0 Nuestro sitio web se encuentra actualmente en construcci\u00f3n a medida que agregamos versiones en espa\u00f1ol de todo nuestro contenido original en ingl\u00e9s. [&hellip;]\" \/>\n<meta property=\"og:url\" content=\"https:\/\/www.midvalleystem.org\/es\/mid-valley-stem-cte-hub-para-hispanohablantes\/\" \/>\n<meta property=\"og:site_name\" content=\"Mid-Valley STEM-CTE Hub - Espa\u00f1ol\" \/>\n<meta property=\"article:modified_time\" content=\"2022-05-29T16:05:19+00:00\" \/>\n<meta property=\"og:image\" content=\"https:\/\/www.midvalleystem.org\/media\/sites\/2\/2022\/05\/primary-maths-teacher-800x420-1.jpg\" \/>\n\t<meta property=\"og:image:width\" content=\"800\" \/>\n\t<meta property=\"og:image:height\" content=\"420\" \/>\n\t<meta property=\"og:image:type\" content=\"image\/jpeg\" \/>\n<meta name=\"twitter:card\" content=\"summary_large_image\" \/>\n<meta name=\"twitter:label1\" content=\"Est. reading time\" \/>\n\t<meta name=\"twitter:data1\" content=\"1 minute\" \/>\n<script type=\"application\/ld+json\" class=\"yoast-schema-graph\">{\"@context\":\"https:\/\/schema.org\",\"@graph\":[{\"@type\":\"WebPage\",\"@id\":\"https:\/\/www.midvalleystem.org\/es\/mid-valley-stem-cte-hub-para-hispanohablantes\/\",\"url\":\"https:\/\/www.midvalleystem.org\/es\/mid-valley-stem-cte-hub-para-hispanohablantes\/\",\"name\":\"En Espa\u00f1ol - Mid-Valley STEM-CTE Hub - Espa\u00f1ol\",\"isPartOf\":{\"@id\":\"https:\/\/www.midvalleystem.org\/es\/#website\"},\"primaryImageOfPage\":{\"@id\":\"https:\/\/www.midvalleystem.org\/es\/mid-valley-stem-cte-hub-para-hispanohablantes\/#primaryimage\"},\"image\":{\"@id\":\"https:\/\/www.midvalleystem.org\/es\/mid-valley-stem-cte-hub-para-hispanohablantes\/#primaryimage\"},\"thumbnailUrl\":\"https:\/\/www.midvalleystem.org\/media\/sites\/2\/2022\/05\/primary-maths-teacher-800x420-1.jpg\",\"datePublished\":\"2022-05-16T02:32:43+00:00\",\"dateModified\":\"2022-05-29T16:05:19+00:00\",\"breadcrumb\":{\"@id\":\"https:\/\/www.midvalleystem.org\/es\/mid-valley-stem-cte-hub-para-hispanohablantes\/#breadcrumb\"},\"inLanguage\":\"en-US\",\"potentialAction\":[{\"@type\":\"ReadAction\",\"target\":[\"https:\/\/www.midvalleystem.org\/es\/mid-valley-stem-cte-hub-para-hispanohablantes\/\"]}]},{\"@type\":\"ImageObject\",\"inLanguage\":\"en-US\",\"@id\":\"https:\/\/www.midvalleystem.org\/es\/mid-valley-stem-cte-hub-para-hispanohablantes\/#primaryimage\",\"url\":\"https:\/\/www.midvalleystem.org\/media\/sites\/2\/2022\/05\/primary-maths-teacher-800x420-1.jpg\",\"contentUrl\":\"https:\/\/www.midvalleystem.org\/media\/sites\/2\/2022\/05\/primary-maths-teacher-800x420-1.jpg\",\"width\":800,\"height\":420,\"caption\":\"female teacher helping female student with math homework\"},{\"@type\":\"BreadcrumbList\",\"@id\":\"https:\/\/www.midvalleystem.org\/es\/mid-valley-stem-cte-hub-para-hispanohablantes\/#breadcrumb\",\"itemListElement\":[{\"@type\":\"ListItem\",\"position\":1,\"name\":\"Home\",\"item\":\"https:\/\/www.midvalleystem.org\/es\/\"},{\"@type\":\"ListItem\",\"position\":2,\"name\":\"En Espa\u00f1ol\"}]},{\"@type\":\"WebSite\",\"@id\":\"https:\/\/www.midvalleystem.org\/es\/#website\",\"url\":\"https:\/\/www.midvalleystem.org\/es\/\",\"name\":\"Mid-Valley STEM-CTE Hub - Espa\u00f1ol\",\"description\":\"\",\"potentialAction\":[{\"@type\":\"SearchAction\",\"target\":{\"@type\":\"EntryPoint\",\"urlTemplate\":\"https:\/\/www.midvalleystem.org\/es\/?s={search_term_string}\"},\"query-input\":{\"@type\":\"PropertyValueSpecification\",\"valueRequired\":true,\"valueName\":\"search_term_string\"}}],\"inLanguage\":\"en-US\"}]}<\/script>\n<!-- \/ Yoast SEO plugin. -->","yoast_head_json":{"title":"En Espa\u00f1ol - Mid-Valley STEM-CTE Hub - Espa\u00f1ol","robots":{"index":"index","follow":"follow","max-snippet":"max-snippet:-1","max-image-preview":"max-image-preview:large","max-video-preview":"max-video-preview:-1"},"canonical":"https:\/\/www.midvalleystem.org\/es\/mid-valley-stem-cte-hub-para-hispanohablantes\/","og_locale":"en_US","og_type":"article","og_title":"En Espa\u00f1ol - Mid-Valley STEM-CTE Hub - Espa\u00f1ol","og_description":"Mid-Valley STEM-CTE Hub para Hispanohablantes \u00a1Hola y bienvenidos!\u00a0 Nuestro sitio web se encuentra actualmente en construcci\u00f3n a medida que agregamos versiones en espa\u00f1ol de todo nuestro contenido original en ingl\u00e9s. [&hellip;]","og_url":"https:\/\/www.midvalleystem.org\/es\/mid-valley-stem-cte-hub-para-hispanohablantes\/","og_site_name":"Mid-Valley STEM-CTE Hub - Espa\u00f1ol","article_modified_time":"2022-05-29T16:05:19+00:00","og_image":[{"width":800,"height":420,"url":"https:\/\/www.midvalleystem.org\/media\/sites\/2\/2022\/05\/primary-maths-teacher-800x420-1.jpg","type":"image\/jpeg"}],"twitter_card":"summary_large_image","twitter_misc":{"Est. reading time":"1 minute"},"schema":{"@context":"https:\/\/schema.org","@graph":[{"@type":"WebPage","@id":"https:\/\/www.midvalleystem.org\/es\/mid-valley-stem-cte-hub-para-hispanohablantes\/","url":"https:\/\/www.midvalleystem.org\/es\/mid-valley-stem-cte-hub-para-hispanohablantes\/","name":"En Espa\u00f1ol - Mid-Valley STEM-CTE Hub - Espa\u00f1ol","isPartOf":{"@id":"https:\/\/www.midvalleystem.org\/es\/#website"},"primaryImageOfPage":{"@id":"https:\/\/www.midvalleystem.org\/es\/mid-valley-stem-cte-hub-para-hispanohablantes\/#primaryimage"},"image":{"@id":"https:\/\/www.midvalleystem.org\/es\/mid-valley-stem-cte-hub-para-hispanohablantes\/#primaryimage"},"thumbnailUrl":"https:\/\/www.midvalleystem.org\/media\/sites\/2\/2022\/05\/primary-maths-teacher-800x420-1.jpg","datePublished":"2022-05-16T02:32:43+00:00","dateModified":"2022-05-29T16:05:19+00:00","breadcrumb":{"@id":"https:\/\/www.midvalleystem.org\/es\/mid-valley-stem-cte-hub-para-hispanohablantes\/#breadcrumb"},"inLanguage":"en-US","potentialAction":[{"@type":"ReadAction","target":["https:\/\/www.midvalleystem.org\/es\/mid-valley-stem-cte-hub-para-hispanohablantes\/"]}]},{"@type":"ImageObject","inLanguage":"en-US","@id":"https:\/\/www.midvalleystem.org\/es\/mid-valley-stem-cte-hub-para-hispanohablantes\/#primaryimage","url":"https:\/\/www.midvalleystem.org\/media\/sites\/2\/2022\/05\/primary-maths-teacher-800x420-1.jpg","contentUrl":"https:\/\/www.midvalleystem.org\/media\/sites\/2\/2022\/05\/primary-maths-teacher-800x420-1.jpg","width":800,"height":420,"caption":"female teacher helping female student with math homework"},{"@type":"BreadcrumbList","@id":"https:\/\/www.midvalleystem.org\/es\/mid-valley-stem-cte-hub-para-hispanohablantes\/#breadcrumb","itemListElement":[{"@type":"ListItem","position":1,"name":"Home","item":"https:\/\/www.midvalleystem.org\/es\/"},{"@type":"ListItem","position":2,"name":"En Espa\u00f1ol"}]},{"@type":"WebSite","@id":"https:\/\/www.midvalleystem.org\/es\/#website","url":"https:\/\/www.midvalleystem.org\/es\/","name":"Mid-Valley STEM-CTE Hub - Espa\u00f1ol","description":"","potentialAction":[{"@type":"SearchAction","target":{"@type":"EntryPoint","urlTemplate":"https:\/\/www.midvalleystem.org\/es\/?s={search_term_string}"},"query-input":{"@type":"PropertyValueSpecification","valueRequired":true,"valueName":"search_term_string"}}],"inLanguage":"en-US"}]}},"_links":{"self":[{"href":"https:\/\/www.midvalleystem.org\/es\/wp-json\/wp\/v2\/pages\/7315","targetHints":{"allow":["GET"]}}],"collection":[{"href":"https:\/\/www.midvalleystem.org\/es\/wp-json\/wp\/v2\/pages"}],"about":[{"href":"https:\/\/www.midvalleystem.org\/es\/wp-json\/wp\/v2\/types\/page"}],"author":[{"embeddable":true,"href":"https:\/\/www.midvalleystem.org\/es\/wp-json\/wp\/v2\/users\/7"}],"replies":[{"embeddable":true,"href":"https:\/\/www.midvalleystem.org\/es\/wp-json\/wp\/v2\/comments?post=7315"}],"version-history":[{"count":2,"href":"https:\/\/www.midvalleystem.org\/es\/wp-json\/wp\/v2\/pages\/7315\/revisions"}],"predecessor-version":[{"id":7381,"href":"https:\/\/www.midvalleystem.org\/es\/wp-json\/wp\/v2\/pages\/7315\/revisions\/7381"}],"wp:featuredmedia":[{"embeddable":true,"href":"https:\/\/www.midvalleystem.org\/es\/wp-json\/wp\/v2\/media\/7336"}],"wp:attachment":[{"href":"https:\/\/www.midvalleystem.org\/es\/wp-json\/wp\/v2\/media?parent=7315"}],"curies":[{"name":"wp","href":"https:\/\/api.w.org\/{rel}","templated":true}]}}