{"id":8147,"date":"2024-05-20T15:14:24","date_gmt":"2024-05-20T22:14:24","guid":{"rendered":"https:\/\/www.midvalleystem.org\/es\/?page_id=8147"},"modified":"2024-05-20T15:14:24","modified_gmt":"2024-05-20T22:14:24","slug":"creativo-movil-mobile-makerspace","status":"publish","type":"page","link":"https:\/\/www.midvalleystem.org\/es\/creativo-movil-mobile-makerspace\/","title":{"rendered":"Creativo M\u00f3vil (Mobile Makerspace)"},"content":{"rendered":"<div id=\"pl-8147\"  class=\"panel-layout\" ><div id=\"pg-8147-0\"  class=\"panel-grid panel-has-style\" ><div class=\"panel-row-style panel-row-style-for-8147-0\" ><div id=\"pgc-8147-0-0\"  class=\"panel-grid-cell\" ><div id=\"panel-8147-0-0-0\" class=\"so-panel widget widget_sow-editor panel-first-child panel-last-child\" data-index=\"0\" ><div\n\t\t\t\n\t\t\tclass=\"so-widget-sow-editor so-widget-sow-editor-base\"\n\t\t\t\n\t\t>\n<div class=\"siteorigin-widget-tinymce textwidget\">\n\t<h3>\u00bfQu\u00e9 es el espacio creativo m\u00f3vil llamado en ingl\u00e9s \u201cMobile Makerspace?<\/h3>\n<p>El espacio creativo m\u00f3vil, es un evento itinerante que interact\u00faa con estudiantes en entornos fuera de la escuela, brindando acceso equitativo al aprendizaje STEAM practico. En los Condados de Linn y Benton, el espacio creativo m\u00f3vil visita bibliotecas y otras organizaciones comunitarias con actividades pr\u00e1cticas divertidas y atractivas que son gratuitas para todos los participantes.<\/p>\n<p>Cada mes ofrece una nueva y emocionante oportunidad de aprendizaje para los participantes del espacio creativo m\u00f3vil. Los eventos incluyen una breve lecci\u00f3n sobre el tema del mes y luego participaci\u00f3n en una variedad de actividades pr\u00e1cticas. Los participantes incluso pueden crear proyectos para llev\u00e1rselos a casa al final de los eventos.<\/p>\n<\/div>\n<\/div><\/div><\/div><div id=\"pgc-8147-0-1\"  class=\"panel-grid-cell\" ><div id=\"panel-8147-0-1-0\" class=\"so-panel widget widget_sow-editor panel-first-child panel-last-child\" data-index=\"1\" ><div\n\t\t\t\n\t\t\tclass=\"so-widget-sow-editor so-widget-sow-editor-base\"\n\t\t\t\n\t\t>\n<div class=\"siteorigin-widget-tinymce textwidget\">\n\t<h3 style=\"text-align: center;\">\u00bfEst\u00e1 buscando los pr\u00f3ximos eventos del espacio creativo m\u00f3vil?<\/h3>\n<p style=\"text-align: center;\"><strong><a href=\"https:\/\/www.midvalleystem.org\/events\/\" target=\"_blank\" rel=\"noopener\">Visite el calendario de eventos<\/a><\/strong><\/p>\n<\/div>\n<\/div><\/div><\/div><\/div><\/div><div id=\"pg-8147-1\"  class=\"panel-grid panel-has-style\" ><div class=\"panel-row-style panel-row-style-for-8147-1\" ><div id=\"pgc-8147-1-0\"  class=\"panel-grid-cell\" ><div id=\"panel-8147-1-0-0\" class=\"so-panel widget widget_sow-editor panel-first-child panel-last-child\" data-index=\"2\" ><div\n\t\t\t\n\t\t\tclass=\"so-widget-sow-editor so-widget-sow-editor-base\"\n\t\t\t\n\t\t>\n<div class=\"siteorigin-widget-tinymce textwidget\">\n\t<h3>Desarrollar una \"mentalidad de creador\"<\/h3>\n<p>\u00bfPor qu\u00e9 su estudiante deber\u00eda participar en los eventos del espacio creativo m\u00f3vil? \u00a1Es sencillo! Las investigaciones respaldan que el aprendizaje pr\u00e1ctico a trav\u00e9s de la creaci\u00f3n, es una excelente manera para que los estudiantes desarrollen confianza en su capacidad para abordar creativamente problemas complejos y abiertos, en sus vidas y en el mundo, tambi\u00e9n conocido como una mentalidad de creador. Ayudar a los estudiantes a desarrollar una mentalidad de creador los prepara para convertirse en:<\/p>\n<ul>\n<li>Exploradores<\/li>\n<li>Seres m\u00e1s emp\u00e1ticos<\/li>\n<li>Pensadores divergentes<\/li>\n<li>Solucionadores de problemas creativos<\/li>\n<li>Estudiantes seguros de s\u00ed mismos<\/li>\n<\/ul>\n<p>\u00a1Y mucho m\u00e1s! Explore m\u00e1s a fondo el concepto de mentalidad de creador con el pionero del aprendizaje pr\u00e1ctico, <strong><a href=\"https:\/\/spencerauthor.com\/classroom-makerspace\/\" target=\"_blank\" rel=\"noopener\">Sr. John Spencer<\/a><\/strong>.<\/p>\n<\/div>\n<\/div><\/div><\/div><div id=\"pgc-8147-1-1\"  class=\"panel-grid-cell\" ><div id=\"panel-8147-1-1-0\" class=\"so-panel widget widget_sow-image panel-first-child panel-last-child\" data-index=\"3\" ><div\n\t\t\t\n\t\t\tclass=\"so-widget-sow-image so-widget-sow-image-default-8b5b6f678277-8147\"\n\t\t\t\n\t\t>\n<div class=\"sow-image-container\">\n\t\t<img \n\tsrc=\"https:\/\/www.midvalleystem.org\/media\/sites\/2\/2024\/05\/MM6-e1716242804771.png\" width=\"1000\" height=\"563\" sizes=\"(max-width: 1000px) 100vw, 1000px\" title=\"MM6\" alt=\"\" \t\tclass=\"so-widget-image\"\/>\n\t<\/div>\n\n<\/div><\/div><\/div><\/div><\/div><div id=\"pg-8147-2\"  class=\"panel-grid panel-has-style\" ><div class=\"panel-row-style panel-row-style-for-8147-2\" ><div id=\"pgc-8147-2-0\"  class=\"panel-grid-cell\" ><div id=\"panel-8147-2-0-0\" class=\"so-panel widget widget_sow-image panel-first-child panel-last-child\" data-index=\"4\" ><div\n\t\t\t\n\t\t\tclass=\"so-widget-sow-image so-widget-sow-image-default-8b5b6f678277-8147\"\n\t\t\t\n\t\t>\n<div class=\"sow-image-container\">\n\t\t<img \n\tsrc=\"https:\/\/www.midvalleystem.org\/media\/sites\/2\/2024\/05\/solarbug-kid-e1716243059427.png\" width=\"1000\" height=\"562\" sizes=\"(max-width: 1000px) 100vw, 1000px\" title=\"solarbug kid\" alt=\"\" \t\tclass=\"so-widget-image\"\/>\n\t<\/div>\n\n<\/div><\/div><\/div><div id=\"pgc-8147-2-1\"  class=\"panel-grid-cell\" ><div id=\"panel-8147-2-1-0\" class=\"so-panel widget widget_sow-editor panel-first-child panel-last-child\" data-index=\"5\" ><div\n\t\t\t\n\t\t\tclass=\"so-widget-sow-editor so-widget-sow-editor-base\"\n\t\t\t\n\t\t>\n<div class=\"siteorigin-widget-tinymce textwidget\">\n\t<h3>Ejemplos de actividades pasadas:<\/h3>\n<ul>\n<li style=\"font-weight: 400;\" aria-level=\"1\"><span style=\"font-weight: 400;\">Crear y construir un juego de mesa.<\/span><\/li>\n<li style=\"font-weight: 400;\" aria-level=\"1\"><span style=\"font-weight: 400;\">Examinando la energ\u00eda solar con juguetes solares para insectos.<\/span><\/li>\n<li style=\"font-weight: 400;\" aria-level=\"1\"><span style=\"font-weight: 400;\">Aprender sobre imanes<\/span><\/li>\n<li style=\"font-weight: 400;\" aria-level=\"1\"><span style=\"font-weight: 400;\">Fabricaci\u00f3n de dise\u00f1os de mosaicos.<\/span><\/li>\n<li style=\"font-weight: 400;\" aria-level=\"1\"><span style=\"font-weight: 400;\">Descubriendo la oceanograf\u00eda<\/span><\/li>\n<li style=\"font-weight: 400;\" aria-level=\"1\"><span style=\"font-weight: 400;\">Explorando la qu\u00edmica con pasta de dientes y con la sustancia viscosa y maleable llamada \u201cslime\u201d.<\/span><\/li>\n<li style=\"font-weight: 400;\" aria-level=\"1\"><span style=\"font-weight: 400;\">Introducci\u00f3n a la animaci\u00f3n t\u00e9cnica de animaci\u00f3n llamada \u201cstop-motion\u201d<\/span><\/li>\n<\/ul>\n<\/div>\n<\/div><\/div><\/div><\/div><\/div><div id=\"pg-8147-3\"  class=\"panel-grid panel-has-style\" ><div class=\"panel-row-style panel-row-style-for-8147-3\" ><div id=\"pgc-8147-3-0\"  class=\"panel-grid-cell\" ><div id=\"panel-8147-3-0-0\" class=\"so-panel widget widget_sow-image-grid panel-first-child panel-last-child\" data-index=\"6\" ><div\n\t\t\t\n\t\t\tclass=\"so-widget-sow-image-grid so-widget-sow-image-grid-default-8bf08a9600e8-8147\"\n\t\t\t\n\t\t>\t<div\n\t\tclass=\"sow-image-grid-wrapper\"\n\t\t\t\t\t>\n\t\t\t\t\t<div class=\"sow-image-grid-image\">\n\t\t\t\t\t\t\t\t\t\t\t\t<img decoding=\"async\" width=\"250\" height=\"213\" src=\"https:\/\/www.midvalleystem.org\/media\/sites\/2\/2024\/04\/IMG_5184-e1714497021272-250x213.jpg\" class=\"sow-image-grid-image_html\" alt=\"older and younger brother hold up their gyotaku print making project as they smile to the camera&quot;\" title=\"Sweet Home Gyotaku\" srcset=\"https:\/\/www.midvalleystem.org\/media\/sites\/2\/2024\/04\/IMG_5184-e1714497021272-250x213.jpg 250w, https:\/\/www.midvalleystem.org\/media\/sites\/2\/2024\/04\/IMG_5184-e1714497021272-120x102.jpg 120w, https:\/\/www.midvalleystem.org\/media\/sites\/2\/2024\/04\/IMG_5184-e1714497021272.jpg 470w\" sizes=\"(max-width: 250px) 100vw, 250px\" \/>\t\t\t\t\t\t\t\t\t\t\t<\/div>\n\t\t\t\t\t<div class=\"sow-image-grid-image\">\n\t\t\t\t\t\t\t\t\t\t\t\t<img decoding=\"async\" width=\"250\" height=\"167\" src=\"https:\/\/www.midvalleystem.org\/media\/sites\/2\/2024\/05\/IMG_3812-250x167.jpg\" class=\"sow-image-grid-image_html\" alt=\"Smiling Lebanon students holds up her mosaic project which is constructed out of blue air-drying clay and various colorful legumes.&quot;\" title=\"Lebanon Mosaics\" srcset=\"https:\/\/www.midvalleystem.org\/media\/sites\/2\/2024\/05\/IMG_3812-250x167.jpg 250w, https:\/\/www.midvalleystem.org\/media\/sites\/2\/2024\/05\/IMG_3812-700x467.jpg 700w, https:\/\/www.midvalleystem.org\/media\/sites\/2\/2024\/05\/IMG_3812-768x512.jpg 768w, https:\/\/www.midvalleystem.org\/media\/sites\/2\/2024\/05\/IMG_3812-1536x1024.jpg 1536w, https:\/\/www.midvalleystem.org\/media\/sites\/2\/2024\/05\/IMG_3812-2048x1365.jpg 2048w, https:\/\/www.midvalleystem.org\/media\/sites\/2\/2024\/05\/IMG_3812-120x80.jpg 120w, https:\/\/www.midvalleystem.org\/media\/sites\/2\/2024\/05\/IMG_3812-600x400.jpg 600w, https:\/\/www.midvalleystem.org\/media\/sites\/2\/2024\/05\/IMG_3812-272x182.jpg 272w\" sizes=\"(max-width: 250px) 100vw, 250px\" \/>\t\t\t\t\t\t\t\t\t\t\t<\/div>\n\t\t\t\t\t<div class=\"sow-image-grid-image\">\n\t\t\t\t\t\t\t\t\t\t\t\t<img decoding=\"async\" width=\"250\" height=\"167\" src=\"https:\/\/www.midvalleystem.org\/media\/sites\/2\/2024\/05\/IMG_3950-250x167.jpg\" class=\"sow-image-grid-image_html\" alt=\"Two sisters working together to build a cardboard structure to test on a shake table.&quot;\" title=\"Monroe Shake Table\" srcset=\"https:\/\/www.midvalleystem.org\/media\/sites\/2\/2024\/05\/IMG_3950-250x167.jpg 250w, https:\/\/www.midvalleystem.org\/media\/sites\/2\/2024\/05\/IMG_3950-700x467.jpg 700w, https:\/\/www.midvalleystem.org\/media\/sites\/2\/2024\/05\/IMG_3950-768x512.jpg 768w, https:\/\/www.midvalleystem.org\/media\/sites\/2\/2024\/05\/IMG_3950-1536x1024.jpg 1536w, https:\/\/www.midvalleystem.org\/media\/sites\/2\/2024\/05\/IMG_3950-120x80.jpg 120w, https:\/\/www.midvalleystem.org\/media\/sites\/2\/2024\/05\/IMG_3950-600x400.jpg 600w, https:\/\/www.midvalleystem.org\/media\/sites\/2\/2024\/05\/IMG_3950-272x182.jpg 272w, https:\/\/www.midvalleystem.org\/media\/sites\/2\/2024\/05\/IMG_3950-e1716242304153.jpg 1000w\" sizes=\"(max-width: 250px) 100vw, 250px\" \/>\t\t\t\t\t\t\t\t\t\t\t<\/div>\n\t\t\t\t\t<div class=\"sow-image-grid-image\">\n\t\t\t\t\t\t\t\t\t\t\t\t<img decoding=\"async\" width=\"250\" height=\"167\" src=\"https:\/\/www.midvalleystem.org\/media\/sites\/2\/2024\/05\/IMG_4606-250x167.jpg\" class=\"sow-image-grid-image_html\" alt=\"Student works to press a pattern into their leather tooling project&quot;\" title=\"Monroe Leather Making\" srcset=\"https:\/\/www.midvalleystem.org\/media\/sites\/2\/2024\/05\/IMG_4606-250x167.jpg 250w, https:\/\/www.midvalleystem.org\/media\/sites\/2\/2024\/05\/IMG_4606-700x467.jpg 700w, https:\/\/www.midvalleystem.org\/media\/sites\/2\/2024\/05\/IMG_4606-768x512.jpg 768w, https:\/\/www.midvalleystem.org\/media\/sites\/2\/2024\/05\/IMG_4606-1536x1024.jpg 1536w, https:\/\/www.midvalleystem.org\/media\/sites\/2\/2024\/05\/IMG_4606-2048x1365.jpg 2048w, https:\/\/www.midvalleystem.org\/media\/sites\/2\/2024\/05\/IMG_4606-120x80.jpg 120w, https:\/\/www.midvalleystem.org\/media\/sites\/2\/2024\/05\/IMG_4606-600x400.jpg 600w, https:\/\/www.midvalleystem.org\/media\/sites\/2\/2024\/05\/IMG_4606-272x182.jpg 272w, https:\/\/www.midvalleystem.org\/media\/sites\/2\/2024\/05\/IMG_4606-scaled-e1716242448558.jpg 1000w\" sizes=\"(max-width: 250px) 100vw, 250px\" \/>\t\t\t\t\t\t\t\t\t\t\t<\/div>\n\t\t\t\t\t<div class=\"sow-image-grid-image\">\n\t\t\t\t\t\t\t\t\t\t\t\t<img decoding=\"async\" width=\"250\" height=\"178\" src=\"https:\/\/www.midvalleystem.org\/media\/sites\/2\/2024\/05\/IMG_4432-250x178.jpg\" class=\"sow-image-grid-image_html\" alt=\"Three young students work together to measure out ingredients for a chemistry project.&quot;\" title=\"Alsea Chemistry\" srcset=\"https:\/\/www.midvalleystem.org\/media\/sites\/2\/2024\/05\/IMG_4432-250x178.jpg 250w, https:\/\/www.midvalleystem.org\/media\/sites\/2\/2024\/05\/IMG_4432-700x498.jpg 700w, https:\/\/www.midvalleystem.org\/media\/sites\/2\/2024\/05\/IMG_4432-768x546.jpg 768w, https:\/\/www.midvalleystem.org\/media\/sites\/2\/2024\/05\/IMG_4432-1536x1093.jpg 1536w, https:\/\/www.midvalleystem.org\/media\/sites\/2\/2024\/05\/IMG_4432-120x85.jpg 120w, https:\/\/www.midvalleystem.org\/media\/sites\/2\/2024\/05\/IMG_4432-600x427.jpg 600w, https:\/\/www.midvalleystem.org\/media\/sites\/2\/2024\/05\/IMG_4432.jpg 2048w\" sizes=\"(max-width: 250px) 100vw, 250px\" \/>\t\t\t\t\t\t\t\t\t\t\t<\/div>\n\t\t\t\t\t<div class=\"sow-image-grid-image\">\n\t\t\t\t\t\t\t\t\t\t\t\t<img decoding=\"async\" width=\"250\" height=\"187\" src=\"https:\/\/www.midvalleystem.org\/media\/sites\/2\/2024\/05\/MVSCH-MM-Slime-250x187.jpg\" class=\"sow-image-grid-image_html\" alt=\"Harrisburg student stretches his slime project to the max.&quot;\" title=\"Harrisburg Slime\" srcset=\"https:\/\/www.midvalleystem.org\/media\/sites\/2\/2024\/05\/MVSCH-MM-Slime-250x187.jpg 250w, https:\/\/www.midvalleystem.org\/media\/sites\/2\/2024\/05\/MVSCH-MM-Slime-700x525.jpg 700w, https:\/\/www.midvalleystem.org\/media\/sites\/2\/2024\/05\/MVSCH-MM-Slime-768x576.jpg 768w, https:\/\/www.midvalleystem.org\/media\/sites\/2\/2024\/05\/MVSCH-MM-Slime-1536x1152.jpg 1536w, https:\/\/www.midvalleystem.org\/media\/sites\/2\/2024\/05\/MVSCH-MM-Slime-2048x1536.jpg 2048w, https:\/\/www.midvalleystem.org\/media\/sites\/2\/2024\/05\/MVSCH-MM-Slime-120x90.jpg 120w, https:\/\/www.midvalleystem.org\/media\/sites\/2\/2024\/05\/MVSCH-MM-Slime-600x450.jpg 600w, https:\/\/www.midvalleystem.org\/media\/sites\/2\/2024\/05\/MVSCH-MM-Slime-scaled-e1716242651637.jpg 1000w\" sizes=\"(max-width: 250px) 100vw, 250px\" \/>\t\t\t\t\t\t\t\t\t\t\t<\/div>\n\t\t\t\t\t<div class=\"sow-image-grid-image\">\n\t\t\t\t\t\t\t\t\t\t\t\t<img decoding=\"async\" width=\"250\" height=\"167\" src=\"https:\/\/www.midvalleystem.org\/media\/sites\/2\/2024\/05\/IMG_4253-250x167.jpg\" class=\"sow-image-grid-image_html\" alt=\"Two male students working intently on constructing a chain of circuit cubes.&quot;\" title=\"Lebanon Circuit Cubes\" srcset=\"https:\/\/www.midvalleystem.org\/media\/sites\/2\/2024\/05\/IMG_4253-250x167.jpg 250w, https:\/\/www.midvalleystem.org\/media\/sites\/2\/2024\/05\/IMG_4253-700x467.jpg 700w, https:\/\/www.midvalleystem.org\/media\/sites\/2\/2024\/05\/IMG_4253-768x512.jpg 768w, https:\/\/www.midvalleystem.org\/media\/sites\/2\/2024\/05\/IMG_4253-1536x1024.jpg 1536w, https:\/\/www.midvalleystem.org\/media\/sites\/2\/2024\/05\/IMG_4253-120x80.jpg 120w, https:\/\/www.midvalleystem.org\/media\/sites\/2\/2024\/05\/IMG_4253-600x400.jpg 600w, https:\/\/www.midvalleystem.org\/media\/sites\/2\/2024\/05\/IMG_4253-272x182.jpg 272w, https:\/\/www.midvalleystem.org\/media\/sites\/2\/2024\/05\/IMG_4253.jpg 2048w\" sizes=\"(max-width: 250px) 100vw, 250px\" \/>\t\t\t\t\t\t\t\t\t\t\t<\/div>\n\t\t\t\t\t<div class=\"sow-image-grid-image\">\n\t\t\t\t\t\t\t\t\t\t\t\t<img decoding=\"async\" width=\"250\" height=\"167\" src=\"https:\/\/www.midvalleystem.org\/media\/sites\/2\/2024\/05\/IMG_4097-250x167.jpg\" class=\"sow-image-grid-image_html\" alt=\"Male student testing out their hand-made cardboard structure on a shake table.&quot;\" title=\"Sweet Home Shake Table\" srcset=\"https:\/\/www.midvalleystem.org\/media\/sites\/2\/2024\/05\/IMG_4097-250x167.jpg 250w, https:\/\/www.midvalleystem.org\/media\/sites\/2\/2024\/05\/IMG_4097-700x467.jpg 700w, https:\/\/www.midvalleystem.org\/media\/sites\/2\/2024\/05\/IMG_4097-768x512.jpg 768w, https:\/\/www.midvalleystem.org\/media\/sites\/2\/2024\/05\/IMG_4097-1536x1024.jpg 1536w, https:\/\/www.midvalleystem.org\/media\/sites\/2\/2024\/05\/IMG_4097-120x80.jpg 120w, https:\/\/www.midvalleystem.org\/media\/sites\/2\/2024\/05\/IMG_4097-600x400.jpg 600w, https:\/\/www.midvalleystem.org\/media\/sites\/2\/2024\/05\/IMG_4097-272x182.jpg 272w, https:\/\/www.midvalleystem.org\/media\/sites\/2\/2024\/05\/IMG_4097.jpg 2048w\" sizes=\"(max-width: 250px) 100vw, 250px\" \/>\t\t\t\t\t\t\t\t\t\t\t<\/div>\n\t\t\t<\/div>\n<\/div><\/div><\/div><\/div><\/div><div id=\"pg-8147-4\"  class=\"panel-grid panel-has-style\" ><div class=\"panel-row-style panel-row-style-for-8147-4\" ><div id=\"pgc-8147-4-0\"  class=\"panel-grid-cell\" ><div id=\"panel-8147-4-0-0\" class=\"so-panel widget widget_sow-editor panel-first-child panel-last-child\" data-index=\"7\" ><div\n\t\t\t\n\t\t\tclass=\"so-widget-sow-editor so-widget-sow-editor-base\"\n\t\t\t\n\t\t>\n<div class=\"siteorigin-widget-tinymce textwidget\">\n\t<p><em>*** Nota: Los participantes pueden estar sujetos a ser fotografiados y\/o grabados en video, mientras participan en el espacio creativo m\u00f3vil (Mobile Makerspace). Estas fotos y videos se utilizan para comunicarnos con nuestros financiadores de subvenciones, as\u00ed como para compartir nuestro trabajo en nuestro sitio web y redes sociales. ***<\/em><\/p>\n<\/div>\n<\/div><\/div><\/div><\/div><\/div><\/div>","protected":false},"excerpt":{"rendered":"\u00bfQu\u00e9 es el espacio creativo m\u00f3vil llamado en ingl\u00e9s \u201cMobile Makerspace? El espacio creativo m\u00f3vil, es un evento itinerante que interact\u00faa con estudiantes en entornos fuera de la escuela, brindando [&hellip;]","protected":false},"author":7,"featured_media":8160,"parent":0,"menu_order":0,"comment_status":"closed","ping_status":"closed","template":"","meta":{"_acf_changed":false,"footnotes":""},"class_list":["post-8147","page","type-page","status-publish","has-post-thumbnail","hentry"],"acf":[],"yoast_head":"<!-- This site is optimized with the Yoast SEO plugin v26.8 - https:\/\/yoast.com\/product\/yoast-seo-wordpress\/ -->\n<title>Creativo M\u00f3vil (Mobile Makerspace) - Mid-Valley STEM-CTE Hub - Espa\u00f1ol<\/title>\n<meta name=\"robots\" content=\"index, follow, max-snippet:-1, max-image-preview:large, max-video-preview:-1\" \/>\n<link rel=\"canonical\" href=\"https:\/\/www.midvalleystem.org\/es\/creativo-movil-mobile-makerspace\/\" \/>\n<meta property=\"og:locale\" content=\"en_US\" \/>\n<meta property=\"og:type\" content=\"article\" \/>\n<meta property=\"og:title\" content=\"Creativo M\u00f3vil (Mobile Makerspace) - Mid-Valley STEM-CTE Hub - Espa\u00f1ol\" \/>\n<meta property=\"og:description\" content=\"\u00bfQu\u00e9 es el espacio creativo m\u00f3vil llamado en ingl\u00e9s \u201cMobile Makerspace? El espacio creativo m\u00f3vil, es un evento itinerante que interact\u00faa con estudiantes en entornos fuera de la escuela, brindando [&hellip;]\" \/>\n<meta property=\"og:url\" content=\"https:\/\/www.midvalleystem.org\/es\/creativo-movil-mobile-makerspace\/\" \/>\n<meta property=\"og:site_name\" content=\"Mid-Valley STEM-CTE Hub - Espa\u00f1ol\" \/>\n<meta property=\"og:image\" content=\"https:\/\/www.midvalleystem.org\/media\/sites\/2\/2024\/05\/IMG_4262-e1716242944290.jpg\" \/>\n\t<meta property=\"og:image:width\" content=\"1000\" \/>\n\t<meta property=\"og:image:height\" content=\"667\" \/>\n\t<meta property=\"og:image:type\" content=\"image\/jpeg\" \/>\n<meta name=\"twitter:card\" content=\"summary_large_image\" \/>\n<meta name=\"twitter:label1\" content=\"Est. reading time\" \/>\n\t<meta name=\"twitter:data1\" content=\"4 minutes\" \/>\n<script type=\"application\/ld+json\" class=\"yoast-schema-graph\">{\"@context\":\"https:\/\/schema.org\",\"@graph\":[{\"@type\":\"WebPage\",\"@id\":\"https:\/\/www.midvalleystem.org\/es\/creativo-movil-mobile-makerspace\/\",\"url\":\"https:\/\/www.midvalleystem.org\/es\/creativo-movil-mobile-makerspace\/\",\"name\":\"Creativo M\u00f3vil (Mobile Makerspace) - Mid-Valley STEM-CTE Hub - Espa\u00f1ol\",\"isPartOf\":{\"@id\":\"https:\/\/www.midvalleystem.org\/es\/#website\"},\"primaryImageOfPage\":{\"@id\":\"https:\/\/www.midvalleystem.org\/es\/creativo-movil-mobile-makerspace\/#primaryimage\"},\"image\":{\"@id\":\"https:\/\/www.midvalleystem.org\/es\/creativo-movil-mobile-makerspace\/#primaryimage\"},\"thumbnailUrl\":\"https:\/\/www.midvalleystem.org\/media\/sites\/2\/2024\/05\/IMG_4262-e1716242944290.jpg\",\"datePublished\":\"2024-05-20T22:14:24+00:00\",\"breadcrumb\":{\"@id\":\"https:\/\/www.midvalleystem.org\/es\/creativo-movil-mobile-makerspace\/#breadcrumb\"},\"inLanguage\":\"en-US\",\"potentialAction\":[{\"@type\":\"ReadAction\",\"target\":[\"https:\/\/www.midvalleystem.org\/es\/creativo-movil-mobile-makerspace\/\"]}]},{\"@type\":\"ImageObject\",\"inLanguage\":\"en-US\",\"@id\":\"https:\/\/www.midvalleystem.org\/es\/creativo-movil-mobile-makerspace\/#primaryimage\",\"url\":\"https:\/\/www.midvalleystem.org\/media\/sites\/2\/2024\/05\/IMG_4262-e1716242944290.jpg\",\"contentUrl\":\"https:\/\/www.midvalleystem.org\/media\/sites\/2\/2024\/05\/IMG_4262-e1716242944290.jpg\",\"width\":1000,\"height\":667},{\"@type\":\"BreadcrumbList\",\"@id\":\"https:\/\/www.midvalleystem.org\/es\/creativo-movil-mobile-makerspace\/#breadcrumb\",\"itemListElement\":[{\"@type\":\"ListItem\",\"position\":1,\"name\":\"Home\",\"item\":\"https:\/\/www.midvalleystem.org\/es\/\"},{\"@type\":\"ListItem\",\"position\":2,\"name\":\"Creativo M\u00f3vil (Mobile Makerspace)\"}]},{\"@type\":\"WebSite\",\"@id\":\"https:\/\/www.midvalleystem.org\/es\/#website\",\"url\":\"https:\/\/www.midvalleystem.org\/es\/\",\"name\":\"Mid-Valley STEM-CTE Hub - Espa\u00f1ol\",\"description\":\"\",\"potentialAction\":[{\"@type\":\"SearchAction\",\"target\":{\"@type\":\"EntryPoint\",\"urlTemplate\":\"https:\/\/www.midvalleystem.org\/es\/?s={search_term_string}\"},\"query-input\":{\"@type\":\"PropertyValueSpecification\",\"valueRequired\":true,\"valueName\":\"search_term_string\"}}],\"inLanguage\":\"en-US\"}]}<\/script>\n<!-- \/ Yoast SEO plugin. -->","yoast_head_json":{"title":"Creativo M\u00f3vil (Mobile Makerspace) - Mid-Valley STEM-CTE Hub - Espa\u00f1ol","robots":{"index":"index","follow":"follow","max-snippet":"max-snippet:-1","max-image-preview":"max-image-preview:large","max-video-preview":"max-video-preview:-1"},"canonical":"https:\/\/www.midvalleystem.org\/es\/creativo-movil-mobile-makerspace\/","og_locale":"en_US","og_type":"article","og_title":"Creativo M\u00f3vil (Mobile Makerspace) - Mid-Valley STEM-CTE Hub - Espa\u00f1ol","og_description":"\u00bfQu\u00e9 es el espacio creativo m\u00f3vil llamado en ingl\u00e9s \u201cMobile Makerspace? El espacio creativo m\u00f3vil, es un evento itinerante que interact\u00faa con estudiantes en entornos fuera de la escuela, brindando [&hellip;]","og_url":"https:\/\/www.midvalleystem.org\/es\/creativo-movil-mobile-makerspace\/","og_site_name":"Mid-Valley STEM-CTE Hub - Espa\u00f1ol","og_image":[{"width":1000,"height":667,"url":"https:\/\/www.midvalleystem.org\/media\/sites\/2\/2024\/05\/IMG_4262-e1716242944290.jpg","type":"image\/jpeg"}],"twitter_card":"summary_large_image","twitter_misc":{"Est. reading time":"4 minutes"},"schema":{"@context":"https:\/\/schema.org","@graph":[{"@type":"WebPage","@id":"https:\/\/www.midvalleystem.org\/es\/creativo-movil-mobile-makerspace\/","url":"https:\/\/www.midvalleystem.org\/es\/creativo-movil-mobile-makerspace\/","name":"Creativo M\u00f3vil (Mobile Makerspace) - Mid-Valley STEM-CTE Hub - Espa\u00f1ol","isPartOf":{"@id":"https:\/\/www.midvalleystem.org\/es\/#website"},"primaryImageOfPage":{"@id":"https:\/\/www.midvalleystem.org\/es\/creativo-movil-mobile-makerspace\/#primaryimage"},"image":{"@id":"https:\/\/www.midvalleystem.org\/es\/creativo-movil-mobile-makerspace\/#primaryimage"},"thumbnailUrl":"https:\/\/www.midvalleystem.org\/media\/sites\/2\/2024\/05\/IMG_4262-e1716242944290.jpg","datePublished":"2024-05-20T22:14:24+00:00","breadcrumb":{"@id":"https:\/\/www.midvalleystem.org\/es\/creativo-movil-mobile-makerspace\/#breadcrumb"},"inLanguage":"en-US","potentialAction":[{"@type":"ReadAction","target":["https:\/\/www.midvalleystem.org\/es\/creativo-movil-mobile-makerspace\/"]}]},{"@type":"ImageObject","inLanguage":"en-US","@id":"https:\/\/www.midvalleystem.org\/es\/creativo-movil-mobile-makerspace\/#primaryimage","url":"https:\/\/www.midvalleystem.org\/media\/sites\/2\/2024\/05\/IMG_4262-e1716242944290.jpg","contentUrl":"https:\/\/www.midvalleystem.org\/media\/sites\/2\/2024\/05\/IMG_4262-e1716242944290.jpg","width":1000,"height":667},{"@type":"BreadcrumbList","@id":"https:\/\/www.midvalleystem.org\/es\/creativo-movil-mobile-makerspace\/#breadcrumb","itemListElement":[{"@type":"ListItem","position":1,"name":"Home","item":"https:\/\/www.midvalleystem.org\/es\/"},{"@type":"ListItem","position":2,"name":"Creativo M\u00f3vil (Mobile Makerspace)"}]},{"@type":"WebSite","@id":"https:\/\/www.midvalleystem.org\/es\/#website","url":"https:\/\/www.midvalleystem.org\/es\/","name":"Mid-Valley STEM-CTE Hub - Espa\u00f1ol","description":"","potentialAction":[{"@type":"SearchAction","target":{"@type":"EntryPoint","urlTemplate":"https:\/\/www.midvalleystem.org\/es\/?s={search_term_string}"},"query-input":{"@type":"PropertyValueSpecification","valueRequired":true,"valueName":"search_term_string"}}],"inLanguage":"en-US"}]}},"_links":{"self":[{"href":"https:\/\/www.midvalleystem.org\/es\/wp-json\/wp\/v2\/pages\/8147","targetHints":{"allow":["GET"]}}],"collection":[{"href":"https:\/\/www.midvalleystem.org\/es\/wp-json\/wp\/v2\/pages"}],"about":[{"href":"https:\/\/www.midvalleystem.org\/es\/wp-json\/wp\/v2\/types\/page"}],"author":[{"embeddable":true,"href":"https:\/\/www.midvalleystem.org\/es\/wp-json\/wp\/v2\/users\/7"}],"replies":[{"embeddable":true,"href":"https:\/\/www.midvalleystem.org\/es\/wp-json\/wp\/v2\/comments?post=8147"}],"version-history":[{"count":2,"href":"https:\/\/www.midvalleystem.org\/es\/wp-json\/wp\/v2\/pages\/8147\/revisions"}],"predecessor-version":[{"id":8167,"href":"https:\/\/www.midvalleystem.org\/es\/wp-json\/wp\/v2\/pages\/8147\/revisions\/8167"}],"wp:featuredmedia":[{"embeddable":true,"href":"https:\/\/www.midvalleystem.org\/es\/wp-json\/wp\/v2\/media\/8160"}],"wp:attachment":[{"href":"https:\/\/www.midvalleystem.org\/es\/wp-json\/wp\/v2\/media?parent=8147"}],"curies":[{"name":"wp","href":"https:\/\/api.w.org\/{rel}","templated":true}]}}