{"id":8221,"date":"2024-09-10T12:55:11","date_gmt":"2024-09-10T19:55:11","guid":{"rendered":"https:\/\/www.midvalleystem.org\/es\/?page_id=8221"},"modified":"2025-06-05T11:19:07","modified_gmt":"2025-06-05T18:19:07","slug":"archivo-de-boletines-2","status":"publish","type":"page","link":"https:\/\/www.midvalleystem.org\/es\/archivo-de-boletines-2\/","title":{"rendered":"Archivo de boletines"},"content":{"rendered":"<h2><a href=\"https:\/\/www.midvalleystem.org\/es\/boletines-de-2024\/\" target=\"_blank\" rel=\"noopener\">Boletines de 2024<\/a><\/h2>\n<h2 style=\"text-align: left;\"><a href=\"https:\/\/www.midvalleystem.org\/boletin-de-2023\/\" target=\"_blank\" rel=\"noopener\">Bolet\u00edn de 2023<\/a><\/h2>\n<h2><a href=\"https:\/\/www.midvalleystem.org\/boletines-de-2022\/\" target=\"_blank\" rel=\"noopener\">Bolet\u00edn de 2022<\/a><\/h2>\n<p>&nbsp;<\/p>\n","protected":false},"excerpt":{"rendered":"Boletines de 2024 Bolet\u00edn de 2023 Bolet\u00edn de 2022 &nbsp;","protected":false},"author":7,"featured_media":0,"parent":0,"menu_order":0,"comment_status":"closed","ping_status":"closed","template":"","meta":{"_acf_changed":false,"footnotes":""},"class_list":["post-8221","page","type-page","status-publish","hentry"],"acf":[],"yoast_head":"<!-- This site is optimized with the Yoast SEO plugin v26.8 - https:\/\/yoast.com\/product\/yoast-seo-wordpress\/ -->\n<title>Archivo de boletines - Mid-Valley STEM-CTE Hub - Espa\u00f1ol<\/title>\n<meta name=\"robots\" content=\"index, follow, max-snippet:-1, max-image-preview:large, max-video-preview:-1\" \/>\n<link rel=\"canonical\" href=\"https:\/\/www.midvalleystem.org\/es\/archivo-de-boletines-2\/\" \/>\n<meta property=\"og:locale\" content=\"en_US\" \/>\n<meta property=\"og:type\" content=\"article\" \/>\n<meta property=\"og:title\" content=\"Archivo de boletines - Mid-Valley STEM-CTE Hub - Espa\u00f1ol\" \/>\n<meta property=\"og:description\" content=\"Boletines de 2024 Bolet\u00edn de 2023 Bolet\u00edn de 2022 &nbsp;\" \/>\n<meta property=\"og:url\" content=\"https:\/\/www.midvalleystem.org\/es\/archivo-de-boletines-2\/\" \/>\n<meta property=\"og:site_name\" content=\"Mid-Valley STEM-CTE Hub - Espa\u00f1ol\" \/>\n<meta property=\"article:modified_time\" content=\"2025-06-05T18:19:07+00:00\" \/>\n<meta name=\"twitter:card\" content=\"summary_large_image\" \/>\n<meta name=\"twitter:label1\" content=\"Est. reading time\" \/>\n\t<meta name=\"twitter:data1\" content=\"1 minute\" \/>\n<script type=\"application\/ld+json\" class=\"yoast-schema-graph\">{\"@context\":\"https:\/\/schema.org\",\"@graph\":[{\"@type\":\"WebPage\",\"@id\":\"https:\/\/www.midvalleystem.org\/es\/archivo-de-boletines-2\/\",\"url\":\"https:\/\/www.midvalleystem.org\/es\/archivo-de-boletines-2\/\",\"name\":\"Archivo de boletines - Mid-Valley STEM-CTE Hub - Espa\u00f1ol\",\"isPartOf\":{\"@id\":\"https:\/\/www.midvalleystem.org\/es\/#website\"},\"datePublished\":\"2024-09-10T19:55:11+00:00\",\"dateModified\":\"2025-06-05T18:19:07+00:00\",\"breadcrumb\":{\"@id\":\"https:\/\/www.midvalleystem.org\/es\/archivo-de-boletines-2\/#breadcrumb\"},\"inLanguage\":\"en-US\",\"potentialAction\":[{\"@type\":\"ReadAction\",\"target\":[\"https:\/\/www.midvalleystem.org\/es\/archivo-de-boletines-2\/\"]}]},{\"@type\":\"BreadcrumbList\",\"@id\":\"https:\/\/www.midvalleystem.org\/es\/archivo-de-boletines-2\/#breadcrumb\",\"itemListElement\":[{\"@type\":\"ListItem\",\"position\":1,\"name\":\"Home\",\"item\":\"https:\/\/www.midvalleystem.org\/es\/\"},{\"@type\":\"ListItem\",\"position\":2,\"name\":\"Archivo de boletines\"}]},{\"@type\":\"WebSite\",\"@id\":\"https:\/\/www.midvalleystem.org\/es\/#website\",\"url\":\"https:\/\/www.midvalleystem.org\/es\/\",\"name\":\"Mid-Valley STEM-CTE Hub - Espa\u00f1ol\",\"description\":\"\",\"potentialAction\":[{\"@type\":\"SearchAction\",\"target\":{\"@type\":\"EntryPoint\",\"urlTemplate\":\"https:\/\/www.midvalleystem.org\/es\/?s={search_term_string}\"},\"query-input\":{\"@type\":\"PropertyValueSpecification\",\"valueRequired\":true,\"valueName\":\"search_term_string\"}}],\"inLanguage\":\"en-US\"}]}<\/script>\n<!-- \/ Yoast SEO plugin. -->","yoast_head_json":{"title":"Archivo de boletines - Mid-Valley STEM-CTE Hub - Espa\u00f1ol","robots":{"index":"index","follow":"follow","max-snippet":"max-snippet:-1","max-image-preview":"max-image-preview:large","max-video-preview":"max-video-preview:-1"},"canonical":"https:\/\/www.midvalleystem.org\/es\/archivo-de-boletines-2\/","og_locale":"en_US","og_type":"article","og_title":"Archivo de boletines - Mid-Valley STEM-CTE Hub - Espa\u00f1ol","og_description":"Boletines de 2024 Bolet\u00edn de 2023 Bolet\u00edn de 2022 &nbsp;","og_url":"https:\/\/www.midvalleystem.org\/es\/archivo-de-boletines-2\/","og_site_name":"Mid-Valley STEM-CTE Hub - Espa\u00f1ol","article_modified_time":"2025-06-05T18:19:07+00:00","twitter_card":"summary_large_image","twitter_misc":{"Est. reading time":"1 minute"},"schema":{"@context":"https:\/\/schema.org","@graph":[{"@type":"WebPage","@id":"https:\/\/www.midvalleystem.org\/es\/archivo-de-boletines-2\/","url":"https:\/\/www.midvalleystem.org\/es\/archivo-de-boletines-2\/","name":"Archivo de boletines - Mid-Valley STEM-CTE Hub - Espa\u00f1ol","isPartOf":{"@id":"https:\/\/www.midvalleystem.org\/es\/#website"},"datePublished":"2024-09-10T19:55:11+00:00","dateModified":"2025-06-05T18:19:07+00:00","breadcrumb":{"@id":"https:\/\/www.midvalleystem.org\/es\/archivo-de-boletines-2\/#breadcrumb"},"inLanguage":"en-US","potentialAction":[{"@type":"ReadAction","target":["https:\/\/www.midvalleystem.org\/es\/archivo-de-boletines-2\/"]}]},{"@type":"BreadcrumbList","@id":"https:\/\/www.midvalleystem.org\/es\/archivo-de-boletines-2\/#breadcrumb","itemListElement":[{"@type":"ListItem","position":1,"name":"Home","item":"https:\/\/www.midvalleystem.org\/es\/"},{"@type":"ListItem","position":2,"name":"Archivo de boletines"}]},{"@type":"WebSite","@id":"https:\/\/www.midvalleystem.org\/es\/#website","url":"https:\/\/www.midvalleystem.org\/es\/","name":"Mid-Valley STEM-CTE Hub - Espa\u00f1ol","description":"","potentialAction":[{"@type":"SearchAction","target":{"@type":"EntryPoint","urlTemplate":"https:\/\/www.midvalleystem.org\/es\/?s={search_term_string}"},"query-input":{"@type":"PropertyValueSpecification","valueRequired":true,"valueName":"search_term_string"}}],"inLanguage":"en-US"}]}},"_links":{"self":[{"href":"https:\/\/www.midvalleystem.org\/es\/wp-json\/wp\/v2\/pages\/8221","targetHints":{"allow":["GET"]}}],"collection":[{"href":"https:\/\/www.midvalleystem.org\/es\/wp-json\/wp\/v2\/pages"}],"about":[{"href":"https:\/\/www.midvalleystem.org\/es\/wp-json\/wp\/v2\/types\/page"}],"author":[{"embeddable":true,"href":"https:\/\/www.midvalleystem.org\/es\/wp-json\/wp\/v2\/users\/7"}],"replies":[{"embeddable":true,"href":"https:\/\/www.midvalleystem.org\/es\/wp-json\/wp\/v2\/comments?post=8221"}],"version-history":[{"count":1,"href":"https:\/\/www.midvalleystem.org\/es\/wp-json\/wp\/v2\/pages\/8221\/revisions"}],"predecessor-version":[{"id":8345,"href":"https:\/\/www.midvalleystem.org\/es\/wp-json\/wp\/v2\/pages\/8221\/revisions\/8345"}],"wp:attachment":[{"href":"https:\/\/www.midvalleystem.org\/es\/wp-json\/wp\/v2\/media?parent=8221"}],"curies":[{"name":"wp","href":"https:\/\/api.w.org\/{rel}","templated":true}]}}