{"id":8343,"date":"2025-06-05T11:17:04","date_gmt":"2025-06-05T18:17:04","guid":{"rendered":"https:\/\/www.midvalleystem.org\/es\/?page_id=8343"},"modified":"2025-06-05T11:17:04","modified_gmt":"2025-06-05T18:17:04","slug":"boletines-de-2024","status":"publish","type":"page","link":"https:\/\/www.midvalleystem.org\/es\/boletines-de-2024\/","title":{"rendered":"Boletines de 2024"},"content":{"rendered":"<ul>\n<li><a href=\"https:\/\/conta.cc\/3Ccqtq9\" target=\"_blank\" rel=\"noopener\"><strong>Bolet\u00edn Mensual: diciembre de 2024<\/strong><\/a><\/li>\n<li><a href=\"https:\/\/conta.cc\/4f4d9Ct\" target=\"_blank\" rel=\"noopener\"><strong>Bolet\u00edn Mensual: noviembre de 2024<\/strong><\/a><\/li>\n<li><a href=\"https:\/\/conta.cc\/4gPe4rS\" target=\"_blank\" rel=\"noopener\"><strong>Bolet\u00edn Mensual: octubre de 2024<\/strong><\/a><\/li>\n<li><a href=\"https:\/\/conta.cc\/4e2oP88\" target=\"_blank\" rel=\"noopener\"><strong>Bolet\u00edn Mensual: septiembre de 2024<\/strong><\/a><\/li>\n<li><a href=\"https:\/\/conta.cc\/4dsfmGw\" target=\"_blank\" rel=\"noopener\"><strong>Bolet\u00edn Mensual: agusto de 2024<\/strong><\/a><\/li>\n<li><a href=\"https:\/\/conta.cc\/4bspRZk\" target=\"_blank\" rel=\"noopener\"><strong>Bolet\u00edn Mensual: julio de 2024<\/strong><\/a><\/li>\n<li><a href=\"https:\/\/conta.cc\/4eufMhc\" target=\"_blank\" rel=\"noopener\"><strong>Bolet\u00edn Mensual: junio de 2024<\/strong><\/a><\/li>\n<li><a href=\"https:\/\/conta.cc\/3WkRdwi\" target=\"_blank\" rel=\"noopener\"><strong>Bolet\u00edn Mensual: mayo de 2024<\/strong><\/a><\/li>\n<li><a href=\"https:\/\/conta.cc\/4apgt96\" target=\"_blank\" rel=\"noopener\"><strong>Bolet\u00edn Mensual: abril de 2024<\/strong><\/a><\/li>\n<li><a href=\"https:\/\/conta.cc\/3wReNGo\" target=\"_blank\" rel=\"noopener\"><strong>Bolet\u00edn Mensual: marzo de 2024<\/strong><\/a><\/li>\n<li><a href=\"https:\/\/conta.cc\/49n0UgZ\" target=\"_blank\" rel=\"noopener\"><strong>Bolet\u00edn Mensual: febrero de 2024<\/strong><\/a><\/li>\n<li><a href=\"https:\/\/conta.cc\/4aJEQip\" target=\"_blank\" rel=\"noopener\"><strong>Bolet\u00edn Mensual: enero de 2024<\/strong><\/a><\/li>\n<\/ul>\n","protected":false},"excerpt":{"rendered":"Bolet\u00edn Mensual: diciembre de 2024 Bolet\u00edn Mensual: noviembre de 2024 Bolet\u00edn Mensual: octubre de 2024 Bolet\u00edn Mensual: septiembre de 2024 Bolet\u00edn Mensual: agusto de 2024 Bolet\u00edn Mensual: julio de 2024 [&hellip;]","protected":false},"author":7,"featured_media":0,"parent":0,"menu_order":0,"comment_status":"closed","ping_status":"closed","template":"","meta":{"_acf_changed":false,"footnotes":""},"class_list":["post-8343","page","type-page","status-publish","hentry"],"acf":[],"yoast_head":"<!-- This site is optimized with the Yoast SEO plugin v26.8 - https:\/\/yoast.com\/product\/yoast-seo-wordpress\/ -->\n<title>Boletines de 2024 - Mid-Valley STEM-CTE Hub - Espa\u00f1ol<\/title>\n<meta name=\"robots\" content=\"index, follow, max-snippet:-1, max-image-preview:large, max-video-preview:-1\" \/>\n<link rel=\"canonical\" href=\"https:\/\/www.midvalleystem.org\/es\/boletines-de-2024\/\" \/>\n<meta property=\"og:locale\" content=\"en_US\" \/>\n<meta property=\"og:type\" content=\"article\" \/>\n<meta property=\"og:title\" content=\"Boletines de 2024 - Mid-Valley STEM-CTE Hub - Espa\u00f1ol\" \/>\n<meta property=\"og:description\" content=\"Bolet\u00edn Mensual: diciembre de 2024 Bolet\u00edn Mensual: noviembre de 2024 Bolet\u00edn Mensual: octubre de 2024 Bolet\u00edn Mensual: septiembre de 2024 Bolet\u00edn Mensual: agusto de 2024 Bolet\u00edn Mensual: julio de 2024 [&hellip;]\" \/>\n<meta property=\"og:url\" content=\"https:\/\/www.midvalleystem.org\/es\/boletines-de-2024\/\" \/>\n<meta property=\"og:site_name\" content=\"Mid-Valley STEM-CTE Hub - Espa\u00f1ol\" \/>\n<meta name=\"twitter:card\" content=\"summary_large_image\" \/>\n<meta name=\"twitter:label1\" content=\"Est. reading time\" \/>\n\t<meta name=\"twitter:data1\" content=\"1 minute\" \/>\n<script type=\"application\/ld+json\" class=\"yoast-schema-graph\">{\"@context\":\"https:\/\/schema.org\",\"@graph\":[{\"@type\":\"WebPage\",\"@id\":\"https:\/\/www.midvalleystem.org\/es\/boletines-de-2024\/\",\"url\":\"https:\/\/www.midvalleystem.org\/es\/boletines-de-2024\/\",\"name\":\"Boletines de 2024 - Mid-Valley STEM-CTE Hub - Espa\u00f1ol\",\"isPartOf\":{\"@id\":\"https:\/\/www.midvalleystem.org\/es\/#website\"},\"datePublished\":\"2025-06-05T18:17:04+00:00\",\"breadcrumb\":{\"@id\":\"https:\/\/www.midvalleystem.org\/es\/boletines-de-2024\/#breadcrumb\"},\"inLanguage\":\"en-US\",\"potentialAction\":[{\"@type\":\"ReadAction\",\"target\":[\"https:\/\/www.midvalleystem.org\/es\/boletines-de-2024\/\"]}]},{\"@type\":\"BreadcrumbList\",\"@id\":\"https:\/\/www.midvalleystem.org\/es\/boletines-de-2024\/#breadcrumb\",\"itemListElement\":[{\"@type\":\"ListItem\",\"position\":1,\"name\":\"Home\",\"item\":\"https:\/\/www.midvalleystem.org\/es\/\"},{\"@type\":\"ListItem\",\"position\":2,\"name\":\"Boletines de 2024\"}]},{\"@type\":\"WebSite\",\"@id\":\"https:\/\/www.midvalleystem.org\/es\/#website\",\"url\":\"https:\/\/www.midvalleystem.org\/es\/\",\"name\":\"Mid-Valley STEM-CTE Hub - Espa\u00f1ol\",\"description\":\"\",\"potentialAction\":[{\"@type\":\"SearchAction\",\"target\":{\"@type\":\"EntryPoint\",\"urlTemplate\":\"https:\/\/www.midvalleystem.org\/es\/?s={search_term_string}\"},\"query-input\":{\"@type\":\"PropertyValueSpecification\",\"valueRequired\":true,\"valueName\":\"search_term_string\"}}],\"inLanguage\":\"en-US\"}]}<\/script>\n<!-- \/ Yoast SEO plugin. -->","yoast_head_json":{"title":"Boletines de 2024 - Mid-Valley STEM-CTE Hub - Espa\u00f1ol","robots":{"index":"index","follow":"follow","max-snippet":"max-snippet:-1","max-image-preview":"max-image-preview:large","max-video-preview":"max-video-preview:-1"},"canonical":"https:\/\/www.midvalleystem.org\/es\/boletines-de-2024\/","og_locale":"en_US","og_type":"article","og_title":"Boletines de 2024 - Mid-Valley STEM-CTE Hub - Espa\u00f1ol","og_description":"Bolet\u00edn Mensual: diciembre de 2024 Bolet\u00edn Mensual: noviembre de 2024 Bolet\u00edn Mensual: octubre de 2024 Bolet\u00edn Mensual: septiembre de 2024 Bolet\u00edn Mensual: agusto de 2024 Bolet\u00edn Mensual: julio de 2024 [&hellip;]","og_url":"https:\/\/www.midvalleystem.org\/es\/boletines-de-2024\/","og_site_name":"Mid-Valley STEM-CTE Hub - Espa\u00f1ol","twitter_card":"summary_large_image","twitter_misc":{"Est. reading time":"1 minute"},"schema":{"@context":"https:\/\/schema.org","@graph":[{"@type":"WebPage","@id":"https:\/\/www.midvalleystem.org\/es\/boletines-de-2024\/","url":"https:\/\/www.midvalleystem.org\/es\/boletines-de-2024\/","name":"Boletines de 2024 - Mid-Valley STEM-CTE Hub - Espa\u00f1ol","isPartOf":{"@id":"https:\/\/www.midvalleystem.org\/es\/#website"},"datePublished":"2025-06-05T18:17:04+00:00","breadcrumb":{"@id":"https:\/\/www.midvalleystem.org\/es\/boletines-de-2024\/#breadcrumb"},"inLanguage":"en-US","potentialAction":[{"@type":"ReadAction","target":["https:\/\/www.midvalleystem.org\/es\/boletines-de-2024\/"]}]},{"@type":"BreadcrumbList","@id":"https:\/\/www.midvalleystem.org\/es\/boletines-de-2024\/#breadcrumb","itemListElement":[{"@type":"ListItem","position":1,"name":"Home","item":"https:\/\/www.midvalleystem.org\/es\/"},{"@type":"ListItem","position":2,"name":"Boletines de 2024"}]},{"@type":"WebSite","@id":"https:\/\/www.midvalleystem.org\/es\/#website","url":"https:\/\/www.midvalleystem.org\/es\/","name":"Mid-Valley STEM-CTE Hub - Espa\u00f1ol","description":"","potentialAction":[{"@type":"SearchAction","target":{"@type":"EntryPoint","urlTemplate":"https:\/\/www.midvalleystem.org\/es\/?s={search_term_string}"},"query-input":{"@type":"PropertyValueSpecification","valueRequired":true,"valueName":"search_term_string"}}],"inLanguage":"en-US"}]}},"_links":{"self":[{"href":"https:\/\/www.midvalleystem.org\/es\/wp-json\/wp\/v2\/pages\/8343","targetHints":{"allow":["GET"]}}],"collection":[{"href":"https:\/\/www.midvalleystem.org\/es\/wp-json\/wp\/v2\/pages"}],"about":[{"href":"https:\/\/www.midvalleystem.org\/es\/wp-json\/wp\/v2\/types\/page"}],"author":[{"embeddable":true,"href":"https:\/\/www.midvalleystem.org\/es\/wp-json\/wp\/v2\/users\/7"}],"replies":[{"embeddable":true,"href":"https:\/\/www.midvalleystem.org\/es\/wp-json\/wp\/v2\/comments?post=8343"}],"version-history":[{"count":1,"href":"https:\/\/www.midvalleystem.org\/es\/wp-json\/wp\/v2\/pages\/8343\/revisions"}],"predecessor-version":[{"id":8344,"href":"https:\/\/www.midvalleystem.org\/es\/wp-json\/wp\/v2\/pages\/8343\/revisions\/8344"}],"wp:attachment":[{"href":"https:\/\/www.midvalleystem.org\/es\/wp-json\/wp\/v2\/media?parent=8343"}],"curies":[{"name":"wp","href":"https:\/\/api.w.org\/{rel}","templated":true}]}}