{"id":8377,"date":"2025-09-04T10:09:43","date_gmt":"2025-09-04T17:09:43","guid":{"rendered":"https:\/\/www.midvalleystem.org\/es\/?page_id=8377"},"modified":"2025-09-04T10:09:45","modified_gmt":"2025-09-04T17:09:45","slug":"the-mill","status":"publish","type":"page","link":"https:\/\/www.midvalleystem.org\/es\/the-mill\/","title":{"rendered":"The MILL"},"content":{"rendered":"<div id=\"pl-8377\"  class=\"panel-layout\" ><div id=\"pg-8377-0\"  class=\"panel-grid panel-has-style\" ><div class=\"panel-row-style panel-row-style-for-8377-0\" ><div id=\"pgc-8377-0-0\"  class=\"panel-grid-cell\" ><div id=\"panel-8377-0-0-0\" class=\"so-panel widget widget_sow-slider panel-first-child panel-last-child\" data-index=\"0\" ><div\n\t\t\t\n\t\t\tclass=\"so-widget-sow-slider so-widget-sow-slider-default-b7e26d09b833-8377\"\n\t\t\t\n\t\t>\t\t\t\t<div class=\"sow-slider-base\" style=\"display: none\" tabindex=\"0\">\n\t\t\t\t\t<ul\n\t\t\t\t\tclass=\"sow-slider-images\"\n\t\t\t\t\tdata-settings=\"{&quot;pagination&quot;:true,&quot;speed&quot;:400,&quot;timeout&quot;:2500,&quot;paused&quot;:false,&quot;pause_on_hover&quot;:false,&quot;swipe&quot;:true,&quot;nav_always_show_desktop&quot;:&quot;&quot;,&quot;nav_always_show_mobile&quot;:&quot;&quot;,&quot;breakpoint&quot;:&quot;780px&quot;,&quot;unmute&quot;:false,&quot;anchor&quot;:null}\"\n\t\t\t\t\t\t\t\t\t\tdata-anchor-id=\"\"\n\t\t\t\t>\t\t<li class=\"sow-slider-image\" style=\"visibility: visible;\" >\n\t\t\t\t\t\t<img decoding=\"async\" width=\"600\" height=\"480\" src=\"https:\/\/www.midvalleystem.org\/media\/sites\/2\/2025\/09\/Screenshot-47-e1751488679515.png\" class=\"sow-slider-background-image\" alt=\"\" style=\"height: 500px; width: auto; margin: 0 auto;\" srcset=\"https:\/\/www.midvalleystem.org\/media\/sites\/2\/2025\/09\/Screenshot-47-e1751488679515.png 600w, https:\/\/www.midvalleystem.org\/media\/sites\/2\/2025\/09\/Screenshot-47-e1751488679515-250x200.png 250w, https:\/\/www.midvalleystem.org\/media\/sites\/2\/2025\/09\/Screenshot-47-e1751488679515-120x96.png 120w\" sizes=\"(max-width: 600px) 100vw, 600px\" \/>\t\t<\/li>\n\t\t\t\t<li class=\"sow-slider-image\" style=\"visibility: hidden;\" >\n\t\t\t\t\t\t<img decoding=\"async\" width=\"600\" height=\"400\" src=\"https:\/\/www.midvalleystem.org\/media\/sites\/2\/2025\/09\/IMG_1225-e1751488611548.jpg\" class=\"sow-slider-background-image\" alt=\"\" style=\"height: 500px; width: auto; margin: 0 auto;\" srcset=\"https:\/\/www.midvalleystem.org\/media\/sites\/2\/2025\/09\/IMG_1225-e1751488611548.jpg 600w, https:\/\/www.midvalleystem.org\/media\/sites\/2\/2025\/09\/IMG_1225-e1751488611548-250x167.jpg 250w, https:\/\/www.midvalleystem.org\/media\/sites\/2\/2025\/09\/IMG_1225-e1751488611548-120x80.jpg 120w, https:\/\/www.midvalleystem.org\/media\/sites\/2\/2025\/09\/IMG_1225-e1751488611548-272x182.jpg 272w\" sizes=\"(max-width: 600px) 100vw, 600px\" \/>\t\t<\/li>\n\t\t\t\t<li class=\"sow-slider-image\" style=\"visibility: hidden;\" >\n\t\t\t\t\t\t<img decoding=\"async\" width=\"600\" height=\"400\" src=\"https:\/\/www.midvalleystem.org\/media\/sites\/2\/2025\/09\/Copy-of-IMG_6013-e1751488566675.jpg\" class=\"sow-slider-background-image\" alt=\"\" style=\"height: 500px; width: auto; margin: 0 auto;\" srcset=\"https:\/\/www.midvalleystem.org\/media\/sites\/2\/2025\/09\/Copy-of-IMG_6013-e1751488566675.jpg 600w, https:\/\/www.midvalleystem.org\/media\/sites\/2\/2025\/09\/Copy-of-IMG_6013-e1751488566675-250x167.jpg 250w, https:\/\/www.midvalleystem.org\/media\/sites\/2\/2025\/09\/Copy-of-IMG_6013-e1751488566675-120x80.jpg 120w, https:\/\/www.midvalleystem.org\/media\/sites\/2\/2025\/09\/Copy-of-IMG_6013-e1751488566675-272x182.jpg 272w\" sizes=\"(max-width: 600px) 100vw, 600px\" \/>\t\t<\/li>\n\t\t\t\t<li class=\"sow-slider-image\" style=\"visibility: hidden;\" >\n\t\t\t\t\t\t<img decoding=\"async\" width=\"600\" height=\"480\" src=\"https:\/\/www.midvalleystem.org\/media\/sites\/2\/2025\/09\/Screenshot-46-e1751488635946.png\" class=\"sow-slider-background-image\" alt=\"\" style=\"height: 500px; width: auto; margin: 0 auto;\" srcset=\"https:\/\/www.midvalleystem.org\/media\/sites\/2\/2025\/09\/Screenshot-46-e1751488635946.png 600w, https:\/\/www.midvalleystem.org\/media\/sites\/2\/2025\/09\/Screenshot-46-e1751488635946-250x200.png 250w, https:\/\/www.midvalleystem.org\/media\/sites\/2\/2025\/09\/Screenshot-46-e1751488635946-120x96.png 120w\" sizes=\"(max-width: 600px) 100vw, 600px\" \/>\t\t<\/li>\n\t\t\t\t<li class=\"sow-slider-image\" style=\"visibility: hidden;\" >\n\t\t\t\t\t\t<img decoding=\"async\" width=\"600\" height=\"480\" src=\"https:\/\/www.midvalleystem.org\/media\/sites\/2\/2025\/09\/Screenshot-45-e1751488653435.png\" class=\"sow-slider-background-image\" alt=\"\" style=\"height: 500px; width: auto; margin: 0 auto;\" srcset=\"https:\/\/www.midvalleystem.org\/media\/sites\/2\/2025\/09\/Screenshot-45-e1751488653435.png 600w, https:\/\/www.midvalleystem.org\/media\/sites\/2\/2025\/09\/Screenshot-45-e1751488653435-250x200.png 250w, https:\/\/www.midvalleystem.org\/media\/sites\/2\/2025\/09\/Screenshot-45-e1751488653435-120x96.png 120w\" sizes=\"(max-width: 600px) 100vw, 600px\" \/>\t\t<\/li>\n\t\t\t\t<li class=\"sow-slider-image\" style=\"visibility: hidden;\" >\n\t\t\t\t\t\t<img decoding=\"async\" width=\"600\" height=\"400\" src=\"https:\/\/www.midvalleystem.org\/media\/sites\/2\/2025\/09\/IMG_4118-e1751488503669.jpg\" class=\"sow-slider-background-image\" alt=\"\" style=\"height: 500px; width: auto; margin: 0 auto;\" srcset=\"https:\/\/www.midvalleystem.org\/media\/sites\/2\/2025\/09\/IMG_4118-e1751488503669.jpg 600w, https:\/\/www.midvalleystem.org\/media\/sites\/2\/2025\/09\/IMG_4118-e1751488503669-250x167.jpg 250w, https:\/\/www.midvalleystem.org\/media\/sites\/2\/2025\/09\/IMG_4118-e1751488503669-120x80.jpg 120w, https:\/\/www.midvalleystem.org\/media\/sites\/2\/2025\/09\/IMG_4118-e1751488503669-272x182.jpg 272w\" sizes=\"(max-width: 600px) 100vw, 600px\" \/>\t\t<\/li>\n\t\t<\/ul>\t\t\t\t<ol class=\"sow-slider-pagination\">\n\t\t\t\t\t\t\t\t\t\t\t<li><a href=\"#\" data-goto=\"0\" aria-label=\"Display slide 1\"><\/a><\/li>\n\t\t\t\t\t\t\t\t\t\t\t<li><a href=\"#\" data-goto=\"1\" aria-label=\"Display slide 2\"><\/a><\/li>\n\t\t\t\t\t\t\t\t\t\t\t<li><a href=\"#\" data-goto=\"2\" aria-label=\"Display slide 3\"><\/a><\/li>\n\t\t\t\t\t\t\t\t\t\t\t<li><a href=\"#\" data-goto=\"3\" aria-label=\"Display slide 4\"><\/a><\/li>\n\t\t\t\t\t\t\t\t\t\t\t<li><a href=\"#\" data-goto=\"4\" aria-label=\"Display slide 5\"><\/a><\/li>\n\t\t\t\t\t\t\t\t\t\t\t<li><a href=\"#\" data-goto=\"5\" aria-label=\"Display slide 6\"><\/a><\/li>\n\t\t\t\t\t\t\t\t\t<\/ol>\n\n\t\t\t\t<div class=\"sow-slide-nav sow-slide-nav-next\">\n\t\t\t\t\t<a href=\"#\" data-goto=\"next\" aria-label=\"Next slide\" data-action=\"next\">\n\t\t\t\t\t\t<em class=\"sow-sld-icon-medium-right\"><\/em>\n\t\t\t\t\t<\/a>\n\t\t\t\t<\/div>\n\n\t\t\t\t<div class=\"sow-slide-nav sow-slide-nav-prev\">\n\t\t\t\t\t<a href=\"#\" data-goto=\"previous\" aria-label=\"Previous slide\" data-action=\"prev\">\n\t\t\t\t\t\t<em class=\"sow-sld-icon-medium-left\"><\/em>\n\t\t\t\t\t<\/a>\n\t\t\t\t<\/div>\n\t\t\t\t<\/div><\/div><\/div><\/div><\/div><\/div><div id=\"pg-8377-1\"  class=\"panel-grid panel-has-style\" ><div class=\"panel-row-style panel-row-style-for-8377-1\" ><div id=\"pgc-8377-1-0\"  class=\"panel-grid-cell\" ><div id=\"panel-8377-1-0-0\" class=\"so-panel widget widget_sow-editor panel-first-child panel-last-child\" data-index=\"1\" ><div\n\t\t\t\n\t\t\tclass=\"so-widget-sow-editor so-widget-sow-editor-base\"\n\t\t\t\n\t\t><h2 class=\"pb-widget-title\">Bienvenidos a \u201cThe MILL\u201d<\/h2>\n<div class=\"siteorigin-widget-tinymce textwidget\">\n\t<p><span style=\"font-weight: 400;\">El \u201c<\/span><i><span style=\"font-weight: 400;\">The MILL<\/span><\/i><span style=\"font-weight: 400;\">\u201d es un proyecto colaborativo y <\/span><b>espacio de trabajo de aprendizaje de innovaci\u00f3n para maestros liderado por la comunidad <\/b><span style=\"font-weight: 400;\">que centra la educaci\u00f3n cooperativa en la educaci\u00f3n STEAM.<\/span><\/p>\n<p><span style=\"font-weight: 400;\">Equipado con una amplia gama de herramientas y tecnolog\u00edas, <\/span><i><span style=\"font-weight: 400;\">The MILL<\/span><\/i><span style=\"font-weight: 400;\"> ofrece a los educadores un espacio para explorar nuevos conceptos, experimentar con equipos y participar en el desarrollo profesional pr\u00e1ctico. El espacio facilita todo, desde la creaci\u00f3n de recursos para el aula y la reparaci\u00f3n de materiales hasta el intercambio de habilidades. <\/span><a href=\"https:\/\/oercommons.org\/\" target=\"_blank\" rel=\"noopener\"><span style=\"font-weight: 400;\"><strong>Recurso educativo abierto<\/strong><\/span><\/a><span style=\"font-weight: 400;\"> (OER, por sus siglas en ingl\u00e9s) y aprendizaje dirigido por compa\u00f1eros.<\/span><\/p>\n<p><b>Algunas cosas que encontrar\u00e1 en <\/b><b><i>The MILL<\/i><\/b><b> para uso de los educadores incluyen, entre otras:<\/b><\/p>\n<ul>\n<li style=\"font-weight: 400;\" aria-level=\"1\"><span style=\"font-weight: 400;\">Impresora 3D <\/span><i><span style=\"font-weight: 400;\">Bambu Labs<\/span><\/i><span style=\"font-weight: 400;\"> A1<\/span><\/li>\n<li style=\"font-weight: 400;\" aria-level=\"1\"><span style=\"font-weight: 400;\">Cortadoras l\u00e1ser XTool<\/span><\/li>\n<li style=\"font-weight: 400;\" aria-level=\"1\"><span style=\"font-weight: 400;\">M\u00e1quinas de bordar y coser CNC<\/span><\/li>\n<li style=\"font-weight: 400;\" aria-level=\"1\"><span style=\"font-weight: 400;\">Equipos de serigraf\u00eda<\/span><\/li>\n<li style=\"font-weight: 400;\" aria-level=\"1\"><span style=\"font-weight: 400;\">Tecnolog\u00eda de producci\u00f3n de podcasts y v\u00eddeos<\/span><\/li>\n<li style=\"font-weight: 400;\" aria-level=\"1\"><span style=\"font-weight: 400;\">Herramientas y maquinaria para trabajar la madera<\/span><\/li>\n<\/ul>\n<p><i><span style=\"font-weight: 400;\">The<\/span><\/i> <i><span style=\"font-weight: 400;\">MILL<\/span><\/i><span style=\"font-weight: 400;\"> est\u00e1 abierto a educadores para la colaboraci\u00f3n, el dise\u00f1o, la creaci\u00f3n de prototipos, la creaci\u00f3n de redes y el aprendizaje pr\u00e1ctico. Se fomentan las sesiones dirigidas por educadores sobre herramientas, t\u00e9cnicas o pedagog\u00eda. Si tiene un proyecto STEAM, una estrategia de ense\u00f1anza o una habilidad que le gustar\u00eda compartir con otros educadores en el \u00e1rea de Linn-Benton, por favor, <a href=\"mailto:whitess@linnbenton.edu\"><strong>contacte<\/strong><\/a> a la Sra. <\/span>Sarah Whiteside <span style=\"font-weight: 400;\">para programar una sesi\u00f3n.<\/span><\/p>\n<\/div>\n<\/div><\/div><\/div><div id=\"pgc-8377-1-1\"  class=\"panel-grid-cell panel-grid-cell-mobile-last\" ><div id=\"panel-8377-1-1-0\" class=\"so-panel widget widget_sow-image panel-first-child\" data-index=\"2\" ><div\n\t\t\t\n\t\t\tclass=\"so-widget-sow-image so-widget-sow-image-default-8b5b6f678277-8377\"\n\t\t\t\n\t\t>\n<div class=\"sow-image-container\">\n\t\t<img \n\tsrc=\"https:\/\/www.midvalleystem.org\/media\/sites\/2\/2025\/09\/MILL-Logo-final_Mill-Logo-updated-e1661193336351-250x250-1.png\" width=\"250\" height=\"250\" srcset=\"https:\/\/www.midvalleystem.org\/media\/sites\/2\/2025\/09\/MILL-Logo-final_Mill-Logo-updated-e1661193336351-250x250-1.png 250w, https:\/\/www.midvalleystem.org\/media\/sites\/2\/2025\/09\/MILL-Logo-final_Mill-Logo-updated-e1661193336351-250x250-1-150x150.png 150w, https:\/\/www.midvalleystem.org\/media\/sites\/2\/2025\/09\/MILL-Logo-final_Mill-Logo-updated-e1661193336351-250x250-1-120x120.png 120w, https:\/\/www.midvalleystem.org\/media\/sites\/2\/2025\/09\/MILL-Logo-final_Mill-Logo-updated-e1661193336351-250x250-1-100x100.png 100w\" sizes=\"(max-width: 250px) 100vw, 250px\" title=\"MILL-Logo-final_Mill-Logo-updated-e1661193336351-250&#215;250\" alt=\"\" \t\tclass=\"so-widget-image\"\/>\n\t<\/div>\n\n<\/div><\/div><div id=\"panel-8377-1-1-1\" class=\"so-panel widget widget_sow-editor panel-last-child\" data-index=\"3\" ><div\n\t\t\t\n\t\t\tclass=\"so-widget-sow-editor so-widget-sow-editor-base\"\n\t\t\t\n\t\t>\n<div class=\"siteorigin-widget-tinymce textwidget\">\n\t<h3>Ubicaci\u00f3n:<\/h3>\n<p>Takena Hall 229<br \/>\nLinn-Benton Community College<br \/>\n6500 Pacific Blvd SW<br \/>\nAlbany, OR 97321<\/p>\n<\/div>\n<\/div><\/div><\/div><div id=\"pgc-8377-1-2\"  class=\"panel-grid-cell panel-grid-cell-empty\" ><\/div><\/div><\/div><\/div>","protected":false},"excerpt":{"rendered":"El \u201cThe MILL\u201d es un proyecto colaborativo y espacio de trabajo de aprendizaje de innovaci\u00f3n para maestros liderado por la comunidad que centra la educaci\u00f3n cooperativa en la educaci\u00f3n STEAM. [&hellip;]","protected":false},"author":7,"featured_media":0,"parent":0,"menu_order":0,"comment_status":"closed","ping_status":"closed","template":"","meta":{"_acf_changed":false,"footnotes":""},"class_list":["post-8377","page","type-page","status-publish","hentry"],"acf":[],"yoast_head":"<!-- This site is optimized with the Yoast SEO plugin v26.8 - https:\/\/yoast.com\/product\/yoast-seo-wordpress\/ -->\n<title>The MILL - Mid-Valley STEM-CTE Hub - Espa\u00f1ol<\/title>\n<meta name=\"robots\" content=\"index, follow, max-snippet:-1, max-image-preview:large, max-video-preview:-1\" \/>\n<link rel=\"canonical\" href=\"https:\/\/www.midvalleystem.org\/es\/the-mill\/\" \/>\n<meta property=\"og:locale\" content=\"en_US\" \/>\n<meta property=\"og:type\" content=\"article\" \/>\n<meta property=\"og:title\" content=\"The MILL - Mid-Valley STEM-CTE Hub - Espa\u00f1ol\" \/>\n<meta property=\"og:description\" content=\"El \u201cThe MILL\u201d es un proyecto colaborativo y espacio de trabajo de aprendizaje de innovaci\u00f3n para maestros liderado por la comunidad que centra la educaci\u00f3n cooperativa en la educaci\u00f3n STEAM. [&hellip;]\" \/>\n<meta property=\"og:url\" content=\"https:\/\/www.midvalleystem.org\/es\/the-mill\/\" \/>\n<meta property=\"og:site_name\" content=\"Mid-Valley STEM-CTE Hub - Espa\u00f1ol\" \/>\n<meta property=\"article:modified_time\" content=\"2025-09-04T17:09:45+00:00\" \/>\n<meta name=\"twitter:card\" content=\"summary_large_image\" \/>\n<script type=\"application\/ld+json\" class=\"yoast-schema-graph\">{\"@context\":\"https:\/\/schema.org\",\"@graph\":[{\"@type\":\"WebPage\",\"@id\":\"https:\/\/www.midvalleystem.org\/es\/the-mill\/\",\"url\":\"https:\/\/www.midvalleystem.org\/es\/the-mill\/\",\"name\":\"The MILL - Mid-Valley STEM-CTE Hub - Espa\u00f1ol\",\"isPartOf\":{\"@id\":\"https:\/\/www.midvalleystem.org\/es\/#website\"},\"datePublished\":\"2025-09-04T17:09:43+00:00\",\"dateModified\":\"2025-09-04T17:09:45+00:00\",\"breadcrumb\":{\"@id\":\"https:\/\/www.midvalleystem.org\/es\/the-mill\/#breadcrumb\"},\"inLanguage\":\"en-US\",\"potentialAction\":[{\"@type\":\"ReadAction\",\"target\":[\"https:\/\/www.midvalleystem.org\/es\/the-mill\/\"]}]},{\"@type\":\"BreadcrumbList\",\"@id\":\"https:\/\/www.midvalleystem.org\/es\/the-mill\/#breadcrumb\",\"itemListElement\":[{\"@type\":\"ListItem\",\"position\":1,\"name\":\"Home\",\"item\":\"https:\/\/www.midvalleystem.org\/es\/\"},{\"@type\":\"ListItem\",\"position\":2,\"name\":\"The MILL\"}]},{\"@type\":\"WebSite\",\"@id\":\"https:\/\/www.midvalleystem.org\/es\/#website\",\"url\":\"https:\/\/www.midvalleystem.org\/es\/\",\"name\":\"Mid-Valley STEM-CTE Hub - Espa\u00f1ol\",\"description\":\"\",\"potentialAction\":[{\"@type\":\"SearchAction\",\"target\":{\"@type\":\"EntryPoint\",\"urlTemplate\":\"https:\/\/www.midvalleystem.org\/es\/?s={search_term_string}\"},\"query-input\":{\"@type\":\"PropertyValueSpecification\",\"valueRequired\":true,\"valueName\":\"search_term_string\"}}],\"inLanguage\":\"en-US\"}]}<\/script>\n<!-- \/ Yoast SEO plugin. -->","yoast_head_json":{"title":"The MILL - Mid-Valley STEM-CTE Hub - Espa\u00f1ol","robots":{"index":"index","follow":"follow","max-snippet":"max-snippet:-1","max-image-preview":"max-image-preview:large","max-video-preview":"max-video-preview:-1"},"canonical":"https:\/\/www.midvalleystem.org\/es\/the-mill\/","og_locale":"en_US","og_type":"article","og_title":"The MILL - Mid-Valley STEM-CTE Hub - Espa\u00f1ol","og_description":"El \u201cThe MILL\u201d es un proyecto colaborativo y espacio de trabajo de aprendizaje de innovaci\u00f3n para maestros liderado por la comunidad que centra la educaci\u00f3n cooperativa en la educaci\u00f3n STEAM. [&hellip;]","og_url":"https:\/\/www.midvalleystem.org\/es\/the-mill\/","og_site_name":"Mid-Valley STEM-CTE Hub - Espa\u00f1ol","article_modified_time":"2025-09-04T17:09:45+00:00","twitter_card":"summary_large_image","schema":{"@context":"https:\/\/schema.org","@graph":[{"@type":"WebPage","@id":"https:\/\/www.midvalleystem.org\/es\/the-mill\/","url":"https:\/\/www.midvalleystem.org\/es\/the-mill\/","name":"The MILL - Mid-Valley STEM-CTE Hub - Espa\u00f1ol","isPartOf":{"@id":"https:\/\/www.midvalleystem.org\/es\/#website"},"datePublished":"2025-09-04T17:09:43+00:00","dateModified":"2025-09-04T17:09:45+00:00","breadcrumb":{"@id":"https:\/\/www.midvalleystem.org\/es\/the-mill\/#breadcrumb"},"inLanguage":"en-US","potentialAction":[{"@type":"ReadAction","target":["https:\/\/www.midvalleystem.org\/es\/the-mill\/"]}]},{"@type":"BreadcrumbList","@id":"https:\/\/www.midvalleystem.org\/es\/the-mill\/#breadcrumb","itemListElement":[{"@type":"ListItem","position":1,"name":"Home","item":"https:\/\/www.midvalleystem.org\/es\/"},{"@type":"ListItem","position":2,"name":"The MILL"}]},{"@type":"WebSite","@id":"https:\/\/www.midvalleystem.org\/es\/#website","url":"https:\/\/www.midvalleystem.org\/es\/","name":"Mid-Valley STEM-CTE Hub - Espa\u00f1ol","description":"","potentialAction":[{"@type":"SearchAction","target":{"@type":"EntryPoint","urlTemplate":"https:\/\/www.midvalleystem.org\/es\/?s={search_term_string}"},"query-input":{"@type":"PropertyValueSpecification","valueRequired":true,"valueName":"search_term_string"}}],"inLanguage":"en-US"}]}},"_links":{"self":[{"href":"https:\/\/www.midvalleystem.org\/es\/wp-json\/wp\/v2\/pages\/8377","targetHints":{"allow":["GET"]}}],"collection":[{"href":"https:\/\/www.midvalleystem.org\/es\/wp-json\/wp\/v2\/pages"}],"about":[{"href":"https:\/\/www.midvalleystem.org\/es\/wp-json\/wp\/v2\/types\/page"}],"author":[{"embeddable":true,"href":"https:\/\/www.midvalleystem.org\/es\/wp-json\/wp\/v2\/users\/7"}],"replies":[{"embeddable":true,"href":"https:\/\/www.midvalleystem.org\/es\/wp-json\/wp\/v2\/comments?post=8377"}],"version-history":[{"count":1,"href":"https:\/\/www.midvalleystem.org\/es\/wp-json\/wp\/v2\/pages\/8377\/revisions"}],"predecessor-version":[{"id":8390,"href":"https:\/\/www.midvalleystem.org\/es\/wp-json\/wp\/v2\/pages\/8377\/revisions\/8390"}],"wp:attachment":[{"href":"https:\/\/www.midvalleystem.org\/es\/wp-json\/wp\/v2\/media?parent=8377"}],"curies":[{"name":"wp","href":"https:\/\/api.w.org\/{rel}","templated":true}]}}