{"id":908,"date":"2020-09-14T14:39:09","date_gmt":"2020-09-14T21:39:09","guid":{"rendered":"http:\/\/midvalleystem.org\/beta\/?page_id=908"},"modified":"2022-11-01T12:55:43","modified_gmt":"2022-11-01T19:55:43","slug":"contact","status":"publish","type":"page","link":"https:\/\/www.midvalleystem.org\/es\/contact\/","title":{"rendered":"Cont\u00e1ctenos"},"content":{"rendered":"<div id=\"pl-908\"  class=\"panel-layout\" ><div id=\"pg-908-0\"  class=\"panel-grid panel-has-style\" ><div class=\"panel-row-style panel-row-style-for-908-0\" ><div id=\"pgc-908-0-0\"  class=\"panel-grid-cell\" ><div id=\"panel-908-0-0-0\" class=\"so-panel widget widget_sow-editor panel-first-child panel-last-child\" data-index=\"0\" ><div\n\t\t\t\n\t\t\tclass=\"so-widget-sow-editor so-widget-sow-editor-base\"\n\t\t\t\n\t\t>\n<div class=\"siteorigin-widget-tinymce textwidget\">\n\t<div id=\"comp-jjiytqgp\" class=\"txtNew\" data-packed=\"false\" data-vertical-text=\"false\" data-min-height=\"95\">\n<h3>\u00a1Bienvenido!<\/h3>\n<p>El centro STEM-CTE de Mid-Valley est\u00e1 ubicado en el campus de Linn-Benton Community College:<\/p>\n<p>Mid-Valley STEM-CTE Hub<br \/>\n6500 Pacific Blvd SW (CC-212)<br \/>\nAlbany, OR 97321<\/p>\n<p><a href=\"https:\/\/www.midvalleystem.org\/es\/sign-up\/\"><strong>Inscr\u00edbase para recibir nuestro bolet\u00edn informativo mensua.<\/strong><\/a><\/p>\n<h3>\u00a1HOLA!<\/h3>\n<p>Soy la Sra. Sarah Whiteside y hablo espa\u00f1ol. Si tiene alguna pregunta o desea m\u00e1s informaci\u00f3n con respecto a nuestros programas, por favor llame o env\u00edeme un mensaje de texto al siguiente n\u00famero: 541-791-6567. Tambi\u00e9n puede dejarme un mensaje de voz y yo le regresar\u00e9 la llamada lo m\u00e1s pronto posible.<\/p>\n<h3 class=\"font_8\">\u00bfPreguntas?<\/h3>\n<p class=\"font_8\">Rellene el siguiente formulario o cont\u00e1ctenos en <strong><a href=\"mailto:midvalleystemctehub@linnbenton.edu\">midvalleystemctehub@linnbenton.edu<\/a><\/strong><\/p>\n<\/div>\n<\/div>\n<\/div><\/div><\/div><\/div><\/div><div id=\"pg-908-1\"  class=\"panel-grid panel-no-style\" ><div id=\"pgc-908-1-0\"  class=\"panel-grid-cell\" ><div id=\"panel-908-1-0-0\" class=\"so-panel widget widget_sow-contact-form panel-first-child panel-last-child\" data-index=\"1\" ><div\n\t\t\t\n\t\t\tclass=\"so-widget-sow-contact-form so-widget-sow-contact-form-default-1dceae4ce411-908\"\n\t\t\t\n\t\t>\t<form\n\t\taction=\"\/es\/wp-json\/wp\/v2\/pages\/908\"\n\t\tmethod=\"POST\"\n\t\tclass=\"sow-contact-form\"\n\t\tid=\"contact-form-3425\"\n\t>\n\n\t\t\n\t\t\t\t\t<div class=\"sow-form-field sow-form-field-name\">\n\t\t\t\t<label class=\"sow-form-field-label-above\" for=\"sow-contact-form-field-nombre-1\">\n\t\t\t\t<strong>\n\t\t\t\t\tNombre\t\t\t\t\t\t\t\t\t<\/strong>\n\t\t\t<\/label>\n\t\t\t\t\t\t\t<div class=\"sow-field-container\">\n\t\t\t\t\t\t\t<input\n\t\t\ttype=\"text\"\n\t\t\tname=\"nombre-1\"\n\t\t\tid=\"sow-contact-form-field-nombre-1\"\n\t\t\tvalue=\"\"\n\t\t\tclass=\"sow-text-field\"\n\t\t\t\t\t\t\t\t\/>\n\t\t\t\t\t\t<\/div>\n\t\t\t\t\t\t\t<\/div>\n\t\t\t\t\t\t<div class=\"sow-form-field sow-form-field-email\">\n\t\t\t\t<label class=\"sow-form-field-label-above\" for=\"sow-contact-form-field-correo-electronico-1\">\n\t\t\t\t<strong>\n\t\t\t\t\tCorreo electr\u00f3nico\t\t\t\t\t\t\t\t\t<\/strong>\n\t\t\t<\/label>\n\t\t\t\t\t\t\t<div class=\"sow-field-container\">\n\t\t\t\t\t\t\t<input\n\t\t\ttype=\"email\"\n\t\t\tname=\"correo-electronico-1\"\n\t\t\tid=\"sow-contact-form-field-correo-electronico-1\"\n\t\t\tvalue=\"\"\n\t\t\tclass=\"sow-text-field\"\t\t\t\t\t\t\t\t\/>\n\t\t\t\t\t\t<\/div>\n\t\t\t\t\t\t\t<\/div>\n\t\t\t\t\t\t<div class=\"sow-form-field sow-form-field-subject\">\n\t\t\t\t<label class=\"sow-form-field-label-above\" for=\"sow-contact-form-field-tema-1\">\n\t\t\t\t<strong>\n\t\t\t\t\tTema\t\t\t\t\t\t\t\t\t<\/strong>\n\t\t\t<\/label>\n\t\t\t\t\t\t\t<div class=\"sow-field-container\">\n\t\t\t\t\t\t\t<input\n\t\t\ttype=\"text\"\n\t\t\tname=\"tema-1\"\n\t\t\tid=\"sow-contact-form-field-tema-1\"\n\t\t\tvalue=\"\"\n\t\t\tclass=\"sow-text-field\"\n\t\t\t\t\t\t\t\t\/>\n\t\t\t\t\t\t<\/div>\n\t\t\t\t\t\t\t<\/div>\n\t\t\t\t\t\t<div class=\"sow-form-field sow-form-field-textarea\">\n\t\t\t\t<label class=\"sow-form-field-label-above\" for=\"sow-contact-form-field-mensaje-1\">\n\t\t\t\t<strong>\n\t\t\t\t\tMensaje\t\t\t\t\t\t\t\t\t<\/strong>\n\t\t\t<\/label>\n\t\t\t\t\t\t\t<div class=\"sow-field-container\">\n\t\t\t\t\t\t\t<textarea\n\t\t\tname=\"mensaje-1\"\n\t\t\tid=\"sow-contact-form-field-mensaje-1\"\n\t\t\trows=\"10\"\n\t\t\t\t\t\t\t\t><\/textarea>\n\t\t\t\t\t\t<\/div>\n\t\t\t\t\t\t\t<\/div>\n\t\t\t\n\t\t\n\t\t<div class=\"sow-submit-wrapper \n\t\tsow-submit-styled\t\t\">\n\n\t\t\t<button\n\t\t\t\ttype=\"submit\"\n\t\t\t\tclass=\"sow-submit\n\t\t\t\t\t\t\t\t\"\n\t\t\t\t\t\t\t>\n\t\t\t\tCont\u00e1ctenos\t\t\t<\/button>\n\t\t<\/div>\n\t\t\t\t<input\n\t\t\ttype=\"hidden\"\n\t\t\tname=\"instance_hash-1\"\n\t\t\tvalue=\"34254e52\"\n\t\t\/>\n\n\t\t<input type=\"hidden\" id=\"_wpnonce\" name=\"_wpnonce\" value=\"e6fa4b4fc9\" \/><input type=\"hidden\" name=\"_wp_http_referer\" value=\"\/es\/wp-json\/wp\/v2\/pages\/908\" \/>\t<\/form>\n\t<\/div><\/div><\/div><\/div><div id=\"pg-908-2\"  class=\"panel-grid panel-has-style\" ><div class=\"panel-row-style panel-row-style-for-908-2\" ><div id=\"pgc-908-2-0\"  class=\"panel-grid-cell\" ><div id=\"panel-908-2-0-0\" class=\"so-panel widget widget_sow-editor panel-first-child\" data-index=\"2\" ><div\n\t\t\t\n\t\t\tclass=\"so-widget-sow-editor so-widget-sow-editor-base\"\n\t\t\t\n\t\t>\n<div class=\"siteorigin-widget-tinymce textwidget\">\n\t<h3>Formulario de Autorizaci\u00f3n de Fotograf\u00eda<\/h3>\n<div id=\"comp-jjizfe63\" class=\"style-jjizfe7x\" data-state=\" desktop left\" data-dcf-columns=\"4\">\n<form id=\"comp-jjizfe63form-wrapper\" class=\"style-jjizfe7xform-wrapper\" role=\"form\" novalidate=\"\" aria-label=\"contact form\">\n<div id=\"comp-jjizfe63wrapper\" class=\"style-jjizfe7xwrapper\">Env\u00ede su <a href=\"https:\/\/www.midvalleystem.org\/media\/sites\/2\/2022\/10\/SP-Photo-Release-Form-1.pdf\"><strong>Formulario de Autorizaci\u00f3n de Fotograf\u00eda<\/strong><\/a>.<\/div>\n<\/form>\n<\/div>\n<\/div>\n<\/div><\/div><div id=\"panel-908-2-0-1\" class=\"so-panel widget widget_sow-contact-form panel-last-child\" data-index=\"3\" ><div\n\t\t\t\n\t\t\tclass=\"so-widget-sow-contact-form so-widget-sow-contact-form-default-1dceae4ce411-908\"\n\t\t\t\n\t\t>\t<form\n\t\taction=\"\/es\/wp-json\/wp\/v2\/pages\/908\"\n\t\tmethod=\"POST\"\n\t\tclass=\"sow-contact-form\"\n\t\tid=\"contact-form-0c11\"\n\t>\n\n\t\t\n\t\t\t\t\t<div class=\"sow-form-field sow-form-field-name\">\n\t\t\t\t<label class=\"sow-form-field-label-above\" for=\"sow-contact-form-field-nombre-del-estudiante-1\">\n\t\t\t\t<strong>\n\t\t\t\t\tNombre del estudiante\t\t\t\t\t\t\t\t\t<\/strong>\n\t\t\t<\/label>\n\t\t\t\t\t\t\t<div class=\"sow-field-container\">\n\t\t\t\t\t\t\t<input\n\t\t\ttype=\"text\"\n\t\t\tname=\"nombre-del-estudiante-1\"\n\t\t\tid=\"sow-contact-form-field-nombre-del-estudiante-1\"\n\t\t\tvalue=\"\"\n\t\t\tclass=\"sow-text-field\"\n\t\t\t\t\t\t\t\t\/>\n\t\t\t\t\t\t<\/div>\n\t\t\t\t\t\t\t<\/div>\n\t\t\t\t\t\t<div class=\"sow-form-field sow-form-field-email\">\n\t\t\t\t<label class=\"sow-form-field-label-above\" for=\"sow-contact-form-field-correo-electronico-2\">\n\t\t\t\t<strong>\n\t\t\t\t\tCorreo electr\u00f3nico\t\t\t\t\t\t\t\t\t<\/strong>\n\t\t\t<\/label>\n\t\t\t\t\t\t\t<div class=\"sow-field-container\">\n\t\t\t\t\t\t\t<input\n\t\t\ttype=\"email\"\n\t\t\tname=\"correo-electronico-2\"\n\t\t\tid=\"sow-contact-form-field-correo-electronico-2\"\n\t\t\tvalue=\"\"\n\t\t\tclass=\"sow-text-field\"\t\t\t\t\t\t\t\t\/>\n\t\t\t\t\t\t<\/div>\n\t\t\t\t\t\t\t<\/div>\n\t\t\t\t\t\t<div class=\"sow-form-field sow-form-field-tel\">\n\t\t\t\t<label class=\"sow-form-field-label-above\" for=\"sow-contact-form-field-telefono-1\">\n\t\t\t\t<strong>\n\t\t\t\t\tTel\u00e9fono\t\t\t\t\t\t\t\t\t<\/strong>\n\t\t\t<\/label>\n\t\t\t\t\t\t\t<div class=\"sow-field-container\">\n\t\t\t\t\t\t\t<input\n\t\t\ttype=\"tel\"\n\t\t\tname=\"telefono-1\"\n\t\t\tid=\"sow-contact-form-field-telefono-1\"\n\t\t\tvalue=\"\"\n\t\t\tclass=\"sow-text-field\"\t\t\t\t\t\t\t\t\/>\n\t\t\t\t\t\t<\/div>\n\t\t\t\t\t\t\t<\/div>\n\t\t\t\t\t\t<div class=\"sow-form-field sow-form-field-textarea\">\n\t\t\t\t<label class=\"sow-form-field-label-above\" for=\"sow-contact-form-field-mensaje-2\">\n\t\t\t\t<strong>\n\t\t\t\t\tMensaje\t\t\t\t\t\t\t\t\t<\/strong>\n\t\t\t<\/label>\n\t\t\t\t\t\t\t<div class=\"sow-field-container\">\n\t\t\t\t\t\t\t<textarea\n\t\t\tname=\"mensaje-2\"\n\t\t\tid=\"sow-contact-form-field-mensaje-2\"\n\t\t\trows=\"10\"\n\t\t\t\t\t\t\t\t><\/textarea>\n\t\t\t\t\t\t<\/div>\n\t\t\t\t\t\t\t<\/div>\n\t\t\t\n\t\t\n\t\t<div class=\"sow-submit-wrapper \n\t\tsow-submit-styled\t\t\">\n\n\t\t\t<button\n\t\t\t\ttype=\"submit\"\n\t\t\t\tclass=\"sow-submit\n\t\t\t\t\t\t\t\t\"\n\t\t\t\t\t\t\t>\n\t\t\t\tCont\u00e1ctenos\t\t\t<\/button>\n\t\t<\/div>\n\t\t\t\t<input\n\t\t\ttype=\"hidden\"\n\t\t\tname=\"instance_hash-2\"\n\t\t\tvalue=\"0c11bc7b\"\n\t\t\/>\n\n\t\t<input type=\"hidden\" id=\"_wpnonce\" name=\"_wpnonce\" value=\"e6fa4b4fc9\" \/><input type=\"hidden\" name=\"_wp_http_referer\" value=\"\/es\/wp-json\/wp\/v2\/pages\/908\" \/>\t<\/form>\n\t<\/div><\/div><\/div><\/div><\/div><\/div>","protected":false},"excerpt":{"rendered":"\u00a1Bienvenido! El centro STEM-CTE de Mid-Valley est\u00e1 ubicado en el campus de Linn-Benton Community College: Mid-Valley STEM-CTE Hub 6500 Pacific Blvd SW (CC-212) Albany, OR 97321 Inscr\u00edbase para recibir nuestro [&hellip;]","protected":false},"author":2,"featured_media":0,"parent":0,"menu_order":0,"comment_status":"closed","ping_status":"closed","template":"","meta":{"_acf_changed":false,"footnotes":""},"class_list":["post-908","page","type-page","status-publish","hentry"],"acf":[],"yoast_head":"<!-- This site is optimized with the Yoast SEO plugin v26.8 - https:\/\/yoast.com\/product\/yoast-seo-wordpress\/ -->\n<title>Cont\u00e1ctenos - Mid-Valley STEM-CTE Hub - Espa\u00f1ol<\/title>\n<meta name=\"description\" content=\"Sign up for our newsletter! Have questions or suggestions? Fill out the form below or contact us at midvalleystemctehub@gmail.com.\" \/>\n<meta name=\"robots\" content=\"index, follow, max-snippet:-1, max-image-preview:large, max-video-preview:-1\" \/>\n<link rel=\"canonical\" href=\"https:\/\/www.midvalleystem.org\/es\/contact\/\" \/>\n<meta property=\"og:locale\" content=\"en_US\" \/>\n<meta property=\"og:type\" content=\"article\" \/>\n<meta property=\"og:title\" content=\"Cont\u00e1ctenos - Mid-Valley STEM-CTE Hub - Espa\u00f1ol\" \/>\n<meta property=\"og:description\" content=\"Sign up for our newsletter! Have questions or suggestions? Fill out the form below or contact us at midvalleystemctehub@gmail.com.\" \/>\n<meta property=\"og:url\" content=\"https:\/\/www.midvalleystem.org\/es\/contact\/\" \/>\n<meta property=\"og:site_name\" content=\"Mid-Valley STEM-CTE Hub - Espa\u00f1ol\" \/>\n<meta property=\"article:modified_time\" content=\"2022-11-01T19:55:43+00:00\" \/>\n<meta name=\"twitter:card\" content=\"summary_large_image\" \/>\n<meta name=\"twitter:label1\" content=\"Est. reading time\" \/>\n\t<meta name=\"twitter:data1\" content=\"1 minute\" \/>\n<script type=\"application\/ld+json\" class=\"yoast-schema-graph\">{\"@context\":\"https:\/\/schema.org\",\"@graph\":[{\"@type\":\"WebPage\",\"@id\":\"https:\/\/www.midvalleystem.org\/es\/contact\/\",\"url\":\"https:\/\/www.midvalleystem.org\/es\/contact\/\",\"name\":\"Cont\u00e1ctenos - Mid-Valley STEM-CTE Hub - Espa\u00f1ol\",\"isPartOf\":{\"@id\":\"https:\/\/www.midvalleystem.org\/es\/#website\"},\"datePublished\":\"2020-09-14T21:39:09+00:00\",\"dateModified\":\"2022-11-01T19:55:43+00:00\",\"description\":\"Sign up for our newsletter! Have questions or suggestions? Fill out the form below or contact us at midvalleystemctehub@gmail.com.\",\"breadcrumb\":{\"@id\":\"https:\/\/www.midvalleystem.org\/es\/contact\/#breadcrumb\"},\"inLanguage\":\"en-US\",\"potentialAction\":[{\"@type\":\"ReadAction\",\"target\":[\"https:\/\/www.midvalleystem.org\/es\/contact\/\"]}]},{\"@type\":\"BreadcrumbList\",\"@id\":\"https:\/\/www.midvalleystem.org\/es\/contact\/#breadcrumb\",\"itemListElement\":[{\"@type\":\"ListItem\",\"position\":1,\"name\":\"Home\",\"item\":\"https:\/\/www.midvalleystem.org\/es\/\"},{\"@type\":\"ListItem\",\"position\":2,\"name\":\"Cont\u00e1ctenos\"}]},{\"@type\":\"WebSite\",\"@id\":\"https:\/\/www.midvalleystem.org\/es\/#website\",\"url\":\"https:\/\/www.midvalleystem.org\/es\/\",\"name\":\"Mid-Valley STEM-CTE Hub - Espa\u00f1ol\",\"description\":\"\",\"potentialAction\":[{\"@type\":\"SearchAction\",\"target\":{\"@type\":\"EntryPoint\",\"urlTemplate\":\"https:\/\/www.midvalleystem.org\/es\/?s={search_term_string}\"},\"query-input\":{\"@type\":\"PropertyValueSpecification\",\"valueRequired\":true,\"valueName\":\"search_term_string\"}}],\"inLanguage\":\"en-US\"}]}<\/script>\n<!-- \/ Yoast SEO plugin. -->","yoast_head_json":{"title":"Cont\u00e1ctenos - Mid-Valley STEM-CTE Hub - Espa\u00f1ol","description":"Sign up for our newsletter! Have questions or suggestions? Fill out the form below or contact us at midvalleystemctehub@gmail.com.","robots":{"index":"index","follow":"follow","max-snippet":"max-snippet:-1","max-image-preview":"max-image-preview:large","max-video-preview":"max-video-preview:-1"},"canonical":"https:\/\/www.midvalleystem.org\/es\/contact\/","og_locale":"en_US","og_type":"article","og_title":"Cont\u00e1ctenos - Mid-Valley STEM-CTE Hub - Espa\u00f1ol","og_description":"Sign up for our newsletter! Have questions or suggestions? Fill out the form below or contact us at midvalleystemctehub@gmail.com.","og_url":"https:\/\/www.midvalleystem.org\/es\/contact\/","og_site_name":"Mid-Valley STEM-CTE Hub - Espa\u00f1ol","article_modified_time":"2022-11-01T19:55:43+00:00","twitter_card":"summary_large_image","twitter_misc":{"Est. reading time":"1 minute"},"schema":{"@context":"https:\/\/schema.org","@graph":[{"@type":"WebPage","@id":"https:\/\/www.midvalleystem.org\/es\/contact\/","url":"https:\/\/www.midvalleystem.org\/es\/contact\/","name":"Cont\u00e1ctenos - Mid-Valley STEM-CTE Hub - Espa\u00f1ol","isPartOf":{"@id":"https:\/\/www.midvalleystem.org\/es\/#website"},"datePublished":"2020-09-14T21:39:09+00:00","dateModified":"2022-11-01T19:55:43+00:00","description":"Sign up for our newsletter! Have questions or suggestions? Fill out the form below or contact us at midvalleystemctehub@gmail.com.","breadcrumb":{"@id":"https:\/\/www.midvalleystem.org\/es\/contact\/#breadcrumb"},"inLanguage":"en-US","potentialAction":[{"@type":"ReadAction","target":["https:\/\/www.midvalleystem.org\/es\/contact\/"]}]},{"@type":"BreadcrumbList","@id":"https:\/\/www.midvalleystem.org\/es\/contact\/#breadcrumb","itemListElement":[{"@type":"ListItem","position":1,"name":"Home","item":"https:\/\/www.midvalleystem.org\/es\/"},{"@type":"ListItem","position":2,"name":"Cont\u00e1ctenos"}]},{"@type":"WebSite","@id":"https:\/\/www.midvalleystem.org\/es\/#website","url":"https:\/\/www.midvalleystem.org\/es\/","name":"Mid-Valley STEM-CTE Hub - Espa\u00f1ol","description":"","potentialAction":[{"@type":"SearchAction","target":{"@type":"EntryPoint","urlTemplate":"https:\/\/www.midvalleystem.org\/es\/?s={search_term_string}"},"query-input":{"@type":"PropertyValueSpecification","valueRequired":true,"valueName":"search_term_string"}}],"inLanguage":"en-US"}]}},"_links":{"self":[{"href":"https:\/\/www.midvalleystem.org\/es\/wp-json\/wp\/v2\/pages\/908","targetHints":{"allow":["GET"]}}],"collection":[{"href":"https:\/\/www.midvalleystem.org\/es\/wp-json\/wp\/v2\/pages"}],"about":[{"href":"https:\/\/www.midvalleystem.org\/es\/wp-json\/wp\/v2\/types\/page"}],"author":[{"embeddable":true,"href":"https:\/\/www.midvalleystem.org\/es\/wp-json\/wp\/v2\/users\/2"}],"replies":[{"embeddable":true,"href":"https:\/\/www.midvalleystem.org\/es\/wp-json\/wp\/v2\/comments?post=908"}],"version-history":[{"count":3,"href":"https:\/\/www.midvalleystem.org\/es\/wp-json\/wp\/v2\/pages\/908\/revisions"}],"predecessor-version":[{"id":7785,"href":"https:\/\/www.midvalleystem.org\/es\/wp-json\/wp\/v2\/pages\/908\/revisions\/7785"}],"wp:attachment":[{"href":"https:\/\/www.midvalleystem.org\/es\/wp-json\/wp\/v2\/media?parent=908"}],"curies":[{"name":"wp","href":"https:\/\/api.w.org\/{rel}","templated":true}]}}